{"id":2680,"date":"2025-08-18T18:36:34","date_gmt":"2025-08-18T21:36:34","guid":{"rendered":"https:\/\/wp.ufpel.edu.br\/direito\/?page_id=2680"},"modified":"2026-03-18T11:52:09","modified_gmt":"2026-03-18T14:52:09","slug":"revista","status":"publish","type":"page","link":"https:\/\/wp.ufpel.edu.br\/direito\/revista\/","title":{"rendered":"Revista"},"content":{"rendered":"<p class=\"western\" align=\"justify\"><span style=\"font-size: medium;\">O Curso de Direito conta com um peri\u00f3dico que publica pesquisas jur\u00eddicas, a <\/span><span style=\"font-size: medium;\"><i>Revista Eletr\u00f4nica da Faculdade de Direito de Pelotas &#8211; RFDP<\/i><\/span><span style=\"font-size: medium;\"> (e-ISSN 2448-3303). <\/span><span style=\"font-size: medium;\"><b>A revista \u00e9 prestigiada e atualmente possui <\/b><\/span><span style=\"font-size: medium;\"><i><b>Qualis A3<\/b><\/i><\/span><span style=\"font-size: medium;\">.<\/span><\/p>\n<p class=\"western\" align=\"justify\"><span style=\"font-size: medium;\">As origens da Revista Eletr\u00f4nica da Faculdade de Direito de Pelotas podem ser encontradas no ano de 1956. Nesse ano, foi publicado o primeiro n\u00famero da Revista da Faculdade de Direito da Pelotas que, desde seus primeiros momentos, serviu para a veicula\u00e7\u00e3o de ideias de alguns dos juristas de maior relevo da hist\u00f3ria do Rio Grande do Sul e do Brasil. Essa Revista da Faculdade de Direito de Pelotas passou por diversas mudan\u00e7as, assim como a pr\u00f3pria Faculdade de Direito. Nesse trajeto, a Revista teve tr\u00eas nomes \u2013 Revista da Faculdade de Direito de Pelotas, Revista da Faculdade de Direito (UFPel), at\u00e9 chegar ao atual, Revista Eletr\u00f4nica da Faculdade de Direito de Pelotas, para se ajustar aos novos tempos. Durante o per\u00edodo, tamb\u00e9m, foram seus editores e autores diversos professores e alunos de grande destaque da Faculdade de Direito, fazendo dela um retrato das ideias e pensamentos que se desenvolviam na academia jur\u00eddica do Rio Grande do Sul.<\/span><\/p>\n<p class=\"western\" align=\"justify\"><span style=\"font-size: medium;\">A partir de 2015, a revista passou a ser publicada apenas de forma <\/span><span style=\"font-size: medium;\"><i>on-line<\/i><\/span><span style=\"font-size: medium;\">. Em tal data, foi criada uma nova s\u00e9rie, com o rein\u00edcio de sua numera\u00e7\u00e3o. A partir de ent\u00e3o, a revista adotou para as suas publica\u00e7\u00f5es o sistema virtual SEER, a tradu\u00e7\u00e3o brasileira do sistema de editora\u00e7\u00e3o de revistas mais utilizado no mundo, o Open Jornal System (OJS). Com o sistema, os n\u00fameros da antiga s\u00e9rie da revista ser\u00e3o digitalizados. Essa mudan\u00e7a possibilitou implantar sistemas de avalia\u00e7\u00e3o cega e demais requisitos sugeridos para que a produ\u00e7\u00e3o intelectual circule de forma isenta e aberta, venha ela de Pelotas, do Rio Grande do Sul, do Brasil ou de outros lugares do mundo.<\/span><\/p>\n<p align=\"justify\">Endere\u00e7o virtual: <a href=\"https:\/\/periodicos.ufpel.edu.br\/index.php\/revistadireito\">Revista Eletr\u00f4nica da Faculdade de Direito de Pelotas<\/a><\/p>\n","protected":false},"excerpt":{"rendered":"<p>O Curso de Direito conta com um peri\u00f3dico que publica pesquisas jur\u00eddicas, a Revista Eletr\u00f4nica da Faculdade de Direito de Pelotas &#8211; RFDP (e-ISSN 2448-3303). A revista \u00e9 prestigiada e atualmente possui Qualis A3. As origens da Revista Eletr\u00f4nica da Faculdade de Direito de Pelotas podem ser encontradas no ano de 1956. Nesse ano, foi [&hellip;]<\/p>\n","protected":false},"author":97,"featured_media":0,"parent":0,"menu_order":7,"comment_status":"closed","ping_status":"closed","template":"","meta":{"footnotes":""},"class_list":["post-2680","page","type-page","status-publish","hentry"],"publishpress_future_action":{"enabled":false,"date":"2026-04-22 14:11:17","action":"change-status","newStatus":"draft","terms":[],"taxonomy":"","extraData":[]},"publishpress_future_workflow_manual_trigger":{"enabledWorkflows":[]},"_links":{"self":[{"href":"https:\/\/wp.ufpel.edu.br\/direito\/wp-json\/wp\/v2\/pages\/2680","targetHints":{"allow":["GET"]}}],"collection":[{"href":"https:\/\/wp.ufpel.edu.br\/direito\/wp-json\/wp\/v2\/pages"}],"about":[{"href":"https:\/\/wp.ufpel.edu.br\/direito\/wp-json\/wp\/v2\/types\/page"}],"author":[{"embeddable":true,"href":"https:\/\/wp.ufpel.edu.br\/direito\/wp-json\/wp\/v2\/users\/97"}],"replies":[{"embeddable":true,"href":"https:\/\/wp.ufpel.edu.br\/direito\/wp-json\/wp\/v2\/comments?post=2680"}],"version-history":[{"count":1,"href":"https:\/\/wp.ufpel.edu.br\/direito\/wp-json\/wp\/v2\/pages\/2680\/revisions"}],"predecessor-version":[{"id":2682,"href":"https:\/\/wp.ufpel.edu.br\/direito\/wp-json\/wp\/v2\/pages\/2680\/revisions\/2682"}],"wp:attachment":[{"href":"https:\/\/wp.ufpel.edu.br\/direito\/wp-json\/wp\/v2\/media?parent=2680"}],"curies":[{"name":"wp","href":"https:\/\/api.w.org\/{rel}","templated":true}]}}