{"id":2622,"date":"2025-08-18T13:12:44","date_gmt":"2025-08-18T16:12:44","guid":{"rendered":"https:\/\/wp.ufpel.edu.br\/direito\/?page_id=2622"},"modified":"2026-02-10T16:13:08","modified_gmt":"2026-02-10T19:13:08","slug":"nde","status":"publish","type":"page","link":"https:\/\/wp.ufpel.edu.br\/direito\/graduacao-direito\/nde\/","title":{"rendered":"N\u00facleo Docente Estruturante (NDE)"},"content":{"rendered":"<p>O N\u00facleo Docente Estruturante (NDE) da Faculdade de Direito \u00e9 o \u00f3rg\u00e3o de car\u00e1ter consultivo, propositivo e de assessoria em mat\u00e9ria acad\u00eamica, regido pela Resolu\u00e7\u00e3o COCEPE n\u00ba 22\/2018 da UFPel e em conson\u00e2ncia com a Resolu\u00e7\u00e3o CONAES n\u00ba 01\/2010. Sua fun\u00e7\u00e3o primordial \u00e9 acompanhar e avaliar o Curso, sendo correspons\u00e1vel pela elabora\u00e7\u00e3o, implementa\u00e7\u00e3o, atualiza\u00e7\u00e3o e consolida\u00e7\u00e3o do Projeto Pedag\u00f3gico do Curso (PPC), visando \u00e0 sua cont\u00ednua promo\u00e7\u00e3o de qualidade e adequa\u00e7\u00e3o \u00e0s necessidades educacionais.<\/p>\n<p>Conforme o Art. 3\u00ba da Resolu\u00e7\u00e3o COCEPE n\u00ba 22\/2018, o NDE \u00e9 constitu\u00eddo por um m\u00ednimo de 5 (cinco) professores pertencentes ao Curso, sendo presidido pelo Coordenador(a) do Colegiado de Curso. O mandato dos membros \u00e9 de 3 (tr\u00eas) anos, com possibilidade de recondu\u00e7\u00e3o, e a estrat\u00e9gia de renova\u00e7\u00e3o parcial dos integrantes \u00e9 assegurada para manter a continuidade do processo de acompanhamento, avalia\u00e7\u00e3o e atualiza\u00e7\u00e3o do curso e de seu PPC.<\/p>\n<p><span style=\"text-decoration: underline;\"><strong>Membros Atuais (Portaria 11, de 18 de setembro de 2025):<\/strong><\/span><\/p>\n<ul>\n<li>Presidente: Prof\u00aa. Dr\u00aa. Marta Marques \u00c1vila<\/li>\n<li>Prof\u00aa. Dr\u00aa. Ana Carolina Machado Ratkiewicz<\/li>\n<li>Prof\u00aa. Dr\u00aa. Ana Clara Corr\u00eaa Henning<\/li>\n<li>Prof\u00aa. Dr\u00aa. Ana Claudia Vinholes Silveira Lucas<\/li>\n<li>Prof. Dr. Felipe Lazzari da Silveira<\/li>\n<li>Prof. Dr. Guilherme Camargo Massa\u00fa<\/li>\n<li>Prof\u00aa. Dr\u00aa. Jane Gombar<\/li>\n<li>Prof. Dr. Jo\u00e3o Pedro Seefeldt Pessoa<\/li>\n<li>Prof. Marcelo Amaral Bezerra<\/li>\n<li>Prof. Dr. Marcelo Nunes Apolin\u00e1rio<\/li>\n<\/ul>\n","protected":false},"excerpt":{"rendered":"<p>O N\u00facleo Docente Estruturante (NDE) da Faculdade de Direito \u00e9 o \u00f3rg\u00e3o de car\u00e1ter consultivo, propositivo e de assessoria em mat\u00e9ria acad\u00eamica, regido pela Resolu\u00e7\u00e3o COCEPE n\u00ba 22\/2018 da UFPel e em conson\u00e2ncia com a Resolu\u00e7\u00e3o CONAES n\u00ba 01\/2010. Sua fun\u00e7\u00e3o primordial \u00e9 acompanhar e avaliar o Curso, sendo correspons\u00e1vel pela elabora\u00e7\u00e3o, implementa\u00e7\u00e3o, atualiza\u00e7\u00e3o e [&hellip;]<\/p>\n","protected":false},"author":97,"featured_media":0,"parent":2613,"menu_order":8,"comment_status":"closed","ping_status":"closed","template":"","meta":{"footnotes":""},"class_list":["post-2622","page","type-page","status-publish","hentry"],"publishpress_future_action":{"enabled":false,"date":"2026-04-12 00:06:12","action":"change-status","newStatus":"draft","terms":[],"taxonomy":"","extraData":[]},"publishpress_future_workflow_manual_trigger":{"enabledWorkflows":[]},"_links":{"self":[{"href":"https:\/\/wp.ufpel.edu.br\/direito\/wp-json\/wp\/v2\/pages\/2622","targetHints":{"allow":["GET"]}}],"collection":[{"href":"https:\/\/wp.ufpel.edu.br\/direito\/wp-json\/wp\/v2\/pages"}],"about":[{"href":"https:\/\/wp.ufpel.edu.br\/direito\/wp-json\/wp\/v2\/types\/page"}],"author":[{"embeddable":true,"href":"https:\/\/wp.ufpel.edu.br\/direito\/wp-json\/wp\/v2\/users\/97"}],"replies":[{"embeddable":true,"href":"https:\/\/wp.ufpel.edu.br\/direito\/wp-json\/wp\/v2\/comments?post=2622"}],"version-history":[{"count":4,"href":"https:\/\/wp.ufpel.edu.br\/direito\/wp-json\/wp\/v2\/pages\/2622\/revisions"}],"predecessor-version":[{"id":2860,"href":"https:\/\/wp.ufpel.edu.br\/direito\/wp-json\/wp\/v2\/pages\/2622\/revisions\/2860"}],"up":[{"embeddable":true,"href":"https:\/\/wp.ufpel.edu.br\/direito\/wp-json\/wp\/v2\/pages\/2613"}],"wp:attachment":[{"href":"https:\/\/wp.ufpel.edu.br\/direito\/wp-json\/wp\/v2\/media?parent=2622"}],"curies":[{"name":"wp","href":"https:\/\/api.w.org\/{rel}","templated":true}]}}