{"id":2613,"date":"2025-08-18T13:05:11","date_gmt":"2025-08-18T16:05:11","guid":{"rendered":"https:\/\/wp.ufpel.edu.br\/direito\/?page_id=2613"},"modified":"2026-02-10T20:57:38","modified_gmt":"2026-02-10T23:57:38","slug":"graduacao-direito","status":"publish","type":"page","link":"https:\/\/wp.ufpel.edu.br\/direito\/graduacao-direito\/","title":{"rendered":"Gradua\u00e7\u00e3o"},"content":{"rendered":"<p>O Curso de Gradua\u00e7\u00e3o em Direito da UFPel, com mais de um s\u00e9culo de hist\u00f3ria, \u00e9 reconhecido por sua tradi\u00e7\u00e3o e qualidade. Fundado em 12 de setembro de 1912, o curso tem sido um pilar na forma\u00e7\u00e3o de juristas de destaque no cen\u00e1rio nacional e internacional, incluindo as primeiras mulheres juristas do Rio Grande do Sul em 1936. Atualmente, possui o selo de recomenda\u00e7\u00e3o da Ordem dos Advogados do Brasil, o que atesta seu compromisso com a forma\u00e7\u00e3o de alto n\u00edvel.<\/p>\n<p>&nbsp;<\/p>\n","protected":false},"excerpt":{"rendered":"<p>O Curso de Gradua\u00e7\u00e3o em Direito da UFPel, com mais de um s\u00e9culo de hist\u00f3ria, \u00e9 reconhecido por sua tradi\u00e7\u00e3o e qualidade. Fundado em 12 de setembro de 1912, o curso tem sido um pilar na forma\u00e7\u00e3o de juristas de destaque no cen\u00e1rio nacional e internacional, incluindo as primeiras mulheres juristas do Rio Grande do [&hellip;]<\/p>\n","protected":false},"author":97,"featured_media":0,"parent":0,"menu_order":2,"comment_status":"closed","ping_status":"closed","template":"","meta":{"footnotes":""},"class_list":["post-2613","page","type-page","status-publish","hentry"],"publishpress_future_action":{"enabled":false,"date":"2026-05-14 08:04:18","action":"change-status","newStatus":"draft","terms":[],"taxonomy":"","extraData":[]},"publishpress_future_workflow_manual_trigger":{"enabledWorkflows":[]},"_links":{"self":[{"href":"https:\/\/wp.ufpel.edu.br\/direito\/wp-json\/wp\/v2\/pages\/2613","targetHints":{"allow":["GET"]}}],"collection":[{"href":"https:\/\/wp.ufpel.edu.br\/direito\/wp-json\/wp\/v2\/pages"}],"about":[{"href":"https:\/\/wp.ufpel.edu.br\/direito\/wp-json\/wp\/v2\/types\/page"}],"author":[{"embeddable":true,"href":"https:\/\/wp.ufpel.edu.br\/direito\/wp-json\/wp\/v2\/users\/97"}],"replies":[{"embeddable":true,"href":"https:\/\/wp.ufpel.edu.br\/direito\/wp-json\/wp\/v2\/comments?post=2613"}],"version-history":[{"count":3,"href":"https:\/\/wp.ufpel.edu.br\/direito\/wp-json\/wp\/v2\/pages\/2613\/revisions"}],"predecessor-version":[{"id":2911,"href":"https:\/\/wp.ufpel.edu.br\/direito\/wp-json\/wp\/v2\/pages\/2613\/revisions\/2911"}],"wp:attachment":[{"href":"https:\/\/wp.ufpel.edu.br\/direito\/wp-json\/wp\/v2\/media?parent=2613"}],"curies":[{"name":"wp","href":"https:\/\/api.w.org\/{rel}","templated":true}]}}