{"id":255,"date":"2011-04-14T10:47:43","date_gmt":"2011-04-14T13:47:43","guid":{"rendered":"https:\/\/wp.ufpel.edu.br\/direito\/"},"modified":"2011-05-23T17:47:44","modified_gmt":"2011-05-23T20:47:44","slug":"metodologia-da-pesquisa-juridica","status":"publish","type":"page","link":"https:\/\/wp.ufpel.edu.br\/direito\/faculdade\/organizacao\/departamentos\/terceiro-departamento\/metodologia-da-pesquisa-juridica\/","title":{"rendered":"Metodologia da Pesquisa Jur\u00eddica"},"content":{"rendered":"<p style=\"text-align: justify\">METODOLOGIA DA PESQUISA JUR\u00cdDICA:\u00a0O trabalho cient\u00edfico. O m\u00e9todo cient\u00edfico. Requisitos. O plano de trabalho. A utiliza\u00e7\u00e3o da bibliografia. A experimenta\u00e7\u00e3o.<\/p>\n<p>Para acessar a disciplina <em> <\/em><a href=\"http:\/\/avainstitucional.ufpel.edu.br\/login\/index.php\">clique aqui.<\/a><\/p>\n","protected":false},"excerpt":{"rendered":"<p>METODOLOGIA DA PESQUISA JUR\u00cdDICA:\u00a0O trabalho cient\u00edfico. O m\u00e9todo cient\u00edfico. Requisitos. O plano de trabalho. A utiliza\u00e7\u00e3o da bibliografia. A experimenta\u00e7\u00e3o. Para acessar a disciplina clique aqui.<\/p>\n","protected":false},"author":97,"featured_media":0,"parent":81,"menu_order":18,"comment_status":"closed","ping_status":"open","template":"","meta":{"footnotes":""},"class_list":["post-255","page","type-page","status-publish","hentry"],"publishpress_future_action":{"enabled":false,"date":"2026-04-13 18:13:30","action":"change-status","newStatus":"draft","terms":[],"taxonomy":"","extraData":[]},"publishpress_future_workflow_manual_trigger":{"enabledWorkflows":[]},"_links":{"self":[{"href":"https:\/\/wp.ufpel.edu.br\/direito\/wp-json\/wp\/v2\/pages\/255","targetHints":{"allow":["GET"]}}],"collection":[{"href":"https:\/\/wp.ufpel.edu.br\/direito\/wp-json\/wp\/v2\/pages"}],"about":[{"href":"https:\/\/wp.ufpel.edu.br\/direito\/wp-json\/wp\/v2\/types\/page"}],"author":[{"embeddable":true,"href":"https:\/\/wp.ufpel.edu.br\/direito\/wp-json\/wp\/v2\/users\/97"}],"replies":[{"embeddable":true,"href":"https:\/\/wp.ufpel.edu.br\/direito\/wp-json\/wp\/v2\/comments?post=255"}],"version-history":[{"count":5,"href":"https:\/\/wp.ufpel.edu.br\/direito\/wp-json\/wp\/v2\/pages\/255\/revisions"}],"predecessor-version":[{"id":489,"href":"https:\/\/wp.ufpel.edu.br\/direito\/wp-json\/wp\/v2\/pages\/255\/revisions\/489"}],"up":[{"embeddable":true,"href":"https:\/\/wp.ufpel.edu.br\/direito\/wp-json\/wp\/v2\/pages\/81"}],"wp:attachment":[{"href":"https:\/\/wp.ufpel.edu.br\/direito\/wp-json\/wp\/v2\/media?parent=255"}],"curies":[{"name":"wp","href":"https:\/\/api.w.org\/{rel}","templated":true}]}}