{"id":253,"date":"2011-04-14T10:47:04","date_gmt":"2011-04-14T13:47:04","guid":{"rendered":"https:\/\/wp.ufpel.edu.br\/direito\/"},"modified":"2011-05-23T17:05:56","modified_gmt":"2011-05-23T20:05:56","slug":"introducao-ao-direito","status":"publish","type":"page","link":"https:\/\/wp.ufpel.edu.br\/direito\/faculdade\/organizacao\/departamentos\/terceiro-departamento\/introducao-ao-direito\/","title":{"rendered":"Introdu\u00e7\u00e3o ao Direito"},"content":{"rendered":"<p style=\"text-align: justify\"><strong>INTRODU\u00c7\u00c3O AO DIREITO<\/strong><strong>: <\/strong>O Fen\u00f4meno Jur\u00eddico. A Ci\u00eancia do Direito. O conceito de Norma. O Direito e as demais Ordens Normativas. As acep\u00e7\u00f5es do termo Direito. As Fontes do Direito. O Direito e o Estado. Os ramos do conhecimento jur\u00eddico. A Norma Jur\u00eddica. O Fato Jur\u00eddico. A Rela\u00e7\u00e3o Jur\u00eddica. O Direito Subjetivo. O Dever Jur\u00eddico. Os sujeitos de Direito. A San\u00e7\u00e3o Jur\u00eddica. O Ordenamento Jur\u00eddico. A T\u00e9cnica Jur\u00eddica.<\/p>\n","protected":false},"excerpt":{"rendered":"<p>INTRODU\u00c7\u00c3O AO DIREITO: O Fen\u00f4meno Jur\u00eddico. A Ci\u00eancia do Direito. O conceito de Norma. O Direito e as demais Ordens Normativas. As acep\u00e7\u00f5es do termo Direito. As Fontes do Direito. O Direito e o Estado. Os ramos do conhecimento jur\u00eddico. A Norma Jur\u00eddica. O Fato Jur\u00eddico. A Rela\u00e7\u00e3o Jur\u00eddica. O Direito Subjetivo. O Dever Jur\u00eddico. [&hellip;]<\/p>\n","protected":false},"author":97,"featured_media":0,"parent":81,"menu_order":17,"comment_status":"closed","ping_status":"open","template":"","meta":{"footnotes":""},"class_list":["post-253","page","type-page","status-publish","hentry"],"publishpress_future_action":{"enabled":false,"date":"2026-04-13 16:48:13","action":"change-status","newStatus":"draft","terms":[],"taxonomy":"","extraData":[]},"publishpress_future_workflow_manual_trigger":{"enabledWorkflows":[]},"_links":{"self":[{"href":"https:\/\/wp.ufpel.edu.br\/direito\/wp-json\/wp\/v2\/pages\/253","targetHints":{"allow":["GET"]}}],"collection":[{"href":"https:\/\/wp.ufpel.edu.br\/direito\/wp-json\/wp\/v2\/pages"}],"about":[{"href":"https:\/\/wp.ufpel.edu.br\/direito\/wp-json\/wp\/v2\/types\/page"}],"author":[{"embeddable":true,"href":"https:\/\/wp.ufpel.edu.br\/direito\/wp-json\/wp\/v2\/users\/97"}],"replies":[{"embeddable":true,"href":"https:\/\/wp.ufpel.edu.br\/direito\/wp-json\/wp\/v2\/comments?post=253"}],"version-history":[{"count":2,"href":"https:\/\/wp.ufpel.edu.br\/direito\/wp-json\/wp\/v2\/pages\/253\/revisions"}],"predecessor-version":[{"id":471,"href":"https:\/\/wp.ufpel.edu.br\/direito\/wp-json\/wp\/v2\/pages\/253\/revisions\/471"}],"up":[{"embeddable":true,"href":"https:\/\/wp.ufpel.edu.br\/direito\/wp-json\/wp\/v2\/pages\/81"}],"wp:attachment":[{"href":"https:\/\/wp.ufpel.edu.br\/direito\/wp-json\/wp\/v2\/media?parent=253"}],"curies":[{"name":"wp","href":"https:\/\/api.w.org\/{rel}","templated":true}]}}