{"id":2396,"date":"2024-04-17T13:58:44","date_gmt":"2024-04-17T16:58:44","guid":{"rendered":"https:\/\/wp.ufpel.edu.br\/direito\/?page_id=2396"},"modified":"2026-03-18T11:55:23","modified_gmt":"2026-03-18T14:55:23","slug":"observatorio-servicos-publicos","status":"publish","type":"page","link":"https:\/\/wp.ufpel.edu.br\/direito\/epex\/observatorio-servicos-publicos\/","title":{"rendered":"Observat\u00f3rio dos Servi\u00e7os P\u00fablicos na Jurisprud\u00eancia do STF"},"content":{"rendered":"<div id=\"pl-2396\" class=\"panel-layout\">\n<div id=\"pg-2396-0\" class=\"panel-grid panel-no-style\" data-style=\"{&quot;background_image_attachment&quot;:false,&quot;background_display&quot;:&quot;tile&quot;,&quot;background_image_size&quot;:&quot;full&quot;,&quot;background_image_opacity&quot;:&quot;100&quot;,&quot;border_thickness&quot;:&quot;1px&quot;,&quot;full_height&quot;:&quot;&quot;,&quot;cell_alignment&quot;:&quot;flex-start&quot;}\">\n<h1 class=\"so-panel widget widget_sow-image panel-first-child\" data-index=\"0\" data-style=\"{&quot;background_image_attachment&quot;:false,&quot;background_display&quot;:&quot;tile&quot;,&quot;background_image_size&quot;:&quot;full&quot;,&quot;background_image_opacity&quot;:&quot;100&quot;,&quot;border_thickness&quot;:&quot;1px&quot;}\"><span style=\"font-size: 18px;\">INFORMA\u00c7\u00d5ES GERAIS SOBRE O PROJETO<\/span><\/h1>\n<div id=\"pgc-2396-0-0\" class=\"panel-grid-cell\" data-weight=\"1\">\n<div id=\"panel-2396-0-0-1\" class=\"so-panel widget widget_text panel-last-child\" data-index=\"1\" data-style=\"{&quot;background_image_attachment&quot;:false,&quot;background_display&quot;:&quot;tile&quot;,&quot;background_image_size&quot;:&quot;full&quot;,&quot;background_image_opacity&quot;:&quot;100&quot;,&quot;border_thickness&quot;:&quot;1px&quot;}\">\n<div class=\"textwidget\">\n<p align=\"justify\">O projeto de pesquisa \u201c<em>Servi\u00e7os p\u00fablicos na Constitui\u00e7\u00e3o de 1988 conforme a jurisprud\u00eancia do Supremo Tribunal Federal<\/em>\u201d, criado no ano de 2017, \u00e9 conduzido no \u00e2mbito do Terceiro Departamento da Faculdade de Direito da UFPEL (\u00e1rea de Direito do Estado) pelo Professor Itiber\u00ea de Oliveira Castellano Rodrigues.<\/p>\n<p align=\"justify\">O grupo de pesquisa \u00e9 formado pelo professor respons\u00e1vel e por alunos do Curso de Gradua\u00e7\u00e3o em Direito da UFPEL, com reuni\u00f5es presenciais peri\u00f3dicas semanais e atividades permanentes de pesquisa durante os per\u00edodos letivos.<\/p>\n<p align=\"justify\">O projeto tem por objetivo geral a coleta no site oficial do Supremo Tribunal Federal e a sele\u00e7\u00e3o cr\u00edtica de todos os julgados j\u00e1 publicados pelo Tribunal que digam respeito com o tema \u201cservi\u00e7os p\u00fablicos na Constitui\u00e7\u00e3o Federal de 1988\u201d bem como o acompanhamento da publica\u00e7\u00e3o dos novos julgados, com a atualiza\u00e7\u00e3o permanente dessa jurisprud\u00eancia. O grupo tamb\u00e9m acompanha e seleciona, desde 2020, as \u201cNot\u00edcias\u201d e \u201cInformativos\u201d do STF que digam respeito com o tema \u201cservi\u00e7os p\u00fablicos\u201d.<\/p>\n<p align=\"justify\">Os julgados e not\u00edcias selecionados est\u00e3o disponibilizados neste Observat\u00f3rio dos Servi\u00e7os P\u00fablicos. Como no decorrer do tempo foram sendo feitas pesquisas com base em diferentes termos de busca e em diferentes bases de busca, foram tamb\u00e9m constru\u00eddos diferentes tipos de bancos de dados, conforme os termos de busca espec\u00edficos. Assim, h\u00e1 arquivos em ordem cronol\u00f3gica (baseados no termo de busca \u201cservi\u00e7os p\u00fablicos\u201d) e arquivos tem\u00e1ticos (por exemplo, \u201csa\u00fade\u201d, \u201ceduca\u00e7\u00e3o\u201d, \u201censino\u201d), portanto arquivos fragmentados. N\u00e3o h\u00e1 um arquivo \u00fanico e central contendo todos os julgados selecionados e que re\u00fanam conjuntamente todas as bases e termos de busca.<\/p>\n<p align=\"justify\">Os bancos de dados do Observat\u00f3rio dos Servi\u00e7os P\u00fablicos s\u00e3o de uso p\u00fablico e destinam-se a colaborar com os pesquisadores em geral (estudantes, docentes, investigadores etc.) que desenvolvam atividades na \u00e1rea dos servi\u00e7os p\u00fablicos. Solicita-se a indica\u00e7\u00e3o da fonte, quando usados em pesquisas e publica\u00e7\u00f5es.<\/p>\n<p align=\"justify\">O projeto \u00e9 desenvolvido sem uso ou disp\u00eandio de quaisquer recursos financeiros espec\u00edficos, p\u00fablicos ou privados (por exemplo, bolsas de pesquisa, bolsas de estudo, financiamentos de qualquer esp\u00e9cie etc.); o trabalho dos alunos integrantes do grupo \u00e9 inteiramente volunt\u00e1rio e exclusivamente computado como horas em atividades de pesquisa universit\u00e1ria no \u00e2mbito do presente projeto.<\/p>\n<hr \/>\n<h1 align=\"justify\"><span style=\"font-size: 14pt;\">JULGADOS<\/span><\/h1>\n<\/div>\n<\/div>\n<\/div>\n<\/div>\n<div id=\"pg-2396-1\" class=\"panel-grid panel-no-style\" data-style=\"{&quot;background_image_attachment&quot;:false,&quot;background_display&quot;:&quot;tile&quot;,&quot;background_image_size&quot;:&quot;full&quot;,&quot;background_image_opacity&quot;:&quot;100&quot;,&quot;border_thickness&quot;:&quot;1px&quot;,&quot;full_height&quot;:&quot;&quot;,&quot;cell_alignment&quot;:&quot;flex-start&quot;}\">\n<div id=\"pgc-2396-1-0\" class=\"panel-grid-cell\" data-weight=\"1\">\n<div id=\"panel-2396-1-0-0\" class=\"so-panel widget widget_siteorigin-panels-builder panel-first-child panel-last-child\" data-index=\"2\" data-style=\"{&quot;background_image_attachment&quot;:false,&quot;background_display&quot;:&quot;tile&quot;,&quot;background_image_size&quot;:&quot;full&quot;,&quot;background_image_opacity&quot;:&quot;100&quot;,&quot;border_thickness&quot;:&quot;1px&quot;}\">\n<div id=\"pl-w694f0ee2986db\" class=\"panel-layout\">\n<div id=\"pg-w694f0ee2986db-1\" class=\"panel-grid panel-no-style\" data-style=\"{&quot;background_image_attachment&quot;:false,&quot;background_display&quot;:&quot;tile&quot;,&quot;background_image_size&quot;:&quot;full&quot;,&quot;background_image_opacity&quot;:&quot;100&quot;,&quot;border_thickness&quot;:&quot;1px&quot;,&quot;full_height&quot;:&quot;&quot;,&quot;cell_alignment&quot;:&quot;flex-start&quot;}\">\n<div id=\"pgc-w694f0ee2986db-1-0\" class=\"panel-grid-cell\" data-weight=\"0.2\">\n<div id=\"panel-w694f0ee2986db-1-0-0\" class=\"so-panel widget widget_text panel-first-child\" data-index=\"1\" data-style=\"{&quot;background_image_attachment&quot;:false,&quot;background_display&quot;:&quot;tile&quot;,&quot;background_image_size&quot;:&quot;full&quot;,&quot;background_image_opacity&quot;:&quot;100&quot;,&quot;border_thickness&quot;:&quot;1px&quot;}\">\n<div class=\"textwidget\">\n<p style=\"text-align: left;\" align=\"center\"><a href=\"https:\/\/wp.ufpel.edu.br\/direito\/files\/2024\/04\/1-STF-SERVIC\u0327OS-PU\u0301BLICOS-ANOS-1988-2019.pdf\"><span style=\"font-size: 12pt;\">Servi\u00e7os P\u00fablicos (<\/span><span style=\"font-size: 12pt;\">1988-2019)<\/span><\/a><\/p>\n<p style=\"text-align: left;\" align=\"center\"><a href=\"https:\/\/wp.ufpel.edu.br\/direito\/files\/2024\/10\/1-ANO-2024-2021-SERVICOS-PUBLICOS.pdf\"><span style=\"font-size: 12pt;\">Servi\u00e7os P\u00fablicos (<\/span><span style=\"font-size: 12pt; text-align: justify;\">2019-2024)<\/span><\/a><\/p>\n<\/div>\n<\/div>\n<\/div>\n<p id=\"pgc-w694f0ee2986db-1-1\" class=\"panel-grid-cell\" style=\"text-align: left;\" data-weight=\"0.2\"><a href=\"https:\/\/wp.ufpel.edu.br\/direito\/files\/2025\/12\/SAU\u0301DE-2025-1988.docx\"><span style=\"font-size: 12pt;\">Sa\u00fade<\/span><\/a><\/p>\n<div id=\"panel-w694f0ee2986db-1-1-0\" class=\"so-panel widget widget_text panel-first-child\" data-index=\"3\" data-style=\"{&quot;background_image_attachment&quot;:false,&quot;background_display&quot;:&quot;tile&quot;,&quot;background_image_size&quot;:&quot;full&quot;,&quot;background_image_opacity&quot;:&quot;100&quot;,&quot;border_thickness&quot;:&quot;1px&quot;}\">\n<div class=\"textwidget\">\n<p align=\"center\"><a href=\"https:\/\/wp.ufpel.edu.br\/direito\/files\/2025\/12\/EDUCAC\u0327A\u0303O-2025-1988.docx\"><span style=\"font-size: 12pt; text-align: left;\">Educa\u00e7\u00e3o<\/span><\/a><\/p>\n<p align=\"center\"><a href=\"https:\/\/wp.ufpel.edu.br\/direito\/files\/2025\/12\/ENSINO-2025-1988.docx\"><span style=\"font-size: 12pt; text-align: left;\">Ensino<\/span><\/a><\/p>\n<p align=\"center\"><a href=\"https:\/\/wp.ufpel.edu.br\/direito\/files\/2025\/12\/SANEAMENTO-BA\u0301SICO-2025-1988.docx\"><span style=\"font-size: 12pt; text-align: left;\">Saneamento B\u00e1sico<\/span><\/a><\/p>\n<p align=\"center\"><a href=\"https:\/\/wp.ufpel.edu.br\/direito\/files\/2024\/11\/0-SEGURANCA-PUBLICA.docx\"><span style=\"font-size: 12pt; text-align: left;\">Seguran\u00e7a P\u00fablica<\/span><\/a><\/p>\n<p align=\"center\"><a href=\"https:\/\/wp.ufpel.edu.br\/direito\/files\/2025\/07\/00-ENERGIA-ELETRICA-2025-1988.docx\"><span style=\"font-size: 12pt; text-align: left;\">Energia El\u00e9trica<\/span><\/a><\/p>\n<hr \/>\n<h1 style=\"text-align: left;\" align=\"center\"><span style=\"font-size: 14pt;\">NOT\u00cdCIAS<\/span><\/h1>\n<p align=\"center\"><a href=\"https:\/\/wp.ufpel.edu.br\/direito\/files\/2026\/01\/00-ANO-2025-Noticias-STF-e-Informativo-STF.docx\"><span style=\"font-size: 12pt; text-align: left;\">Not\u00edcias 2025<\/span><\/a><\/p>\n<p align=\"center\"><a href=\"https:\/\/wp.ufpel.edu.br\/direito\/files\/2025\/01\/1-ANO-2024-Noticias-STF-e-Informativo-STF.docx\"><span style=\"font-size: 12pt; text-align: left;\">Not\u00edcias 2024<\/span><\/a><\/p>\n<p align=\"center\"><a href=\"https:\/\/wp.ufpel.edu.br\/direito\/files\/2024\/06\/2-ANO-2023-Noti\u0301cias-STF.pdf\"><span style=\"font-size: 12pt; text-align: left;\">Not\u00edcias 2023<\/span><\/a><\/p>\n<p align=\"center\"><a href=\"https:\/\/wp.ufpel.edu.br\/direito\/files\/2024\/04\/3-Noti\u0301cias-STF-ANO-2022.pdf\"><span style=\"font-size: 12pt; text-align: left;\">Not\u00edcias 2022<\/span><\/a><\/p>\n<\/div>\n<\/div>\n<\/div>\n<\/div>\n<\/div>\n<\/div>\n<\/div>\n<div id=\"pg-2396-2\" class=\"panel-grid panel-no-style\" data-style=\"{&quot;background_image_attachment&quot;:false,&quot;background_display&quot;:&quot;tile&quot;,&quot;background_image_size&quot;:&quot;full&quot;,&quot;background_image_opacity&quot;:&quot;100&quot;,&quot;border_thickness&quot;:&quot;1px&quot;,&quot;full_height&quot;:&quot;&quot;,&quot;cell_alignment&quot;:&quot;flex-start&quot;}\">\n<div id=\"pgc-2396-2-0\" class=\"panel-grid-cell\" data-weight=\"1\">\n<div id=\"panel-2396-2-0-0\" class=\"so-panel widget widget_siteorigin-panels-builder panel-first-child panel-last-child\" data-index=\"3\" data-style=\"{&quot;background_image_attachment&quot;:false,&quot;background_display&quot;:&quot;tile&quot;,&quot;background_image_size&quot;:&quot;full&quot;,&quot;background_image_opacity&quot;:&quot;100&quot;,&quot;border_thickness&quot;:&quot;1px&quot;}\">\n<div id=\"pl-w696001b656952\" class=\"panel-layout\">\n<div id=\"pg-w696001b656952-2\" class=\"panel-grid panel-no-style\" data-style=\"{&quot;background_image_size&quot;:&quot;full&quot;,&quot;background_image_opacity&quot;:&quot;100&quot;,&quot;border_thickness&quot;:&quot;1px&quot;,&quot;full_height&quot;:&quot;&quot;,&quot;cell_alignment&quot;:&quot;flex-start&quot;}\">\n<div id=\"pgc-w696001b656952-2-1\" class=\"panel-grid-cell panel-grid-cell-mobile-last\" data-weight=\"0.33333333333333\">\n<div id=\"panel-w696001b656952-2-1-0\" class=\"so-panel widget widget_text panel-first-child\" data-index=\"9\" data-style=\"{&quot;background_image_attachment&quot;:false,&quot;background_display&quot;:&quot;tile&quot;,&quot;background_image_size&quot;:&quot;full&quot;,&quot;background_image_opacity&quot;:&quot;100&quot;,&quot;border_thickness&quot;:&quot;1px&quot;}\">\n<div class=\"textwidget\">\n<p style=\"text-align: left;\" align=\"center\"><a href=\"https:\/\/wp.ufpel.edu.br\/direito\/files\/2024\/06\/4-ANOS-2020-2021-Noti\u0301cias-STF.pdf\"><span style=\"font-size: 12pt;\">Not\u00edci<\/span>as 2020-2021<\/a><\/p>\n<\/div>\n<\/div>\n<\/div>\n<div id=\"pgc-w696001b656952-2-2\" class=\"panel-grid-cell panel-grid-cell-empty\" data-weight=\"0.33333333333333\">\n<hr \/>\n<\/div>\n<\/div>\n<\/div>\n<\/div>\n<\/div>\n<\/div>\n<div id=\"pg-2396-3\" class=\"panel-grid panel-no-style\" data-style=\"{&quot;background_image_attachment&quot;:false,&quot;background_display&quot;:&quot;tile&quot;,&quot;background_image_size&quot;:&quot;full&quot;,&quot;background_image_opacity&quot;:&quot;100&quot;,&quot;border_thickness&quot;:&quot;1px&quot;,&quot;full_height&quot;:&quot;&quot;,&quot;cell_alignment&quot;:&quot;flex-start&quot;}\">\n<div id=\"pgc-2396-3-0\" class=\"panel-grid-cell\" data-style=\"{&quot;background_image_attachment&quot;:false,&quot;background_display&quot;:&quot;tile&quot;,&quot;background_image_size&quot;:&quot;full&quot;,&quot;background_image_opacity&quot;:&quot;100&quot;,&quot;border_thickness&quot;:&quot;1px&quot;,&quot;vertical_alignment&quot;:&quot;auto&quot;}\" data-weight=\"1\">\n<div id=\"panel-2396-3-0-0\" class=\"so-panel widget widget_text panel-first-child panel-last-child\" data-index=\"4\" data-style=\"{&quot;background_image_attachment&quot;:false,&quot;background_display&quot;:&quot;tile&quot;,&quot;background_image_size&quot;:&quot;full&quot;,&quot;background_image_opacity&quot;:&quot;100&quot;,&quot;border_thickness&quot;:&quot;1px&quot;}\">\n<h1 class=\"widget-title\"><span style=\"font-size: 14pt;\">LINHAS B\u00c1SICAS DOS CRIT\u00c9RIOS DE PESQUISA \u2013 LIMITES MATERIAIS DA PESQUISA<\/span><\/h1>\n<div class=\"textwidget\">\n<p align=\"justify\">1. Os julgados foram prolatados sob o regime da Constitui\u00e7\u00e3o Federal de 1988, portanto com data de julgamento a partir de 05.10.1988, com pesquisa no site oficial do STF, t\u00f3pico \u201cjurisprud\u00eancia\u201d, busca por palavras-chave, na base \u201cac\u00f3rd\u00e3os\u201d; o que exclui a busca em decis\u00f5es monocr\u00e1ticas, Informativos e S\u00famulas; s\u00f3 eventualmente foram coletados julgados em outras fontes de pesquisa (p.ex., Conjur, Migalhas, obras doutrin\u00e1rias etc).<\/p>\n<p align=\"justify\">2. Uso de palavras-chave gen\u00e9ricas e individuais (\u201cservi\u00e7o p\u00fablico\u201d, \u201csa\u00fade\u201d, \u201ceduca\u00e7\u00e3o\u201d, \u201censino\u201d), mas que ainda assim muitas vezes n\u00e3o atingem certos julgados sobre servi\u00e7os p\u00fablicos (termos e palavras-chave do ac\u00f3rd\u00e3o s\u00e3o somente mais espec\u00edficos, p.ex., um julgado versando sobre fornecimento de energia el\u00e9trica n\u00e3o menciona o termo \u201cservi\u00e7o p\u00fablico\u201d).<\/p>\n<p align=\"justify\">3. Os julgados selecionados envolvem somente temas da rela\u00e7\u00e3o jur\u00eddica direta entre usu\u00e1rio do servi\u00e7o p\u00fablico e Poder P\u00fablico prestador (p.ex., compet\u00eancia para legisla\u00e7\u00e3o de reg\u00eancia dessa rela\u00e7\u00e3o e presta\u00e7\u00e3o in concreto de servi\u00e7os p\u00fablicos); n\u00e3o houve em princ\u00edpio sele\u00e7\u00e3o de ac\u00f3rd\u00e3os relativos \u00e0 organiza\u00e7\u00e3o interna do servi\u00e7o (p.ex., estrutura e organiza\u00e7\u00e3o administrativa, cria\u00e7\u00e3o e extin\u00e7\u00e3o de pessoas jur\u00eddicas prestadoras, \u00f3rg\u00e3os e cargos e fun\u00e7\u00f5es p\u00fablicas no \u00e2mbito dos servi\u00e7os p\u00fablicos; concursos, sele\u00e7\u00e3o e contrata\u00e7\u00e3o de servidores efetivos ou tempor\u00e1rios na \u00e1rea de servi\u00e7os p\u00fablicos; or\u00e7amento e financiamento dos custos do servi\u00e7o p\u00fablico; licita\u00e7\u00e3o e contrata\u00e7\u00e3o de delegados privados para o servi\u00e7o p\u00fablico etc.). Julgados em \u201c\u00e1reas cinzentas\u201d que envolvem servi\u00e7os p\u00fablicos com exerc\u00edcio concomitante de poder de pol\u00edcia foram selecionados com an\u00e1lise caso a caso, portanto de modo discricion\u00e1rio, n\u00e3o cobrindo a totalidade dos casos poss\u00edveis.<\/p>\n<p align=\"justify\">4. Julgados envolvendo prestadores privados pressup\u00f5em que tenham recebido outorga do Poder P\u00fablico para tanto (por exemplo, concession\u00e1rios, permission\u00e1rios, autorizados), indistintamente se servi\u00e7os p\u00fablicos propriamente ditos ou servi\u00e7os de utilidade p\u00fablica. \u201c\u00c1reas cinzentas\u201d, como servi\u00e7os de titularidade estatal mas prestados sob regime de direito privado (exemplo dos servi\u00e7os de telecomunica\u00e7\u00e3o digital, internet etc.) foram, em princ\u00edpio, coletados. Outorgas de uso privativo de bens p\u00fablicos para presta\u00e7\u00e3o de servi\u00e7os foram selecionadas caso a caso, portanto de modo discricion\u00e1rio, n\u00e3o cobrindo a totalidade dos casos poss\u00edveis.<\/p>\n<p align=\"justify\">5. As delega\u00e7\u00f5es envolvendo servi\u00e7os notariais e de registro (art. 236, CF 1988), dada sua vincula\u00e7\u00e3o ao Poder Judici\u00e1rio, e n\u00e3o ao Poder Executivo (ou \u00e0 Administra\u00e7\u00e3o P\u00fablica), e por serem caracterizadas muito mais como delega\u00e7\u00f5es de \u201cfun\u00e7\u00e3o p\u00fablica\u201d (do que delega\u00e7\u00e3o de servi\u00e7o p\u00fablico), n\u00e3o integram a pesquisa.<\/p>\n<p align=\"justify\">6. Na esfera dos chamados servi\u00e7os p\u00fablicos \u201cn\u00e3o privativos\u201d (previd\u00eancia social, assist\u00eancia social, sa\u00fade e educa\u00e7\u00e3o) est\u00e3o selecionados somente os julgados que envolvem o Poder P\u00fablico como prestador do servi\u00e7o; julgados envolvendo a rela\u00e7\u00e3o jur\u00eddica entre consumidores e pessoas privadas exploradoras desses servi\u00e7os n\u00e3o est\u00e3o selecionados (\u201cservi\u00e7os complementares\u201d, ou servi\u00e7os privados de previd\u00eancia social, servi\u00e7os privados de assist\u00eancia social, servi\u00e7os privados de sa\u00fade e servi\u00e7os privados de educa\u00e7\u00e3o).<\/p>\n<p align=\"justify\">7. Atividades econ\u00f4micas de titularidade estatal (por exemplo, monop\u00f3lios econ\u00f4micos ressalvados na Constitui\u00e7\u00e3o de 1988 \u2013 art. 173, caput, parte inicial, CF 1988) e atividades econ\u00f4micas exploradas pelo Estado em regime de concorr\u00eancia com a iniciativa privada (art. 173, caput, parte final, CF 1988) n\u00e3o integram a pesquisa.<\/p>\n<p align=\"justify\">8. Temas de car\u00e1ter predominantemente processual e de car\u00e1ter circunstancial em rela\u00e7\u00e3o ao m\u00e9rito da causa (i.e., direito material dos servi\u00e7os p\u00fablicos), como, por exemplo, suspens\u00f5es de medidas liminares e cautelares ou suspens\u00f5es de tutela antecipada, tamb\u00e9m n\u00e3o foram, em princ\u00edpio, objeto de coleta, salvo quando tragam conte\u00fados importantes (inclusive obter dicta) do direito material dos servi\u00e7os p\u00fablicos.<\/p>\n<hr \/>\n<\/div>\n<\/div>\n<\/div>\n<\/div>\n<div id=\"pg-2396-4\" class=\"panel-grid panel-no-style\">\n<div id=\"pgc-2396-4-0\" class=\"panel-grid-cell\" data-weight=\"1\">\n<div id=\"panel-2396-4-0-0\" class=\"so-panel widget widget_text panel-first-child panel-last-child\" data-index=\"5\" data-style=\"{&quot;background_image_attachment&quot;:false,&quot;background_display&quot;:&quot;tile&quot;,&quot;background_image_size&quot;:&quot;full&quot;,&quot;background_image_opacity&quot;:&quot;100&quot;,&quot;border_thickness&quot;:&quot;1px&quot;}\">\n<h1 class=\"widget-title\"><span style=\"font-size: 14pt;\">ALUNOS INTEGRANTES<\/span><\/h1>\n<p><strong>ALUNOS INTEGRANTES DO GRUPO DE PESQUISA \u2013 ANO 2025<\/strong><\/p>\n<p>B\u00e1rbara Neutzling Campos, Camilla Fernandes das Chagas, Cineas Rangel Peres, Helena Batistella Caldas.<\/p>\n<p><strong>EX-ALUNOS INTEGRANTES DO GRUPO DE PESQUISA \u2013 ANOS 2017 A 2024<\/strong><\/p>\n<p>Caetano Albuquerque Tavares, Bibiana Vasconcellos Freitas, Rafaela Peres Castanho, Fidel Perini Gon\u00e7alves, Dj\u00falia Carine Lechner, L\u00edvia Niemeyer Reissig, B\u00e1rbara Souza Krusser, Caroline de Oliveira Santos, Munir Saleh Silva, Nicolas Pereira da Silva Mauch, Jo\u00e3o Tavares Neto, J\u00falio Augusto Jesus Lopez, Hudson Brito Viana, Marcos Brenno Bezerra Batista.<\/p>\n<\/div>\n<\/div>\n<\/div>\n<\/div>\n","protected":false},"excerpt":{"rendered":"<p>INFORMA\u00c7\u00d5ES GERAIS SOBRE O PROJETO O projeto de pesquisa \u201cServi\u00e7os p\u00fablicos na Constitui\u00e7\u00e3o de 1988 conforme a jurisprud\u00eancia do Supremo Tribunal Federal\u201d, criado no ano de 2017, \u00e9 conduzido no \u00e2mbito do Terceiro Departamento da Faculdade de Direito da UFPEL (\u00e1rea de Direito do Estado) pelo Professor Itiber\u00ea de Oliveira Castellano Rodrigues. O grupo de [&hellip;]<\/p>\n","protected":false},"author":97,"featured_media":0,"parent":1271,"menu_order":15,"comment_status":"closed","ping_status":"closed","template":"","meta":{"footnotes":""},"class_list":["post-2396","page","type-page","status-publish","hentry"],"publishpress_future_action":{"enabled":false,"date":"2026-04-12 00:06:16","action":"change-status","newStatus":"draft","terms":[],"taxonomy":"","extraData":[]},"publishpress_future_workflow_manual_trigger":{"enabledWorkflows":[]},"_links":{"self":[{"href":"https:\/\/wp.ufpel.edu.br\/direito\/wp-json\/wp\/v2\/pages\/2396","targetHints":{"allow":["GET"]}}],"collection":[{"href":"https:\/\/wp.ufpel.edu.br\/direito\/wp-json\/wp\/v2\/pages"}],"about":[{"href":"https:\/\/wp.ufpel.edu.br\/direito\/wp-json\/wp\/v2\/types\/page"}],"author":[{"embeddable":true,"href":"https:\/\/wp.ufpel.edu.br\/direito\/wp-json\/wp\/v2\/users\/97"}],"replies":[{"embeddable":true,"href":"https:\/\/wp.ufpel.edu.br\/direito\/wp-json\/wp\/v2\/comments?post=2396"}],"version-history":[{"count":3,"href":"https:\/\/wp.ufpel.edu.br\/direito\/wp-json\/wp\/v2\/pages\/2396\/revisions"}],"predecessor-version":[{"id":2990,"href":"https:\/\/wp.ufpel.edu.br\/direito\/wp-json\/wp\/v2\/pages\/2396\/revisions\/2990"}],"up":[{"embeddable":true,"href":"https:\/\/wp.ufpel.edu.br\/direito\/wp-json\/wp\/v2\/pages\/1271"}],"wp:attachment":[{"href":"https:\/\/wp.ufpel.edu.br\/direito\/wp-json\/wp\/v2\/media?parent=2396"}],"curies":[{"name":"wp","href":"https:\/\/api.w.org\/{rel}","templated":true}]}}