{"id":239,"date":"2011-04-14T10:42:58","date_gmt":"2011-04-14T13:42:58","guid":{"rendered":"https:\/\/wp.ufpel.edu.br\/direito\/"},"modified":"2011-05-23T17:53:32","modified_gmt":"2011-05-23T20:53:32","slug":"etica-geral-de-juridica","status":"publish","type":"page","link":"https:\/\/wp.ufpel.edu.br\/direito\/faculdade\/organizacao\/departamentos\/terceiro-departamento\/etica-geral-de-juridica\/","title":{"rendered":"\u00c9tica Geral de Jur\u00eddica"},"content":{"rendered":"<p style=\"text-align: justify\">\u00c9TICA (GERAL E JUR\u00cdDICA):\u00a0O eticismo em geral. \u00c9tica e Moral. A relatividade hist\u00f3rica dos padr\u00f5es \u00e9ticos e seu condicionamento ideol\u00f3gico. A \u00e9tica natural e o jusnaturalismo. A \u00e9tica legal e o juspositivismo. \u00c9tica social liberal. \u00c9tica social marxista, Max Weber e Marx. A \u00e9tica jur\u00eddica positivada no Brasil. O C\u00f3digo Profissional de \u00c9tica.<\/p>\n","protected":false},"excerpt":{"rendered":"<p>\u00c9TICA (GERAL E JUR\u00cdDICA):\u00a0O eticismo em geral. \u00c9tica e Moral. A relatividade hist\u00f3rica dos padr\u00f5es \u00e9ticos e seu condicionamento ideol\u00f3gico. A \u00e9tica natural e o jusnaturalismo. A \u00e9tica legal e o juspositivismo. \u00c9tica social liberal. \u00c9tica social marxista, Max Weber e Marx. A \u00e9tica jur\u00eddica positivada no Brasil. O C\u00f3digo Profissional de \u00c9tica.<\/p>\n","protected":false},"author":97,"featured_media":0,"parent":81,"menu_order":13,"comment_status":"closed","ping_status":"open","template":"","meta":{"footnotes":""},"class_list":["post-239","page","type-page","status-publish","hentry"],"publishpress_future_action":{"enabled":false,"date":"2026-04-16 11:40:42","action":"change-status","newStatus":"draft","terms":[],"taxonomy":"","extraData":[]},"publishpress_future_workflow_manual_trigger":{"enabledWorkflows":[]},"_links":{"self":[{"href":"https:\/\/wp.ufpel.edu.br\/direito\/wp-json\/wp\/v2\/pages\/239","targetHints":{"allow":["GET"]}}],"collection":[{"href":"https:\/\/wp.ufpel.edu.br\/direito\/wp-json\/wp\/v2\/pages"}],"about":[{"href":"https:\/\/wp.ufpel.edu.br\/direito\/wp-json\/wp\/v2\/types\/page"}],"author":[{"embeddable":true,"href":"https:\/\/wp.ufpel.edu.br\/direito\/wp-json\/wp\/v2\/users\/97"}],"replies":[{"embeddable":true,"href":"https:\/\/wp.ufpel.edu.br\/direito\/wp-json\/wp\/v2\/comments?post=239"}],"version-history":[{"count":2,"href":"https:\/\/wp.ufpel.edu.br\/direito\/wp-json\/wp\/v2\/pages\/239\/revisions"}],"predecessor-version":[{"id":496,"href":"https:\/\/wp.ufpel.edu.br\/direito\/wp-json\/wp\/v2\/pages\/239\/revisions\/496"}],"up":[{"embeddable":true,"href":"https:\/\/wp.ufpel.edu.br\/direito\/wp-json\/wp\/v2\/pages\/81"}],"wp:attachment":[{"href":"https:\/\/wp.ufpel.edu.br\/direito\/wp-json\/wp\/v2\/media?parent=239"}],"curies":[{"name":"wp","href":"https:\/\/api.w.org\/{rel}","templated":true}]}}