{"id":2200,"date":"2022-04-14T16:29:07","date_gmt":"2022-04-14T19:29:07","guid":{"rendered":"https:\/\/wp.ufpel.edu.br\/direito\/?page_id=2200"},"modified":"2026-02-10T21:52:33","modified_gmt":"2026-02-11T00:52:33","slug":"estagios","status":"publish","type":"page","link":"https:\/\/wp.ufpel.edu.br\/direito\/graduacao-direito\/estagios\/","title":{"rendered":"Est\u00e1gios"},"content":{"rendered":"<p style=\"text-align: justify;\">O est\u00e1gio curricular, obrigat\u00f3rio e n\u00e3o obrigat\u00f3rio, \u00e9 um componente essencial na forma\u00e7\u00e3o do estudante de Direito, promovendo a integra\u00e7\u00e3o entre teoria e pr\u00e1tica e preparando para o mundo do trabalho e para a vida cidad\u00e3. As diretrizes s\u00e3o estabelecidas pela Lei n\u00ba 11.788\/2008 e pelo Regulamento do Ensino de Gradua\u00e7\u00e3o da UFPel (Resolu\u00e7\u00e3o n\u00ba 29\/2018).<\/p>\n<p style=\"text-align: justify;\">O N\u00facleo de Pr\u00e1tica Jur\u00eddica (NPJ) da Faculdade de Direito da UFPel estrutura-se em dois segmentos principais:<\/p>\n<ul style=\"text-align: justify;\">\n<li><span style=\"text-decoration: underline;\"><strong>Laborat\u00f3rio de Pr\u00e1tica Jur\u00eddica (LPJ):<\/strong><\/span> Voltado para o desempenho simulado das atividades profissionais de diversos operadores jur\u00eddicos.<\/li>\n<li><span style=\"text-decoration: underline;\"><strong>Servi\u00e7o de Assist\u00eancia Jur\u00eddica (SAJ):<\/strong><\/span> Direcionado \u00e0 pr\u00e1tica real do advogado, oferecendo servi\u00e7os \u00e0 comunidade carente, e tamb\u00e9m funcionando como disciplina pr\u00e1tica obrigat\u00f3ria e atividade de extens\u00e3o.<\/li>\n<\/ul>\n<p style=\"text-align: justify;\">A Faculdade conta com um Regulamento de Est\u00e1gio pr\u00f3prio e uma Comiss\u00e3o de Est\u00e1gios para analisar e avaliar as atividades propostas, assegurando que contribuam efetivamente para a forma\u00e7\u00e3o profissional dos estagi\u00e1rios.<\/p>\n","protected":false},"excerpt":{"rendered":"<p>O est\u00e1gio curricular, obrigat\u00f3rio e n\u00e3o obrigat\u00f3rio, \u00e9 um componente essencial na forma\u00e7\u00e3o do estudante de Direito, promovendo a integra\u00e7\u00e3o entre teoria e pr\u00e1tica e preparando para o mundo do trabalho e para a vida cidad\u00e3. As diretrizes s\u00e3o estabelecidas pela Lei n\u00ba 11.788\/2008 e pelo Regulamento do Ensino de Gradua\u00e7\u00e3o da UFPel (Resolu\u00e7\u00e3o n\u00ba [&hellip;]<\/p>\n","protected":false},"author":97,"featured_media":0,"parent":2613,"menu_order":7,"comment_status":"closed","ping_status":"closed","template":"","meta":{"footnotes":""},"class_list":["post-2200","page","type-page","status-publish","hentry"],"publishpress_future_action":{"enabled":false,"date":"2026-04-12 23:08:27","action":"change-status","newStatus":"draft","terms":[],"taxonomy":"","extraData":[]},"publishpress_future_workflow_manual_trigger":{"enabledWorkflows":[]},"_links":{"self":[{"href":"https:\/\/wp.ufpel.edu.br\/direito\/wp-json\/wp\/v2\/pages\/2200","targetHints":{"allow":["GET"]}}],"collection":[{"href":"https:\/\/wp.ufpel.edu.br\/direito\/wp-json\/wp\/v2\/pages"}],"about":[{"href":"https:\/\/wp.ufpel.edu.br\/direito\/wp-json\/wp\/v2\/types\/page"}],"author":[{"embeddable":true,"href":"https:\/\/wp.ufpel.edu.br\/direito\/wp-json\/wp\/v2\/users\/97"}],"replies":[{"embeddable":true,"href":"https:\/\/wp.ufpel.edu.br\/direito\/wp-json\/wp\/v2\/comments?post=2200"}],"version-history":[{"count":3,"href":"https:\/\/wp.ufpel.edu.br\/direito\/wp-json\/wp\/v2\/pages\/2200\/revisions"}],"predecessor-version":[{"id":2920,"href":"https:\/\/wp.ufpel.edu.br\/direito\/wp-json\/wp\/v2\/pages\/2200\/revisions\/2920"}],"up":[{"embeddable":true,"href":"https:\/\/wp.ufpel.edu.br\/direito\/wp-json\/wp\/v2\/pages\/2613"}],"wp:attachment":[{"href":"https:\/\/wp.ufpel.edu.br\/direito\/wp-json\/wp\/v2\/media?parent=2200"}],"curies":[{"name":"wp","href":"https:\/\/api.w.org\/{rel}","templated":true}]}}