{"id":205,"date":"2011-04-08T11:47:09","date_gmt":"2011-04-08T14:47:09","guid":{"rendered":"https:\/\/wp.ufpel.edu.br\/direito\/"},"modified":"2011-05-23T17:52:18","modified_gmt":"2011-05-23T20:52:18","slug":"direito-tributario","status":"publish","type":"page","link":"https:\/\/wp.ufpel.edu.br\/direito\/faculdade\/organizacao\/departamentos\/terceiro-departamento\/direito-tributario\/","title":{"rendered":"Direito Tribut\u00e1rio"},"content":{"rendered":"<p style=\"text-align: justify\">DIREITO TRIBUT\u00c1RIO:\u00a0O Estado e o poder de tributar. Proped\u00eautica do Direito Tribut\u00e1rio. Fontes do Direito Tribut\u00e1rio. Sistema Tribut\u00e1rio Nacional. Princ\u00edpios constitucionais do Direito Tribut\u00e1rio. Vig\u00eancia, aplica\u00e7\u00e3o, interpreta\u00e7\u00e3o e integra\u00e7\u00e3o da Legisla\u00e7\u00e3o Tribut\u00e1ria. Obriga\u00e7\u00e3o Tribut\u00e1ria. Cr\u00e9dito Tribut\u00e1rio. Il\u00edcito Tribut\u00e1rio. Administra\u00e7\u00e3o. Tributos &#8211; g\u00eanero e esp\u00e9cies. Compet\u00eancia tribut\u00e1ria da Uni\u00e3o dos Estados e dos Munic\u00edpios. Processo Administrativo Tribut\u00e1rio. Processo Judicial Tribut\u00e1rio.<\/p>\n","protected":false},"excerpt":{"rendered":"<p>DIREITO TRIBUT\u00c1RIO:\u00a0O Estado e o poder de tributar. Proped\u00eautica do Direito Tribut\u00e1rio. Fontes do Direito Tribut\u00e1rio. Sistema Tribut\u00e1rio Nacional. Princ\u00edpios constitucionais do Direito Tribut\u00e1rio. Vig\u00eancia, aplica\u00e7\u00e3o, interpreta\u00e7\u00e3o e integra\u00e7\u00e3o da Legisla\u00e7\u00e3o Tribut\u00e1ria. Obriga\u00e7\u00e3o Tribut\u00e1ria. Cr\u00e9dito Tribut\u00e1rio. Il\u00edcito Tribut\u00e1rio. Administra\u00e7\u00e3o. Tributos &#8211; g\u00eanero e esp\u00e9cies. Compet\u00eancia tribut\u00e1ria da Uni\u00e3o dos Estados e dos Munic\u00edpios. Processo Administrativo [&hellip;]<\/p>\n","protected":false},"author":97,"featured_media":0,"parent":81,"menu_order":10,"comment_status":"closed","ping_status":"open","template":"","meta":{"footnotes":""},"class_list":["post-205","page","type-page","status-publish","hentry"],"publishpress_future_action":{"enabled":false,"date":"2026-04-24 08:12:23","action":"change-status","newStatus":"draft","terms":[],"taxonomy":"","extraData":[]},"publishpress_future_workflow_manual_trigger":{"enabledWorkflows":[]},"_links":{"self":[{"href":"https:\/\/wp.ufpel.edu.br\/direito\/wp-json\/wp\/v2\/pages\/205","targetHints":{"allow":["GET"]}}],"collection":[{"href":"https:\/\/wp.ufpel.edu.br\/direito\/wp-json\/wp\/v2\/pages"}],"about":[{"href":"https:\/\/wp.ufpel.edu.br\/direito\/wp-json\/wp\/v2\/types\/page"}],"author":[{"embeddable":true,"href":"https:\/\/wp.ufpel.edu.br\/direito\/wp-json\/wp\/v2\/users\/97"}],"replies":[{"embeddable":true,"href":"https:\/\/wp.ufpel.edu.br\/direito\/wp-json\/wp\/v2\/comments?post=205"}],"version-history":[{"count":8,"href":"https:\/\/wp.ufpel.edu.br\/direito\/wp-json\/wp\/v2\/pages\/205\/revisions"}],"predecessor-version":[{"id":494,"href":"https:\/\/wp.ufpel.edu.br\/direito\/wp-json\/wp\/v2\/pages\/205\/revisions\/494"}],"up":[{"embeddable":true,"href":"https:\/\/wp.ufpel.edu.br\/direito\/wp-json\/wp\/v2\/pages\/81"}],"wp:attachment":[{"href":"https:\/\/wp.ufpel.edu.br\/direito\/wp-json\/wp\/v2\/media?parent=205"}],"curies":[{"name":"wp","href":"https:\/\/api.w.org\/{rel}","templated":true}]}}