{"id":199,"date":"2011-04-08T11:30:51","date_gmt":"2011-04-08T14:30:51","guid":{"rendered":"https:\/\/wp.ufpel.edu.br\/direito\/"},"modified":"2011-05-23T17:54:50","modified_gmt":"2011-05-23T20:54:50","slug":"direito-municipal","status":"publish","type":"page","link":"https:\/\/wp.ufpel.edu.br\/direito\/faculdade\/organizacao\/departamentos\/terceiro-departamento\/direito-municipal\/","title":{"rendered":"Direito Municipal"},"content":{"rendered":"<p style=\"text-align: justify\">DIREITO MUNICIPAL:\u00a0O Munic\u00edpio como unidade da Federa\u00e7\u00e3o. O peculiar interesse do Munic\u00edpio como reserva de compet\u00eancia. O plano diretor do Munic\u00edpio. Legisla\u00e7\u00e3o Municipal.<\/p>\n","protected":false},"excerpt":{"rendered":"<p>DIREITO MUNICIPAL:\u00a0O Munic\u00edpio como unidade da Federa\u00e7\u00e3o. O peculiar interesse do Munic\u00edpio como reserva de compet\u00eancia. O plano diretor do Munic\u00edpio. Legisla\u00e7\u00e3o Municipal.<\/p>\n","protected":false},"author":97,"featured_media":0,"parent":81,"menu_order":8,"comment_status":"closed","ping_status":"open","template":"","meta":{"footnotes":""},"class_list":["post-199","page","type-page","status-publish","hentry"],"publishpress_future_action":{"enabled":false,"date":"2026-04-15 13:56:04","action":"change-status","newStatus":"draft","terms":[],"taxonomy":"","extraData":[]},"publishpress_future_workflow_manual_trigger":{"enabledWorkflows":[]},"_links":{"self":[{"href":"https:\/\/wp.ufpel.edu.br\/direito\/wp-json\/wp\/v2\/pages\/199","targetHints":{"allow":["GET"]}}],"collection":[{"href":"https:\/\/wp.ufpel.edu.br\/direito\/wp-json\/wp\/v2\/pages"}],"about":[{"href":"https:\/\/wp.ufpel.edu.br\/direito\/wp-json\/wp\/v2\/types\/page"}],"author":[{"embeddable":true,"href":"https:\/\/wp.ufpel.edu.br\/direito\/wp-json\/wp\/v2\/users\/97"}],"replies":[{"embeddable":true,"href":"https:\/\/wp.ufpel.edu.br\/direito\/wp-json\/wp\/v2\/comments?post=199"}],"version-history":[{"count":2,"href":"https:\/\/wp.ufpel.edu.br\/direito\/wp-json\/wp\/v2\/pages\/199\/revisions"}],"predecessor-version":[{"id":499,"href":"https:\/\/wp.ufpel.edu.br\/direito\/wp-json\/wp\/v2\/pages\/199\/revisions\/499"}],"up":[{"embeddable":true,"href":"https:\/\/wp.ufpel.edu.br\/direito\/wp-json\/wp\/v2\/pages\/81"}],"wp:attachment":[{"href":"https:\/\/wp.ufpel.edu.br\/direito\/wp-json\/wp\/v2\/media?parent=199"}],"curies":[{"name":"wp","href":"https:\/\/api.w.org\/{rel}","templated":true}]}}