{"id":197,"date":"2011-04-08T11:29:51","date_gmt":"2011-04-08T14:29:51","guid":{"rendered":"https:\/\/wp.ufpel.edu.br\/direito\/"},"modified":"2011-05-23T17:44:09","modified_gmt":"2011-05-23T20:44:09","slug":"direito-internacional-publico","status":"publish","type":"page","link":"https:\/\/wp.ufpel.edu.br\/direito\/faculdade\/organizacao\/departamentos\/terceiro-departamento\/direito-internacional-publico\/","title":{"rendered":"Direito Internacional P\u00fablico"},"content":{"rendered":"<p style=\"text-align: justify\">DIREITO INTERNACIONAL P\u00daBLICO:\u00a0No\u00e7\u00e3o do Direito Internacional P\u00fablico. Evolu\u00e7\u00e3o e Fontes do Direito Internacional P\u00fablico. Tratados internacionais. O Estado como sujeito de D. Internacional. Responsabilidade internacional do Estado. O homem na vida internacional. Diplomacia. Organiza\u00e7\u00f5es internacionais. Integra\u00e7\u00e3o regional (A Comunidade Europ\u00e9ia. A ALADI. O MERCOSUL). Novas perspectivas da vida internacional. Conflitos internacionais.<\/p>\n<p>Para acessar a disciplina <a href=\"http:\/\/avainstitucional.ufpel.edu.br\/login\/index.php\">clique aqui.<\/a><\/p>\n","protected":false},"excerpt":{"rendered":"<p>DIREITO INTERNACIONAL P\u00daBLICO:\u00a0No\u00e7\u00e3o do Direito Internacional P\u00fablico. Evolu\u00e7\u00e3o e Fontes do Direito Internacional P\u00fablico. Tratados internacionais. O Estado como sujeito de D. Internacional. Responsabilidade internacional do Estado. O homem na vida internacional. Diplomacia. Organiza\u00e7\u00f5es internacionais. Integra\u00e7\u00e3o regional (A Comunidade Europ\u00e9ia. A ALADI. O MERCOSUL). Novas perspectivas da vida internacional. Conflitos internacionais. Para acessar a disciplina [&hellip;]<\/p>\n","protected":false},"author":97,"featured_media":0,"parent":81,"menu_order":7,"comment_status":"closed","ping_status":"open","template":"","meta":{"footnotes":""},"class_list":["post-197","page","type-page","status-publish","hentry"],"publishpress_future_action":{"enabled":false,"date":"2026-04-15 14:24:14","action":"change-status","newStatus":"draft","terms":[],"taxonomy":"","extraData":[]},"publishpress_future_workflow_manual_trigger":{"enabledWorkflows":[]},"_links":{"self":[{"href":"https:\/\/wp.ufpel.edu.br\/direito\/wp-json\/wp\/v2\/pages\/197","targetHints":{"allow":["GET"]}}],"collection":[{"href":"https:\/\/wp.ufpel.edu.br\/direito\/wp-json\/wp\/v2\/pages"}],"about":[{"href":"https:\/\/wp.ufpel.edu.br\/direito\/wp-json\/wp\/v2\/types\/page"}],"author":[{"embeddable":true,"href":"https:\/\/wp.ufpel.edu.br\/direito\/wp-json\/wp\/v2\/users\/97"}],"replies":[{"embeddable":true,"href":"https:\/\/wp.ufpel.edu.br\/direito\/wp-json\/wp\/v2\/comments?post=197"}],"version-history":[{"count":3,"href":"https:\/\/wp.ufpel.edu.br\/direito\/wp-json\/wp\/v2\/pages\/197\/revisions"}],"predecessor-version":[{"id":484,"href":"https:\/\/wp.ufpel.edu.br\/direito\/wp-json\/wp\/v2\/pages\/197\/revisions\/484"}],"up":[{"embeddable":true,"href":"https:\/\/wp.ufpel.edu.br\/direito\/wp-json\/wp\/v2\/pages\/81"}],"wp:attachment":[{"href":"https:\/\/wp.ufpel.edu.br\/direito\/wp-json\/wp\/v2\/media?parent=197"}],"curies":[{"name":"wp","href":"https:\/\/api.w.org\/{rel}","templated":true}]}}