{"id":194,"date":"2011-04-08T11:28:36","date_gmt":"2011-04-08T14:28:36","guid":{"rendered":"https:\/\/wp.ufpel.edu.br\/direito\/"},"modified":"2011-05-23T17:53:02","modified_gmt":"2011-05-23T20:53:02","slug":"direito-internacional-privado","status":"publish","type":"page","link":"https:\/\/wp.ufpel.edu.br\/direito\/faculdade\/organizacao\/departamentos\/terceiro-departamento\/direito-internacional-privado\/","title":{"rendered":"Direito Internacional Privado"},"content":{"rendered":"<p style=\"text-align: justify\">DIREITO INTERNACIONAL PRIVADO:\u00a0Introdu\u00e7\u00e3o. Conflitos de Lei no espa\u00e7o. Fontes. Aspectos hist\u00f3ricos. Elementos T\u00e9cnicos Conflituais. Aplica\u00e7\u00e3o do Direito Estrangeiro. Exce\u00e7\u00e3o \u00e0 efic\u00e1cia e aplica\u00e7\u00e3o do Direito Estrangeiro. Outros grandes princ\u00edpios. Nacionalidade. Condi\u00e7\u00e3o Jur\u00eddica do estrangeiro. Generalidades. Contratos Internacionais. Da efic\u00e1cia da senten\u00e7a estrangeira.<\/p>\n","protected":false},"excerpt":{"rendered":"<p>DIREITO INTERNACIONAL PRIVADO:\u00a0Introdu\u00e7\u00e3o. Conflitos de Lei no espa\u00e7o. Fontes. Aspectos hist\u00f3ricos. Elementos T\u00e9cnicos Conflituais. Aplica\u00e7\u00e3o do Direito Estrangeiro. Exce\u00e7\u00e3o \u00e0 efic\u00e1cia e aplica\u00e7\u00e3o do Direito Estrangeiro. Outros grandes princ\u00edpios. Nacionalidade. Condi\u00e7\u00e3o Jur\u00eddica do estrangeiro. Generalidades. Contratos Internacionais. Da efic\u00e1cia da senten\u00e7a estrangeira.<\/p>\n","protected":false},"author":97,"featured_media":0,"parent":81,"menu_order":6,"comment_status":"closed","ping_status":"closed","template":"","meta":{"footnotes":""},"class_list":["post-194","page","type-page","status-publish","hentry"],"publishpress_future_action":{"enabled":false,"date":"2026-04-12 04:33:15","action":"change-status","newStatus":"draft","terms":[],"taxonomy":"","extraData":[]},"publishpress_future_workflow_manual_trigger":{"enabledWorkflows":[]},"_links":{"self":[{"href":"https:\/\/wp.ufpel.edu.br\/direito\/wp-json\/wp\/v2\/pages\/194","targetHints":{"allow":["GET"]}}],"collection":[{"href":"https:\/\/wp.ufpel.edu.br\/direito\/wp-json\/wp\/v2\/pages"}],"about":[{"href":"https:\/\/wp.ufpel.edu.br\/direito\/wp-json\/wp\/v2\/types\/page"}],"author":[{"embeddable":true,"href":"https:\/\/wp.ufpel.edu.br\/direito\/wp-json\/wp\/v2\/users\/97"}],"replies":[{"embeddable":true,"href":"https:\/\/wp.ufpel.edu.br\/direito\/wp-json\/wp\/v2\/comments?post=194"}],"version-history":[{"count":4,"href":"https:\/\/wp.ufpel.edu.br\/direito\/wp-json\/wp\/v2\/pages\/194\/revisions"}],"predecessor-version":[{"id":495,"href":"https:\/\/wp.ufpel.edu.br\/direito\/wp-json\/wp\/v2\/pages\/194\/revisions\/495"}],"up":[{"embeddable":true,"href":"https:\/\/wp.ufpel.edu.br\/direito\/wp-json\/wp\/v2\/pages\/81"}],"wp:attachment":[{"href":"https:\/\/wp.ufpel.edu.br\/direito\/wp-json\/wp\/v2\/media?parent=194"}],"curies":[{"name":"wp","href":"https:\/\/api.w.org\/{rel}","templated":true}]}}