{"id":190,"date":"2011-04-08T11:27:33","date_gmt":"2011-04-08T14:27:33","guid":{"rendered":"https:\/\/wp.ufpel.edu.br\/direito\/"},"modified":"2011-05-23T17:55:37","modified_gmt":"2011-05-23T20:55:37","slug":"direito-dos-tratados","status":"publish","type":"page","link":"https:\/\/wp.ufpel.edu.br\/direito\/faculdade\/organizacao\/departamentos\/terceiro-departamento\/direito-dos-tratados\/","title":{"rendered":"Direito dos Tratados"},"content":{"rendered":"<p style=\"text-align: justify\">DIREITO DOS TRATADOS:\u00a0Atos internacionais;Tribunal Penal Internacional; Acordo quadro MERCOSUL e Uni\u00e3o Europ\u00e9ia; A cl\u00e1usula democr\u00e1tica no MERCOSUL e na Uni\u00e3o Europ\u00e9ia; A \u00c1rea de Livre Com\u00e9rcio das Am\u00e9ricas (ALCA); A Organiza\u00e7\u00e3o dos Estados Americanos (OEA); Modos de solu\u00e7\u00e3o das controv\u00e9rsias no MERCOSUL e na Uni\u00e3o Europ\u00e9ia; A Organiza\u00e7\u00e3o Mundial do Com\u00e9rcio; Direito Humanit\u00e1rio;<\/p>\n","protected":false},"excerpt":{"rendered":"<p>DIREITO DOS TRATADOS:\u00a0Atos internacionais;Tribunal Penal Internacional; Acordo quadro MERCOSUL e Uni\u00e3o Europ\u00e9ia; A cl\u00e1usula democr\u00e1tica no MERCOSUL e na Uni\u00e3o Europ\u00e9ia; A \u00c1rea de Livre Com\u00e9rcio das Am\u00e9ricas (ALCA); A Organiza\u00e7\u00e3o dos Estados Americanos (OEA); Modos de solu\u00e7\u00e3o das controv\u00e9rsias no MERCOSUL e na Uni\u00e3o Europ\u00e9ia; A Organiza\u00e7\u00e3o Mundial do Com\u00e9rcio; Direito Humanit\u00e1rio;<\/p>\n","protected":false},"author":97,"featured_media":0,"parent":81,"menu_order":4,"comment_status":"closed","ping_status":"open","template":"","meta":{"footnotes":""},"class_list":["post-190","page","type-page","status-publish","hentry"],"publishpress_future_action":{"enabled":false,"date":"2026-05-14 01:59:02","action":"change-status","newStatus":"draft","terms":[],"taxonomy":"","extraData":[]},"publishpress_future_workflow_manual_trigger":{"enabledWorkflows":[]},"_links":{"self":[{"href":"https:\/\/wp.ufpel.edu.br\/direito\/wp-json\/wp\/v2\/pages\/190","targetHints":{"allow":["GET"]}}],"collection":[{"href":"https:\/\/wp.ufpel.edu.br\/direito\/wp-json\/wp\/v2\/pages"}],"about":[{"href":"https:\/\/wp.ufpel.edu.br\/direito\/wp-json\/wp\/v2\/types\/page"}],"author":[{"embeddable":true,"href":"https:\/\/wp.ufpel.edu.br\/direito\/wp-json\/wp\/v2\/users\/97"}],"replies":[{"embeddable":true,"href":"https:\/\/wp.ufpel.edu.br\/direito\/wp-json\/wp\/v2\/comments?post=190"}],"version-history":[{"count":2,"href":"https:\/\/wp.ufpel.edu.br\/direito\/wp-json\/wp\/v2\/pages\/190\/revisions"}],"predecessor-version":[{"id":500,"href":"https:\/\/wp.ufpel.edu.br\/direito\/wp-json\/wp\/v2\/pages\/190\/revisions\/500"}],"up":[{"embeddable":true,"href":"https:\/\/wp.ufpel.edu.br\/direito\/wp-json\/wp\/v2\/pages\/81"}],"wp:attachment":[{"href":"https:\/\/wp.ufpel.edu.br\/direito\/wp-json\/wp\/v2\/media?parent=190"}],"curies":[{"name":"wp","href":"https:\/\/api.w.org\/{rel}","templated":true}]}}