{"id":188,"date":"2011-04-08T11:27:02","date_gmt":"2011-04-08T14:27:02","guid":{"rendered":"https:\/\/wp.ufpel.edu.br\/direito\/"},"modified":"2011-05-23T17:54:26","modified_gmt":"2011-05-23T20:54:26","slug":"direito-da-integracao","status":"publish","type":"page","link":"https:\/\/wp.ufpel.edu.br\/direito\/faculdade\/organizacao\/departamentos\/terceiro-departamento\/direito-da-integracao\/","title":{"rendered":"Direito da Integra\u00e7\u00e3o"},"content":{"rendered":"<p style=\"text-align: justify\">DIREITO DA INTEGRA\u00c7\u00c3O:\u00a0A integra\u00e7\u00e3o entre os povos. A experi\u00eancia integracionista. Mercosul, Nafta e Comunidade Europ\u00e9ia. Moeda comum e diversidade social e cultural. Problemas.<\/p>\n","protected":false},"excerpt":{"rendered":"<p>DIREITO DA INTEGRA\u00c7\u00c3O:\u00a0A integra\u00e7\u00e3o entre os povos. A experi\u00eancia integracionista. Mercosul, Nafta e Comunidade Europ\u00e9ia. Moeda comum e diversidade social e cultural. Problemas.<\/p>\n","protected":false},"author":97,"featured_media":0,"parent":81,"menu_order":3,"comment_status":"closed","ping_status":"open","template":"","meta":{"footnotes":""},"class_list":["post-188","page","type-page","status-publish","hentry"],"publishpress_future_action":{"enabled":false,"date":"2026-04-12 16:12:28","action":"change-status","newStatus":"draft","terms":[],"taxonomy":"","extraData":[]},"publishpress_future_workflow_manual_trigger":{"enabledWorkflows":[]},"_links":{"self":[{"href":"https:\/\/wp.ufpel.edu.br\/direito\/wp-json\/wp\/v2\/pages\/188","targetHints":{"allow":["GET"]}}],"collection":[{"href":"https:\/\/wp.ufpel.edu.br\/direito\/wp-json\/wp\/v2\/pages"}],"about":[{"href":"https:\/\/wp.ufpel.edu.br\/direito\/wp-json\/wp\/v2\/types\/page"}],"author":[{"embeddable":true,"href":"https:\/\/wp.ufpel.edu.br\/direito\/wp-json\/wp\/v2\/users\/97"}],"replies":[{"embeddable":true,"href":"https:\/\/wp.ufpel.edu.br\/direito\/wp-json\/wp\/v2\/comments?post=188"}],"version-history":[{"count":2,"href":"https:\/\/wp.ufpel.edu.br\/direito\/wp-json\/wp\/v2\/pages\/188\/revisions"}],"predecessor-version":[{"id":498,"href":"https:\/\/wp.ufpel.edu.br\/direito\/wp-json\/wp\/v2\/pages\/188\/revisions\/498"}],"up":[{"embeddable":true,"href":"https:\/\/wp.ufpel.edu.br\/direito\/wp-json\/wp\/v2\/pages\/81"}],"wp:attachment":[{"href":"https:\/\/wp.ufpel.edu.br\/direito\/wp-json\/wp\/v2\/media?parent=188"}],"curies":[{"name":"wp","href":"https:\/\/api.w.org\/{rel}","templated":true}]}}