{"id":186,"date":"2011-04-08T11:26:31","date_gmt":"2011-04-08T14:26:31","guid":{"rendered":"https:\/\/wp.ufpel.edu.br\/direito\/"},"modified":"2011-05-23T17:34:51","modified_gmt":"2011-05-23T20:34:51","slug":"direito-constitucional","status":"publish","type":"page","link":"https:\/\/wp.ufpel.edu.br\/direito\/faculdade\/organizacao\/departamentos\/terceiro-departamento\/direito-constitucional\/","title":{"rendered":"Direito Constitucional"},"content":{"rendered":"<p style=\"text-align: justify\">DIREITO CONSTITUCIONAL:\u00a0Forma\u00e7\u00e3o hist\u00f3rica do constitucionalismo ocidental. Hist\u00f3ria constitucional brasileira. An\u00e1lise dos diferentes conceitos e teorias sobre a Constitui\u00e7\u00e3o. Distin\u00e7\u00e3o entre a atividade e as fun\u00e7\u00f5es do poder constituinte e dos poderes constitu\u00eddos. As diferentes estruturas das normas constitucionais, sua interpreta\u00e7\u00e3o e concretiza\u00e7\u00e3o. Princ\u00edpios orientadores do Direito Constitucional Positivo Brasileiro. Estado de Direito. Controle da constitucionalidade. Direitos fundamentais. Democracia Pol\u00edtica e Social. Rep\u00fablica, Federa\u00e7\u00e3o e separa\u00e7\u00e3o dos poderes.<\/p>\n","protected":false},"excerpt":{"rendered":"<p>DIREITO CONSTITUCIONAL:\u00a0Forma\u00e7\u00e3o hist\u00f3rica do constitucionalismo ocidental. Hist\u00f3ria constitucional brasileira. An\u00e1lise dos diferentes conceitos e teorias sobre a Constitui\u00e7\u00e3o. Distin\u00e7\u00e3o entre a atividade e as fun\u00e7\u00f5es do poder constituinte e dos poderes constitu\u00eddos. As diferentes estruturas das normas constitucionais, sua interpreta\u00e7\u00e3o e concretiza\u00e7\u00e3o. Princ\u00edpios orientadores do Direito Constitucional Positivo Brasileiro. Estado de Direito. Controle da constitucionalidade. [&hellip;]<\/p>\n","protected":false},"author":97,"featured_media":0,"parent":81,"menu_order":2,"comment_status":"closed","ping_status":"open","template":"","meta":{"footnotes":""},"class_list":["post-186","page","type-page","status-publish","hentry"],"publishpress_future_action":{"enabled":false,"date":"2026-04-12 12:55:23","action":"change-status","newStatus":"draft","terms":[],"taxonomy":"","extraData":[]},"publishpress_future_workflow_manual_trigger":{"enabledWorkflows":[]},"_links":{"self":[{"href":"https:\/\/wp.ufpel.edu.br\/direito\/wp-json\/wp\/v2\/pages\/186","targetHints":{"allow":["GET"]}}],"collection":[{"href":"https:\/\/wp.ufpel.edu.br\/direito\/wp-json\/wp\/v2\/pages"}],"about":[{"href":"https:\/\/wp.ufpel.edu.br\/direito\/wp-json\/wp\/v2\/types\/page"}],"author":[{"embeddable":true,"href":"https:\/\/wp.ufpel.edu.br\/direito\/wp-json\/wp\/v2\/users\/97"}],"replies":[{"embeddable":true,"href":"https:\/\/wp.ufpel.edu.br\/direito\/wp-json\/wp\/v2\/comments?post=186"}],"version-history":[{"count":2,"href":"https:\/\/wp.ufpel.edu.br\/direito\/wp-json\/wp\/v2\/pages\/186\/revisions"}],"predecessor-version":[{"id":475,"href":"https:\/\/wp.ufpel.edu.br\/direito\/wp-json\/wp\/v2\/pages\/186\/revisions\/475"}],"up":[{"embeddable":true,"href":"https:\/\/wp.ufpel.edu.br\/direito\/wp-json\/wp\/v2\/pages\/81"}],"wp:attachment":[{"href":"https:\/\/wp.ufpel.edu.br\/direito\/wp-json\/wp\/v2\/media?parent=186"}],"curies":[{"name":"wp","href":"https:\/\/api.w.org\/{rel}","templated":true}]}}