{"id":171,"date":"2011-04-08T11:13:04","date_gmt":"2011-04-08T14:13:04","guid":{"rendered":"https:\/\/wp.ufpel.edu.br\/direito\/"},"modified":"2011-05-23T17:51:22","modified_gmt":"2011-05-23T20:51:22","slug":"direito-processual-penal","status":"publish","type":"page","link":"https:\/\/wp.ufpel.edu.br\/direito\/faculdade\/organizacao\/departamentos\/segundo-departamento\/direito-processual-penal\/","title":{"rendered":"Direito Processual Penal"},"content":{"rendered":"<p style=\"text-align: justify\">DIREITO PROCESSUAL PENAL:\u00a0Introdu\u00e7\u00e3o \u00e0 disciplina. Inqu\u00e9rito policial. A\u00e7\u00e3o penal. Jurisdi\u00e7\u00e3o e compet\u00eancia. Sujeitos processuais. Pris\u00e3o, liberdade provis\u00f3ria e fian\u00e7a. Senten\u00e7a. Processos em esp\u00e9cie. Nulidades. Recursos em geral. Execu\u00e7\u00e3o. Reabilita\u00e7\u00e3o.<\/p>\n","protected":false},"excerpt":{"rendered":"<p>DIREITO PROCESSUAL PENAL:\u00a0Introdu\u00e7\u00e3o \u00e0 disciplina. Inqu\u00e9rito policial. A\u00e7\u00e3o penal. Jurisdi\u00e7\u00e3o e compet\u00eancia. Sujeitos processuais. Pris\u00e3o, liberdade provis\u00f3ria e fian\u00e7a. Senten\u00e7a. Processos em esp\u00e9cie. Nulidades. Recursos em geral. Execu\u00e7\u00e3o. Reabilita\u00e7\u00e3o.<\/p>\n","protected":false},"author":97,"featured_media":0,"parent":79,"menu_order":5,"comment_status":"closed","ping_status":"closed","template":"","meta":{"footnotes":""},"class_list":["post-171","page","type-page","status-publish","hentry"],"publishpress_future_action":{"enabled":false,"date":"2026-04-13 11:27:02","action":"change-status","newStatus":"draft","terms":[],"taxonomy":"","extraData":[]},"publishpress_future_workflow_manual_trigger":{"enabledWorkflows":[]},"_links":{"self":[{"href":"https:\/\/wp.ufpel.edu.br\/direito\/wp-json\/wp\/v2\/pages\/171","targetHints":{"allow":["GET"]}}],"collection":[{"href":"https:\/\/wp.ufpel.edu.br\/direito\/wp-json\/wp\/v2\/pages"}],"about":[{"href":"https:\/\/wp.ufpel.edu.br\/direito\/wp-json\/wp\/v2\/types\/page"}],"author":[{"embeddable":true,"href":"https:\/\/wp.ufpel.edu.br\/direito\/wp-json\/wp\/v2\/users\/97"}],"replies":[{"embeddable":true,"href":"https:\/\/wp.ufpel.edu.br\/direito\/wp-json\/wp\/v2\/comments?post=171"}],"version-history":[{"count":3,"href":"https:\/\/wp.ufpel.edu.br\/direito\/wp-json\/wp\/v2\/pages\/171\/revisions"}],"predecessor-version":[{"id":493,"href":"https:\/\/wp.ufpel.edu.br\/direito\/wp-json\/wp\/v2\/pages\/171\/revisions\/493"}],"up":[{"embeddable":true,"href":"https:\/\/wp.ufpel.edu.br\/direito\/wp-json\/wp\/v2\/pages\/79"}],"wp:attachment":[{"href":"https:\/\/wp.ufpel.edu.br\/direito\/wp-json\/wp\/v2\/media?parent=171"}],"curies":[{"name":"wp","href":"https:\/\/api.w.org\/{rel}","templated":true}]}}