{"id":165,"date":"2011-04-08T11:11:52","date_gmt":"2011-04-08T14:11:52","guid":{"rendered":"https:\/\/wp.ufpel.edu.br\/direito\/"},"modified":"2011-05-23T17:50:46","modified_gmt":"2011-05-23T20:50:46","slug":"direito-do-trabalho","status":"publish","type":"page","link":"https:\/\/wp.ufpel.edu.br\/direito\/faculdade\/organizacao\/departamentos\/segundo-departamento\/direito-do-trabalho\/","title":{"rendered":"Direito do Trabalho"},"content":{"rendered":"<p style=\"text-align: justify\">DIREITO DO TRABALHO I:\u00a0No\u00e7\u00e3o geral do Direito do Trabalho. Contrato de trabalho. Dura\u00e7\u00e3o do trabalho. Remunera\u00e7\u00e3o e sal\u00e1rio. Tutela especial do trabalho. Extin\u00e7\u00e3o do contrato de trabalho. Organiza\u00e7\u00e3o sindical brasileira.<\/p>\n<p style=\"text-align: justify\">DIREITO DO TRABALHO II:\u00a0Direito Judici\u00e1rio do Trabalho. A\u00e7\u00f5es trabalhistas: individuais, coletivas e de cumprimento. Exce\u00e7\u00f5es. Nulidades processuais. Recursos. Execu\u00e7\u00e3o trabalhista. Procedimentos especiais.<\/p>\n","protected":false},"excerpt":{"rendered":"<p>DIREITO DO TRABALHO I:\u00a0No\u00e7\u00e3o geral do Direito do Trabalho. Contrato de trabalho. Dura\u00e7\u00e3o do trabalho. Remunera\u00e7\u00e3o e sal\u00e1rio. Tutela especial do trabalho. Extin\u00e7\u00e3o do contrato de trabalho. Organiza\u00e7\u00e3o sindical brasileira. DIREITO DO TRABALHO II:\u00a0Direito Judici\u00e1rio do Trabalho. A\u00e7\u00f5es trabalhistas: individuais, coletivas e de cumprimento. Exce\u00e7\u00f5es. Nulidades processuais. Recursos. Execu\u00e7\u00e3o trabalhista. Procedimentos especiais.<\/p>\n","protected":false},"author":97,"featured_media":0,"parent":79,"menu_order":2,"comment_status":"closed","ping_status":"open","template":"","meta":{"footnotes":""},"class_list":["post-165","page","type-page","status-publish","hentry"],"publishpress_future_action":{"enabled":false,"date":"2026-04-23 13:43:36","action":"change-status","newStatus":"draft","terms":[],"taxonomy":"","extraData":[]},"publishpress_future_workflow_manual_trigger":{"enabledWorkflows":[]},"_links":{"self":[{"href":"https:\/\/wp.ufpel.edu.br\/direito\/wp-json\/wp\/v2\/pages\/165","targetHints":{"allow":["GET"]}}],"collection":[{"href":"https:\/\/wp.ufpel.edu.br\/direito\/wp-json\/wp\/v2\/pages"}],"about":[{"href":"https:\/\/wp.ufpel.edu.br\/direito\/wp-json\/wp\/v2\/types\/page"}],"author":[{"embeddable":true,"href":"https:\/\/wp.ufpel.edu.br\/direito\/wp-json\/wp\/v2\/users\/97"}],"replies":[{"embeddable":true,"href":"https:\/\/wp.ufpel.edu.br\/direito\/wp-json\/wp\/v2\/comments?post=165"}],"version-history":[{"count":3,"href":"https:\/\/wp.ufpel.edu.br\/direito\/wp-json\/wp\/v2\/pages\/165\/revisions"}],"predecessor-version":[{"id":492,"href":"https:\/\/wp.ufpel.edu.br\/direito\/wp-json\/wp\/v2\/pages\/165\/revisions\/492"}],"up":[{"embeddable":true,"href":"https:\/\/wp.ufpel.edu.br\/direito\/wp-json\/wp\/v2\/pages\/79"}],"wp:attachment":[{"href":"https:\/\/wp.ufpel.edu.br\/direito\/wp-json\/wp\/v2\/media?parent=165"}],"curies":[{"name":"wp","href":"https:\/\/api.w.org\/{rel}","templated":true}]}}