{"id":152,"date":"2011-04-08T10:59:18","date_gmt":"2011-04-08T13:59:18","guid":{"rendered":"https:\/\/wp.ufpel.edu.br\/direito\/"},"modified":"2011-05-23T18:02:57","modified_gmt":"2011-05-23T21:02:57","slug":"bioetica-e-biodireito","status":"publish","type":"page","link":"https:\/\/wp.ufpel.edu.br\/direito\/faculdade\/organizacao\/departamentos\/segundo-departamento\/bioetica-e-biodireito\/","title":{"rendered":"Bio\u00e9tica e Biodireito"},"content":{"rendered":"<p style=\"text-align: justify\">BIO\u00c9TICA E BIODIREITO:\u00a0Bio\u00e9tica Aspectos Hist\u00f3ricos e Conceituais, Jurisdiciza\u00e7\u00e3o da Bio\u00e9tica, Dignidade Humana e Estado Democr\u00e1tico de Direito, Prote\u00e7\u00e3o a Vida Humana, Direito de Nascer e Aborto, Bio\u00e9tica da Vida Intra Uterina, Direitos do Embri\u00e3o e do Nascituro, Aspectos \u00c9ticos e Legais do Controle de Natalidade, Doen\u00e7a Mental \u00c9tica E Direito, Dst \u2013 Aids Bio\u00e9tica e Biodireito, Morte Encef\u00e1lica \u2013 Transplante de \u00d3rg\u00e3os: Legisla\u00e7\u00e3o e \u00c9tica, Morrer com Dignidade \u2013 Eutan\u00e1sia \u2013 Distan\u00e1sia \u2013 Ortotan\u00e1sia, Experimenta\u00e7\u00e3o com Seres Humanos, Engenharia Gen\u00e9tica \u2013 Projeto, Principais T\u00f3picos de Bio\u00e9tica E Biodireito<\/p>\n","protected":false},"excerpt":{"rendered":"<p>BIO\u00c9TICA E BIODIREITO:\u00a0Bio\u00e9tica Aspectos Hist\u00f3ricos e Conceituais, Jurisdiciza\u00e7\u00e3o da Bio\u00e9tica, Dignidade Humana e Estado Democr\u00e1tico de Direito, Prote\u00e7\u00e3o a Vida Humana, Direito de Nascer e Aborto, Bio\u00e9tica da Vida Intra Uterina, Direitos do Embri\u00e3o e do Nascituro, Aspectos \u00c9ticos e Legais do Controle de Natalidade, Doen\u00e7a Mental \u00c9tica E Direito, Dst \u2013 Aids Bio\u00e9tica e [&hellip;]<\/p>\n","protected":false},"author":97,"featured_media":0,"parent":79,"menu_order":1,"comment_status":"closed","ping_status":"open","template":"","meta":{"footnotes":""},"class_list":["post-152","page","type-page","status-publish","hentry"],"publishpress_future_action":{"enabled":false,"date":"2026-04-22 05:59:32","action":"change-status","newStatus":"draft","terms":[],"taxonomy":"","extraData":[]},"publishpress_future_workflow_manual_trigger":{"enabledWorkflows":[]},"_links":{"self":[{"href":"https:\/\/wp.ufpel.edu.br\/direito\/wp-json\/wp\/v2\/pages\/152","targetHints":{"allow":["GET"]}}],"collection":[{"href":"https:\/\/wp.ufpel.edu.br\/direito\/wp-json\/wp\/v2\/pages"}],"about":[{"href":"https:\/\/wp.ufpel.edu.br\/direito\/wp-json\/wp\/v2\/types\/page"}],"author":[{"embeddable":true,"href":"https:\/\/wp.ufpel.edu.br\/direito\/wp-json\/wp\/v2\/users\/97"}],"replies":[{"embeddable":true,"href":"https:\/\/wp.ufpel.edu.br\/direito\/wp-json\/wp\/v2\/comments?post=152"}],"version-history":[{"count":2,"href":"https:\/\/wp.ufpel.edu.br\/direito\/wp-json\/wp\/v2\/pages\/152\/revisions"}],"predecessor-version":[{"id":511,"href":"https:\/\/wp.ufpel.edu.br\/direito\/wp-json\/wp\/v2\/pages\/152\/revisions\/511"}],"up":[{"embeddable":true,"href":"https:\/\/wp.ufpel.edu.br\/direito\/wp-json\/wp\/v2\/pages\/79"}],"wp:attachment":[{"href":"https:\/\/wp.ufpel.edu.br\/direito\/wp-json\/wp\/v2\/media?parent=152"}],"curies":[{"name":"wp","href":"https:\/\/api.w.org\/{rel}","templated":true}]}}