{"id":150,"date":"2011-04-08T10:57:49","date_gmt":"2011-04-08T13:57:49","guid":{"rendered":"https:\/\/wp.ufpel.edu.br\/direito\/"},"modified":"2011-05-23T17:44:45","modified_gmt":"2011-05-23T20:44:45","slug":"teoria-geral-do-processo","status":"publish","type":"page","link":"https:\/\/wp.ufpel.edu.br\/direito\/faculdade\/organizacao\/departamentos\/primeiro-departamento\/teoria-geral-do-processo\/","title":{"rendered":"Teoria Geral do Processo"},"content":{"rendered":"<p style=\"text-align: justify\">TEORIA GERAL DO PROCESSO:\u00a0Conte\u00fado e finalidade do Direito Processual. Normas processuais. Esp\u00e9cies de composi\u00e7\u00e3o dos conflitos. Jurisdi\u00e7\u00e3o e compet\u00eancia. Conceito e teorias da a\u00e7\u00e3o. Teorias do Processo. Rela\u00e7\u00e3o jur\u00eddica processual.<\/p>\n<p>Para acessar a disciplina <a href=\"http:\/\/avainstitucional.ufpel.edu.br\/login\/index.php\">clique aqui.<\/a><\/p>\n","protected":false},"excerpt":{"rendered":"<p>TEORIA GERAL DO PROCESSO:\u00a0Conte\u00fado e finalidade do Direito Processual. Normas processuais. Esp\u00e9cies de composi\u00e7\u00e3o dos conflitos. Jurisdi\u00e7\u00e3o e compet\u00eancia. Conceito e teorias da a\u00e7\u00e3o. Teorias do Processo. Rela\u00e7\u00e3o jur\u00eddica processual. Para acessar a disciplina clique aqui.<\/p>\n","protected":false},"author":97,"featured_media":0,"parent":77,"menu_order":7,"comment_status":"closed","ping_status":"open","template":"","meta":{"footnotes":""},"class_list":["post-150","page","type-page","status-publish","hentry"],"publishpress_future_action":{"enabled":false,"date":"2026-04-14 22:28:32","action":"change-status","newStatus":"draft","terms":[],"taxonomy":"","extraData":[]},"publishpress_future_workflow_manual_trigger":{"enabledWorkflows":[]},"_links":{"self":[{"href":"https:\/\/wp.ufpel.edu.br\/direito\/wp-json\/wp\/v2\/pages\/150","targetHints":{"allow":["GET"]}}],"collection":[{"href":"https:\/\/wp.ufpel.edu.br\/direito\/wp-json\/wp\/v2\/pages"}],"about":[{"href":"https:\/\/wp.ufpel.edu.br\/direito\/wp-json\/wp\/v2\/types\/page"}],"author":[{"embeddable":true,"href":"https:\/\/wp.ufpel.edu.br\/direito\/wp-json\/wp\/v2\/users\/97"}],"replies":[{"embeddable":true,"href":"https:\/\/wp.ufpel.edu.br\/direito\/wp-json\/wp\/v2\/comments?post=150"}],"version-history":[{"count":4,"href":"https:\/\/wp.ufpel.edu.br\/direito\/wp-json\/wp\/v2\/pages\/150\/revisions"}],"predecessor-version":[{"id":485,"href":"https:\/\/wp.ufpel.edu.br\/direito\/wp-json\/wp\/v2\/pages\/150\/revisions\/485"}],"up":[{"embeddable":true,"href":"https:\/\/wp.ufpel.edu.br\/direito\/wp-json\/wp\/v2\/pages\/77"}],"wp:attachment":[{"href":"https:\/\/wp.ufpel.edu.br\/direito\/wp-json\/wp\/v2\/media?parent=150"}],"curies":[{"name":"wp","href":"https:\/\/api.w.org\/{rel}","templated":true}]}}