{"id":145,"date":"2011-04-08T08:29:54","date_gmt":"2011-04-08T11:29:54","guid":{"rendered":"https:\/\/wp.ufpel.edu.br\/direito\/"},"modified":"2011-05-04T15:42:57","modified_gmt":"2011-05-04T18:42:57","slug":"laboratorio-de-pratica-juridica","status":"publish","type":"page","link":"https:\/\/wp.ufpel.edu.br\/direito\/faculdade\/organizacao\/departamentos\/primeiro-departamento\/laboratorio-de-pratica-juridica\/","title":{"rendered":"Laborat\u00f3rio de Pr\u00e1tica Jur\u00eddica"},"content":{"rendered":"<p>Para acessar a disciplina on-line <a href=\"http:\/\/avainstitucional.ufpel.edu.br\/login\/index.php\">clique aqui<\/a><\/p>\n","protected":false},"excerpt":{"rendered":"<p>Para acessar a disciplina on-line clique aqui<\/p>\n","protected":false},"author":97,"featured_media":0,"parent":77,"menu_order":5,"comment_status":"closed","ping_status":"closed","template":"","meta":{"footnotes":""},"class_list":["post-145","page","type-page","status-publish","hentry"],"publishpress_future_action":{"enabled":false,"date":"2026-04-17 21:38:47","action":"change-status","newStatus":"draft","terms":[],"taxonomy":"","extraData":[]},"publishpress_future_workflow_manual_trigger":{"enabledWorkflows":[]},"_links":{"self":[{"href":"https:\/\/wp.ufpel.edu.br\/direito\/wp-json\/wp\/v2\/pages\/145","targetHints":{"allow":["GET"]}}],"collection":[{"href":"https:\/\/wp.ufpel.edu.br\/direito\/wp-json\/wp\/v2\/pages"}],"about":[{"href":"https:\/\/wp.ufpel.edu.br\/direito\/wp-json\/wp\/v2\/types\/page"}],"author":[{"embeddable":true,"href":"https:\/\/wp.ufpel.edu.br\/direito\/wp-json\/wp\/v2\/users\/97"}],"replies":[{"embeddable":true,"href":"https:\/\/wp.ufpel.edu.br\/direito\/wp-json\/wp\/v2\/comments?post=145"}],"version-history":[{"count":10,"href":"https:\/\/wp.ufpel.edu.br\/direito\/wp-json\/wp\/v2\/pages\/145\/revisions"}],"predecessor-version":[{"id":367,"href":"https:\/\/wp.ufpel.edu.br\/direito\/wp-json\/wp\/v2\/pages\/145\/revisions\/367"}],"up":[{"embeddable":true,"href":"https:\/\/wp.ufpel.edu.br\/direito\/wp-json\/wp\/v2\/pages\/77"}],"wp:attachment":[{"href":"https:\/\/wp.ufpel.edu.br\/direito\/wp-json\/wp\/v2\/media?parent=145"}],"curies":[{"name":"wp","href":"https:\/\/api.w.org\/{rel}","templated":true}]}}