{"id":138,"date":"2011-04-08T08:27:20","date_gmt":"2011-04-08T11:27:20","guid":{"rendered":"https:\/\/wp.ufpel.edu.br\/direito\/"},"modified":"2011-05-23T18:02:37","modified_gmt":"2011-05-23T21:02:37","slug":"direito-do-consumidor","status":"publish","type":"page","link":"https:\/\/wp.ufpel.edu.br\/direito\/faculdade\/organizacao\/departamentos\/primeiro-departamento\/direito-do-consumidor\/","title":{"rendered":"Direito do Consumidor"},"content":{"rendered":"<p style=\"text-align: justify\">DIREITO DO CONSUMIDOR:\u00a0No\u00e7\u00f5es gerais sobre o direito do consumidor. A rela\u00e7\u00e3o jur\u00eddica de consumo a partir do C\u00f3digo de Defesa do Consumidor. A pol\u00edtica nacional de rela\u00e7\u00f5es de consumo e os princ\u00edpios jur\u00eddicos informativos da prote\u00e7\u00e3o ao consumidor. Os direitos b\u00e1sicos do consumidor. A prote\u00e7\u00e3o \u00e0 sa\u00fade e seguran\u00e7a do consumidor a partir da obriga\u00e7\u00e3o de informar. A responsabilidade civil nas rela\u00e7\u00f5es de consumo. A decad\u00eancia e a prescri\u00e7\u00e3o no C\u00f3digo de Defesa do Consumidor. A desconsidera\u00e7\u00e3o da personalidade jur\u00eddica da empresa. As pr\u00e1ticas comerciais no C\u00f3digo de Defesa do Consumidor. A prote\u00e7\u00e3o contratual no C\u00f3digo de Defesa do Consumidor. As san\u00e7\u00f5es administrativas no C\u00f3digo de Defesa do Consumidor. A defesa do consumidor em ju\u00edzo.<\/p>\n","protected":false},"excerpt":{"rendered":"<p>DIREITO DO CONSUMIDOR:\u00a0No\u00e7\u00f5es gerais sobre o direito do consumidor. A rela\u00e7\u00e3o jur\u00eddica de consumo a partir do C\u00f3digo de Defesa do Consumidor. A pol\u00edtica nacional de rela\u00e7\u00f5es de consumo e os princ\u00edpios jur\u00eddicos informativos da prote\u00e7\u00e3o ao consumidor. Os direitos b\u00e1sicos do consumidor. A prote\u00e7\u00e3o \u00e0 sa\u00fade e seguran\u00e7a do consumidor a partir da obriga\u00e7\u00e3o [&hellip;]<\/p>\n","protected":false},"author":97,"featured_media":0,"parent":77,"menu_order":2,"comment_status":"closed","ping_status":"closed","template":"","meta":{"footnotes":""},"class_list":["post-138","page","type-page","status-publish","hentry"],"publishpress_future_action":{"enabled":false,"date":"2026-04-16 22:35:17","action":"change-status","newStatus":"draft","terms":[],"taxonomy":"","extraData":[]},"publishpress_future_workflow_manual_trigger":{"enabledWorkflows":[]},"_links":{"self":[{"href":"https:\/\/wp.ufpel.edu.br\/direito\/wp-json\/wp\/v2\/pages\/138","targetHints":{"allow":["GET"]}}],"collection":[{"href":"https:\/\/wp.ufpel.edu.br\/direito\/wp-json\/wp\/v2\/pages"}],"about":[{"href":"https:\/\/wp.ufpel.edu.br\/direito\/wp-json\/wp\/v2\/types\/page"}],"author":[{"embeddable":true,"href":"https:\/\/wp.ufpel.edu.br\/direito\/wp-json\/wp\/v2\/users\/97"}],"replies":[{"embeddable":true,"href":"https:\/\/wp.ufpel.edu.br\/direito\/wp-json\/wp\/v2\/comments?post=138"}],"version-history":[{"count":11,"href":"https:\/\/wp.ufpel.edu.br\/direito\/wp-json\/wp\/v2\/pages\/138\/revisions"}],"predecessor-version":[{"id":510,"href":"https:\/\/wp.ufpel.edu.br\/direito\/wp-json\/wp\/v2\/pages\/138\/revisions\/510"}],"up":[{"embeddable":true,"href":"https:\/\/wp.ufpel.edu.br\/direito\/wp-json\/wp\/v2\/pages\/77"}],"wp:attachment":[{"href":"https:\/\/wp.ufpel.edu.br\/direito\/wp-json\/wp\/v2\/media?parent=138"}],"curies":[{"name":"wp","href":"https:\/\/api.w.org\/{rel}","templated":true}]}}