{"id":1311,"date":"2014-09-18T10:14:08","date_gmt":"2014-09-18T13:14:08","guid":{"rendered":"https:\/\/wp.ufpel.edu.br\/direito\/?page_id=1311"},"modified":"2026-03-18T11:53:46","modified_gmt":"2026-03-18T14:53:46","slug":"defensa","status":"publish","type":"page","link":"https:\/\/wp.ufpel.edu.br\/direito\/epex\/defensa\/","title":{"rendered":"DEFENSA &#8211; Assessoria Criminal Popular"},"content":{"rendered":"<p style=\"text-align: justify\"><span style=\"color: #000000\">\u00a0\u00a0\u00a0\u00a0\u00a0\u00a0\u00a0\u00a0 O <strong>DEFENSA &#8211; Assessoria Criminal Popular<\/strong> se constitui em uma assessoria jur\u00eddica com \u00eanfase nas ci\u00eancias criminais que traz como objetivo principal a implementa\u00e7\u00e3o de um trabalho interdisciplinar que venha a desenvolver o ambiente de aprendizagem do estudante do curso de Direito, em dire\u00e7\u00e3o \u00e0 forma\u00e7\u00e3o de um profissional cr\u00edtico, qualificado e envolvido com o compromisso social e os direitos humanos.<\/span><\/p>\n<p style=\"text-align: justify\"><span style=\"color: #000000\">\u00a0\u00a0\u00a0\u00a0 O projeto realiza atendimentos \u00e0 comunidade pelotense no pr\u00e9dio do Servi\u00e7o de Assist\u00eancia Judici\u00e1ria da UFPel.\u00a0<\/span><\/p>\n<p style=\"text-align: justify\"><span style=\"color: #000000\">\u00a0\u00a0\u00a0\u00a0\u00a0\u00a0\u00a0<strong> Os atendimentos ocorrem nas ter\u00e7as-feiras, das 11h \u00e0s 12h, e nas sextas-feiras, das 15h \u00e0s 16h. <\/strong><br \/>\n<\/span><\/p>\n<p style=\"text-align: justify\"><span style=\"color: #000000\"><strong>https:\/\/wp.ufpel.edu.br\/libertas\/projetos-de-extensao\/projetos\/<\/strong><br \/>\n<\/span><\/p>\n<p style=\"text-align: justify\">\n<p style=\"text-align: justify\">\n<div><span style=\"color: #008000\"><strong>EDITAL DE SELE\u00c7\u00c3O &#8211; ADVOGADO(A) VOLUNT\u00c1RIO(A)<\/strong><\/span><\/div>\n<div style=\"border: 0px;font-family: inherit;line-height: 20px;font-size: 10pt;vertical-align: baseline;color: #000000;text-align: justify;font-style: inherit;background-color: transparent\"><\/div>\n<div style=\"border: 0px;font-family: inherit;line-height: 20px;font-size: 10pt;vertical-align: baseline;color: #000000;text-align: justify;font-style: inherit;background-color: transparent\">O Programa de Extens\u00e3o LIBERTAS, coordenado pelo Professor Bruno Rotta Almeida, da Faculdade de Direito da Universidade Federal de Pelotas, seleciona advogados\/as interessados\/as no Projeto de Extens\u00e3o DEFENSA Assessoria Criminal Popular, voltado \u00e0 defesa de pessoas socioeconomicamente vulner\u00e1veis em processos criminais.<\/div>\n<p style=\"text-align: justify\">\n<p style=\"text-align: justify\"><a href=\"https:\/\/wp.ufpel.edu.br\/direito\/files\/2015\/06\/DEFENSA_EDITAL-ADVOGADOS-VOLUNTARIOS.pdf\">DEFENSA_EDITAL ADVOGADOS VOLUNTARIOS<\/a><\/p>\n","protected":false},"excerpt":{"rendered":"<p>\u00a0\u00a0\u00a0\u00a0\u00a0\u00a0\u00a0\u00a0 O DEFENSA &#8211; Assessoria Criminal Popular se constitui em uma assessoria jur\u00eddica com \u00eanfase nas ci\u00eancias criminais que traz como objetivo principal a implementa\u00e7\u00e3o de um trabalho interdisciplinar que venha a desenvolver o ambiente de aprendizagem do estudante do curso de Direito, em dire\u00e7\u00e3o \u00e0 forma\u00e7\u00e3o de um profissional cr\u00edtico, qualificado e envolvido com [&hellip;]<\/p>\n","protected":false},"author":97,"featured_media":0,"parent":1271,"menu_order":3,"comment_status":"closed","ping_status":"closed","template":"","meta":{"footnotes":""},"class_list":["post-1311","page","type-page","status-publish","hentry"],"publishpress_future_action":{"enabled":false,"date":"2026-04-12 23:39:19","action":"change-status","newStatus":"draft","terms":[],"taxonomy":"","extraData":[]},"publishpress_future_workflow_manual_trigger":{"enabledWorkflows":[]},"_links":{"self":[{"href":"https:\/\/wp.ufpel.edu.br\/direito\/wp-json\/wp\/v2\/pages\/1311","targetHints":{"allow":["GET"]}}],"collection":[{"href":"https:\/\/wp.ufpel.edu.br\/direito\/wp-json\/wp\/v2\/pages"}],"about":[{"href":"https:\/\/wp.ufpel.edu.br\/direito\/wp-json\/wp\/v2\/types\/page"}],"author":[{"embeddable":true,"href":"https:\/\/wp.ufpel.edu.br\/direito\/wp-json\/wp\/v2\/users\/97"}],"replies":[{"embeddable":true,"href":"https:\/\/wp.ufpel.edu.br\/direito\/wp-json\/wp\/v2\/comments?post=1311"}],"version-history":[{"count":4,"href":"https:\/\/wp.ufpel.edu.br\/direito\/wp-json\/wp\/v2\/pages\/1311\/revisions"}],"predecessor-version":[{"id":1435,"href":"https:\/\/wp.ufpel.edu.br\/direito\/wp-json\/wp\/v2\/pages\/1311\/revisions\/1435"}],"up":[{"embeddable":true,"href":"https:\/\/wp.ufpel.edu.br\/direito\/wp-json\/wp\/v2\/pages\/1271"}],"wp:attachment":[{"href":"https:\/\/wp.ufpel.edu.br\/direito\/wp-json\/wp\/v2\/media?parent=1311"}],"curies":[{"name":"wp","href":"https:\/\/api.w.org\/{rel}","templated":true}]}}