{"id":1292,"date":"2014-09-17T15:51:15","date_gmt":"2014-09-17T18:51:15","guid":{"rendered":"https:\/\/wp.ufpel.edu.br\/direito\/?page_id=1292"},"modified":"2026-03-18T11:54:15","modified_gmt":"2026-03-18T14:54:15","slug":"gecon","status":"publish","type":"page","link":"https:\/\/wp.ufpel.edu.br\/direito\/epex\/gecon\/","title":{"rendered":"Grupo de Estudos e Pesquisa em Direito do Consumidor &#8211; GECON"},"content":{"rendered":"<p><a href=\"https:\/\/wp.ufpel.edu.br\/direito\/files\/2026\/02\/GECON-FD-UFPEL-logo-Fernando-Costa-de-Azevedo-e1772124815240.jpg\"><img loading=\"lazy\" decoding=\"async\" class=\"aligncenter size-medium wp-image-2994\" src=\"https:\/\/wp.ufpel.edu.br\/direito\/files\/2026\/02\/GECON-FD-UFPEL-logo-Fernando-Costa-de-Azevedo-e1772124815240-400x132.jpg\" alt=\"\" width=\"400\" height=\"132\" srcset=\"https:\/\/wp.ufpel.edu.br\/direito\/files\/2026\/02\/GECON-FD-UFPEL-logo-Fernando-Costa-de-Azevedo-e1772124815240-400x132.jpg 400w, https:\/\/wp.ufpel.edu.br\/direito\/files\/2026\/02\/GECON-FD-UFPEL-logo-Fernando-Costa-de-Azevedo-e1772124815240-768x254.jpg 768w, https:\/\/wp.ufpel.edu.br\/direito\/files\/2026\/02\/GECON-FD-UFPEL-logo-Fernando-Costa-de-Azevedo-e1772124815240.jpg 958w\" sizes=\"auto, (max-width: 400px) 100vw, 400px\" \/><\/a><\/p>\n<p style=\"text-align: justify;\">O<strong> GECON<\/strong> &#8211; Grupo de Estudos e Pesquisa em Direito do Consumidor (CNPq) vincula-se aos projetos de ensino, pesquisa e extens\u00e3o da Faculdade de Direito da Universidade Federal de Pelotas (UFPel) na promo\u00e7\u00e3o do conhecimento sobre o tema da prote\u00e7\u00e3o jur\u00eddica dos consumidores.<\/p>\n<p>O presente Grupo\/Projeto objetiva fomentar e desenvolver pesquisa acad\u00eamica docente e discente sobre o a prote\u00e7\u00e3o jur\u00eddica dos consumidores na sociedade contempor\u00e2nea, levando-se em conta a perspectiva do consumo atrelada aos fatores de vulnerabilidade social dos consumidores (econ\u00f4mica, informativa etc.). As atividades do projeto est\u00e3o relacionadas: a) no Curso de gradua\u00e7\u00e3o\/FD: com a disciplina &#8220;Direito do Consumidor&#8221; (optativa) e; b) na p\u00f3s-gradua\u00e7\u00e3o stricto sensu: com a disciplina (eletiva) do PPGD UFPel &#8220;Consumo e Vulnerabilidade na Sociedade Contempor\u00e2nea&#8221; e; nas atividades\/projetos de extens\u00e3o da FD: com o Programa de Extens\u00e3o &#8220;Consumo e Vulnerabilidade Social&#8221; e os projetos de extens\u00e3o que dele fazem parte, a exemplo do Projeto Balc\u00e3o do Consumidor SAJ UFPel.<\/p>\n<p>&nbsp;<\/p>\n<p><strong>OBJETIVOS<\/strong><\/p>\n<p>a) Fomentar e desenvolver pesquisa acad\u00eamica (docente e discente) nos seguintes eixos tem\u00e1ticos:<\/p>\n<ul>\n<li>a) A prote\u00e7\u00e3o jur\u00eddica dos grupos hipervulner\u00e1veis nas rela\u00e7\u00f5es de consumo;<\/li>\n<li>b) Acesso \u00e0 justi\u00e7a e prote\u00e7\u00e3o jur\u00eddica dos consumidores no S\u00e9culo XXI;<\/li>\n<li>c) Quest\u00e3o ambiental, servi\u00e7os p\u00fablicos e prote\u00e7\u00e3o jur\u00eddica dos consumidores;<\/li>\n<li>d) Prote\u00e7\u00e3o jur\u00eddica dos consumidores na era digital: informa\u00e7\u00e3o e responsabilidade por danos;<\/li>\n<li>e) Prote\u00e7\u00e3o jur\u00eddica dos consumidores no Mercosul e em contexto latino-americano;<\/li>\n<\/ul>\n<p>b) Contribuir, por meio da pesquisa acad\u00eamica docente e discente, com o aprimoramento do ensino de gradua\u00e7\u00e3o e p\u00f3s-gradua\u00e7\u00e3o stricto sensu (PPGD UFPEL) na tem\u00e1tica da prote\u00e7\u00e3o jur\u00eddica dos consumidores;<\/p>\n<p>c) Atuar de forma conjunta nas atividades dos projetos de extens\u00e3o vinculados ao Programa de Extens\u00e3o &#8220;Consumo e Vulnerabilidade Social&#8221;.<\/p>\n<p>&nbsp;<\/p>\n<p><strong>METODOLOGIA<\/strong><\/p>\n<p>Reuni\u00f5es peri\u00f3dicas da equipe docente e discente (semanais ou quinzenais a crit\u00e9rio da coordena\u00e7\u00e3o do Grupo), presenciais ou online.<\/p>\n<p>&nbsp;<\/p>\n<p><strong>P\u00daBLICO-ALVO<\/strong><\/p>\n<p>O p\u00fablico alvo s\u00e3o estudantes de gradua\u00e7\u00e3o e p\u00f3s-gradua\u00e7\u00e3o em direito ou \u00e1reas afins, preferencialmente da UFPel.<\/p>\n<p>&nbsp;<\/p>\n<p><strong>FORMAS DE INGRESSO<\/strong><\/p>\n<p>\u00c9 poss\u00edvel participar por meio de contato com a Coordena\u00e7\u00e3o do Grupo\/Projeto ou, havendo alta demanda, por meio de sele\u00e7\u00e3o realizada por Edital.<\/p>\n<p>&nbsp;<\/p>\n<p><strong>CONHE\u00c7A UM POUCO MAIS<\/strong><\/p>\n<p>Instagram: <a href=\"https:\/\/instagram.com\/gecon.ufpel\">@gecon.ufpel<\/a><\/p>\n<p>Site: <a href=\"http:\/\/www.geconufpel.com.br\">www.geconufpel.com.br<\/a>.<\/p>\n<p>&nbsp;<\/p>\n<table style=\"height: 447px; width: 100%; border-collapse: collapse; border-color: #ffffff;\" border=\"1\">\n<tbody>\n<tr style=\"border-color: #ffffff; background-color: #ffffff;\">\n<td style=\"width: 50%; height: 423px; border-color: #ffffff;\"><a href=\"https:\/\/wp.ufpel.edu.br\/direito\/files\/2026\/02\/foto-1-Fernando-Costa-de-Azevedo.png\"><img decoding=\"async\" class=\"aligncenter size-medium wp-image-2995\" src=\"https:\/\/wp.ufpel.edu.br\/direito\/files\/2026\/02\/foto-1-Fernando-Costa-de-Azevedo-400x400.png\" alt=\"\" width=\"400\" height=\"400\" \/ loading=\"lazy\" srcset=\"https:\/\/wp.ufpel.edu.br\/direito\/files\/2026\/02\/foto-1-Fernando-Costa-de-Azevedo-400x400.png 400w, https:\/\/wp.ufpel.edu.br\/direito\/files\/2026\/02\/foto-1-Fernando-Costa-de-Azevedo-1024x1024.png 1024w, https:\/\/wp.ufpel.edu.br\/direito\/files\/2026\/02\/foto-1-Fernando-Costa-de-Azevedo-200x200.png 200w, https:\/\/wp.ufpel.edu.br\/direito\/files\/2026\/02\/foto-1-Fernando-Costa-de-Azevedo-768x769.png 768w, https:\/\/wp.ufpel.edu.br\/direito\/files\/2026\/02\/foto-1-Fernando-Costa-de-Azevedo.png 1242w\" sizes=\"auto, (max-width: 400px) 100vw, 400px\" \/><\/a><\/td>\n<td style=\"width: 50%; height: 423px; border-color: #ffffff;\"><a href=\"https:\/\/drive.google.com\/file\/d\/1Kmr_HkcyF7CrbSITcH-H35o4-zA0WEk3\/view?fbclid=PAZXh0bgNhZW0CMTEAc3J0YwZhcHBfaWQMMjU2MjgxMDQwNTU4AAGnadhwIAj4F-FiC4SfcPk1gkQwAvCECb_lgfy-I9S3bmlwIQx1ST9fZXb6qYI_aem_HlH4O9p0Xn0cmTpjluM34g\"><img decoding=\"async\" class=\"aligncenter size-medium wp-image-2996\" src=\"https:\/\/wp.ufpel.edu.br\/direito\/files\/2026\/02\/livro-RJC-foto-Fernando-Costa-de-Azevedo-304x400.jpeg\" alt=\"\" width=\"304\" height=\"400\" \/ loading=\"lazy\" srcset=\"https:\/\/wp.ufpel.edu.br\/direito\/files\/2026\/02\/livro-RJC-foto-Fernando-Costa-de-Azevedo-304x400.jpeg 304w, https:\/\/wp.ufpel.edu.br\/direito\/files\/2026\/02\/livro-RJC-foto-Fernando-Costa-de-Azevedo-779x1024.jpeg 779w, https:\/\/wp.ufpel.edu.br\/direito\/files\/2026\/02\/livro-RJC-foto-Fernando-Costa-de-Azevedo-768x1010.jpeg 768w, https:\/\/wp.ufpel.edu.br\/direito\/files\/2026\/02\/livro-RJC-foto-Fernando-Costa-de-Azevedo-1168x1536.jpeg 1168w, https:\/\/wp.ufpel.edu.br\/direito\/files\/2026\/02\/livro-RJC-foto-Fernando-Costa-de-Azevedo.jpeg 1217w\" sizes=\"auto, (max-width: 304px) 100vw, 304px\" \/><\/a><\/td>\n<\/tr>\n<tr style=\"height: 24px;\">\n<td style=\"width: 50%; height: 24px; border-color: #ffffff;\" colspan=\"2\"><a href=\"https:\/\/drive.google.com\/file\/d\/16La5B4gJa7pj_JLNAs4lg8P2CL7z6V4z\/view?fbclid=PAZXh0bgNhZW0CMTEAc3J0YwZhcHBfaWQMMjU2MjgxMDQwNTU4AAGnHr7tLHFsmCAhfyNmwNYfLj0cJsS5Bfo73PvS8Ygibq6NJS9ha_GScAedJ0I_aem_KXGw7fOaChQxn3YPfwQJFg\"><img decoding=\"async\" class=\"aligncenter size-medium wp-image-2997\" src=\"https:\/\/wp.ufpel.edu.br\/direito\/files\/2026\/02\/Captura-de-tela-2026-02-26-140354-400x229.png\" alt=\"\" width=\"400\" height=\"229\" \/ loading=\"lazy\" srcset=\"https:\/\/wp.ufpel.edu.br\/direito\/files\/2026\/02\/Captura-de-tela-2026-02-26-140354-400x229.png 400w, https:\/\/wp.ufpel.edu.br\/direito\/files\/2026\/02\/Captura-de-tela-2026-02-26-140354.png 719w\" sizes=\"auto, (max-width: 400px) 100vw, 400px\" \/><\/a><\/td>\n<\/tr>\n<\/tbody>\n<\/table>\n<p>&nbsp;<\/p>\n<p>Artigos publicados na Coluna &#8211; colaboradores do GECON:<\/p>\n<p><a href=\"https:\/\/www.geconufpel.com.br\/blog\/categories\/coluna-colaboradores-do-gecon\">https:\/\/www.geconufpel.com.br\/blog\/categories\/coluna-colaboradores-do-gecon<\/a><\/p>\n<p>&nbsp;<\/p>\n<p>Artigos publicados na Coluna &#8211; professores convidados:<\/p>\n<p><a href=\"https:\/\/www.geconufpel.com.br\/blog\/categories\/coluna-colaboradores-externos\">https:\/\/www.geconufpel.com.br\/blog\/categories\/coluna-colaboradores-externos<\/a><\/p>\n<p>&nbsp;<\/p>\n<p>Outros publica\u00e7\u00f5es em formato digital (acesso pelo site do GECON):<\/p>\n<p><a href=\"https:\/\/www.geconufpel.com.br\/biblioteca\">https:\/\/www.geconufpel.com.br\/biblioteca<\/a><\/p>\n","protected":false},"excerpt":{"rendered":"<p>O GECON &#8211; Grupo de Estudos e Pesquisa em Direito do Consumidor (CNPq) vincula-se aos projetos de ensino, pesquisa e extens\u00e3o da Faculdade de Direito da Universidade Federal de Pelotas (UFPel) na promo\u00e7\u00e3o do conhecimento sobre o tema da prote\u00e7\u00e3o jur\u00eddica dos consumidores. O presente Grupo\/Projeto objetiva fomentar e desenvolver pesquisa acad\u00eamica docente e discente [&hellip;]<\/p>\n","protected":false},"author":97,"featured_media":0,"parent":1271,"menu_order":6,"comment_status":"closed","ping_status":"closed","template":"","meta":{"footnotes":""},"class_list":["post-1292","page","type-page","status-publish","hentry"],"publishpress_future_action":{"enabled":false,"date":"2026-04-24 05:34:58","action":"change-status","newStatus":"draft","terms":[],"taxonomy":"","extraData":[]},"publishpress_future_workflow_manual_trigger":{"enabledWorkflows":[]},"_links":{"self":[{"href":"https:\/\/wp.ufpel.edu.br\/direito\/wp-json\/wp\/v2\/pages\/1292","targetHints":{"allow":["GET"]}}],"collection":[{"href":"https:\/\/wp.ufpel.edu.br\/direito\/wp-json\/wp\/v2\/pages"}],"about":[{"href":"https:\/\/wp.ufpel.edu.br\/direito\/wp-json\/wp\/v2\/types\/page"}],"author":[{"embeddable":true,"href":"https:\/\/wp.ufpel.edu.br\/direito\/wp-json\/wp\/v2\/users\/97"}],"replies":[{"embeddable":true,"href":"https:\/\/wp.ufpel.edu.br\/direito\/wp-json\/wp\/v2\/comments?post=1292"}],"version-history":[{"count":3,"href":"https:\/\/wp.ufpel.edu.br\/direito\/wp-json\/wp\/v2\/pages\/1292\/revisions"}],"predecessor-version":[{"id":2999,"href":"https:\/\/wp.ufpel.edu.br\/direito\/wp-json\/wp\/v2\/pages\/1292\/revisions\/2999"}],"up":[{"embeddable":true,"href":"https:\/\/wp.ufpel.edu.br\/direito\/wp-json\/wp\/v2\/pages\/1271"}],"wp:attachment":[{"href":"https:\/\/wp.ufpel.edu.br\/direito\/wp-json\/wp\/v2\/media?parent=1292"}],"curies":[{"name":"wp","href":"https:\/\/api.w.org\/{rel}","templated":true}]}}