{"id":1215,"date":"2014-09-08T15:51:18","date_gmt":"2014-09-08T18:51:18","guid":{"rendered":"https:\/\/wp.ufpel.edu.br\/direito\/?page_id=1215"},"modified":"2026-03-18T11:54:55","modified_gmt":"2026-03-18T14:54:55","slug":"libertas","status":"publish","type":"page","link":"https:\/\/wp.ufpel.edu.br\/direito\/epex\/libertas\/","title":{"rendered":"LIBERTAS"},"content":{"rendered":"<p><strong><span style=\"color: #ff0000\">LIBERTAS &#8211; Programa de Extens\u00e3o em Ci\u00eancias Criminais<\/span><\/strong><\/p>\n<div style=\"border: 0px;font-family: Georgia, serif;line-height: 20px;font-size: 15px;vertical-align: baseline;color: #666666;text-align: justify\"><span style=\"padding: 0px;border: 0px;font-family: inherit;font-style: inherit;font-variant: inherit;font-weight: inherit;line-height: inherit;font-size: 10pt;vertical-align: baseline;color: #333333\"><span style=\"padding: 0px;border: 0px;font-family: inherit;font-style: inherit;font-variant: inherit;font-weight: inherit;line-height: inherit;vertical-align: baseline;color: #000000\">O programa LIBERTAS se destina \u00e0 reflex\u00e3o e constru\u00e7\u00e3o de uma concep\u00e7\u00e3o cr\u00edtica das Ci\u00eancias Criminais nas seguintes abordagens: sistemas jur\u00eddico-penais; crime e viol\u00eancia; puni\u00e7\u00e3o e controle social; vulnerabilidade social. O programa objetiva a elabora\u00e7\u00e3o de pol\u00edticas sociais em parceria com a comunidade na tentativa de supera\u00e7\u00e3o do modelo atual. A partir da compreens\u00e3o do papel perverso que desenvolve o sistema penal, principalmente em nossa regi\u00e3o marginal, visa-se fomentar o pensamento cient\u00edfico na luta por um sistema penal humanista e menos estigmatizante.<\/span><\/span><\/div>\n<div style=\"border: 0px;font-family: Georgia, serif;line-height: 20px;font-size: 15px;vertical-align: baseline;color: #666666;text-align: justify\"><\/div>\n<div style=\"background-color: transparent\"><\/div>\n<div style=\"border: 0px;font-family: Georgia, serif;line-height: 20px;font-size: 15px;vertical-align: baseline;color: #666666;text-align: justify\"><span style=\"padding: 0px;border: 0px;font-family: inherit;font-style: inherit;font-variant: inherit;font-weight: inherit;line-height: inherit;font-size: 10pt;vertical-align: baseline;color: #000000\">Logo, o LIBERTAS visa a realiza\u00e7\u00e3o de a\u00e7\u00f5es que conciliem ensino, pesquisa e extens\u00e3o, forjando um sistema completo e que aprimora a produ\u00e7\u00e3o do conhecimento ao permitir a intera\u00e7\u00e3o de atores, como professores, estudantes e a comunidade social.<\/span><\/div>\n<div style=\"border: 0px;font-family: Georgia, serif;line-height: 20px;font-size: 15px;vertical-align: baseline;color: #666666;text-align: justify\"><\/div>\n<div style=\"border: 0px;font-family: Georgia, serif;line-height: 20px;font-size: 15px;vertical-align: baseline;color: #666666;text-align: justify\"><\/div>\n<div style=\"border: 0px;font-family: inherit;line-height: 20px;font-size: 10pt;vertical-align: baseline;color: #000000;text-align: justify;font-style: inherit;background-color: transparent\">Acesse o site do LIBERTAS:\u00a0 https:\/\/wp.ufpel.edu.br\/libertas\/<\/div>\n<div style=\"border: 0px;font-family: inherit;line-height: 20px;font-size: 10pt;vertical-align: baseline;color: #000000;text-align: justify;font-style: inherit;background-color: transparent\"><\/div>\n<div style=\"border: 0px;font-family: inherit;line-height: 20px;font-size: 10pt;vertical-align: baseline;color: #000000;text-align: justify;font-style: inherit;background-color: transparent\"><\/div>\n<div style=\"border: 0px;font-family: inherit;line-height: 20px;font-size: 10pt;vertical-align: baseline;color: #000000;text-align: justify;font-style: inherit;background-color: transparent\"><\/div>\n<div style=\"border: 0px;font-family: inherit;line-height: 20px;font-size: 10pt;vertical-align: baseline;color: #000000;text-align: justify;font-style: inherit;background-color: transparent\"><\/div>\n<div style=\"border: 0px;font-family: inherit;line-height: 20px;font-size: 10pt;vertical-align: baseline;color: #000000;text-align: justify;font-style: inherit;background-color: transparent\"><\/div>\n<div style=\"border: 0px;font-family: inherit;line-height: 20px;font-size: 10pt;vertical-align: baseline;color: #000000;text-align: justify;font-style: inherit;background-color: transparent\"><\/div>\n<div style=\"border: 0px;font-family: inherit;line-height: 20px;font-size: 10pt;vertical-align: baseline;color: #000000;text-align: justify;font-style: inherit;background-color: transparent\"><\/div>\n<div style=\"border: 0px;font-family: inherit;line-height: 20px;font-size: 10pt;vertical-align: baseline;color: #000000;text-align: justify;font-style: inherit;background-color: transparent\"><strong><span style=\"color: #0000ff\">EDITAL DE SELE\u00c7\u00c3O &#8211; ADVOGADO(A) VOLUNT\u00c1RIO(A)<\/span><\/strong><\/div>\n<div style=\"border: 0px;font-family: inherit;line-height: 20px;font-size: 10pt;vertical-align: baseline;color: #000000;text-align: justify;font-style: inherit;background-color: transparent\"><\/div>\n<div style=\"border: 0px;font-family: inherit;line-height: 20px;font-size: 10pt;vertical-align: baseline;color: #000000;text-align: justify;font-style: inherit;background-color: transparent\"><\/div>\n<div style=\"border: 0px;font-family: inherit;line-height: 20px;font-size: 10pt;vertical-align: baseline;color: #000000;text-align: justify;font-style: inherit;background-color: transparent\">O Programa de Extens\u00e3o LIBERTAS, coordenado pelo Professor Bruno Rotta Almeida, da Faculdade de Direito da Universidade Federal de Pelotas, seleciona advogados\/as interessados\/as no Projeto de Extens\u00e3o DEFENSA Assessoria Criminal Popular, voltado \u00e0 defesa de pessoas socioeconomicamente vulner\u00e1veis em processos criminais.<\/div>\n<div style=\"border: 0px;font-family: inherit;line-height: 20px;font-size: 10pt;vertical-align: baseline;color: #000000;text-align: justify;font-style: inherit;background-color: transparent\"><\/div>\n<div style=\"border: 0px;font-family: inherit;line-height: 20px;font-size: 10pt;vertical-align: baseline;color: #000000;text-align: justify;font-style: inherit;background-color: transparent\"><\/div>\n<div style=\"border: 0px;font-family: inherit;line-height: 20px;font-size: 10pt;vertical-align: baseline;color: #000000;text-align: justify;font-style: inherit;background-color: transparent\"><a href=\"https:\/\/wp.ufpel.edu.br\/direito\/files\/2015\/06\/DEFENSA_EDITAL-ADVOGADOS-VOLUNTARIOS.pdf\">DEFENSA_EDITAL ADVOGADOS VOLUNTARIOS<\/a><\/div>\n<div style=\"border: 0px;font-family: inherit;line-height: 20px;font-size: 10pt;vertical-align: baseline;color: #000000;text-align: justify;font-style: inherit;background-color: transparent\"><\/div>\n","protected":false},"excerpt":{"rendered":"<p>LIBERTAS &#8211; Programa de Extens\u00e3o em Ci\u00eancias Criminais O programa LIBERTAS se destina \u00e0 reflex\u00e3o e constru\u00e7\u00e3o de uma concep\u00e7\u00e3o cr\u00edtica das Ci\u00eancias Criminais nas seguintes abordagens: sistemas jur\u00eddico-penais; crime e viol\u00eancia; puni\u00e7\u00e3o e controle social; vulnerabilidade social. O programa objetiva a elabora\u00e7\u00e3o de pol\u00edticas sociais em parceria com a comunidade na tentativa de supera\u00e7\u00e3o [&hellip;]<\/p>\n","protected":false},"author":97,"featured_media":0,"parent":1271,"menu_order":12,"comment_status":"closed","ping_status":"closed","template":"","meta":{"footnotes":""},"class_list":["post-1215","page","type-page","status-publish","hentry"],"publishpress_future_action":{"enabled":false,"date":"2026-04-11 12:39:15","action":"change-status","newStatus":"draft","terms":[],"taxonomy":"","extraData":[]},"publishpress_future_workflow_manual_trigger":{"enabledWorkflows":[]},"_links":{"self":[{"href":"https:\/\/wp.ufpel.edu.br\/direito\/wp-json\/wp\/v2\/pages\/1215","targetHints":{"allow":["GET"]}}],"collection":[{"href":"https:\/\/wp.ufpel.edu.br\/direito\/wp-json\/wp\/v2\/pages"}],"about":[{"href":"https:\/\/wp.ufpel.edu.br\/direito\/wp-json\/wp\/v2\/types\/page"}],"author":[{"embeddable":true,"href":"https:\/\/wp.ufpel.edu.br\/direito\/wp-json\/wp\/v2\/users\/97"}],"replies":[{"embeddable":true,"href":"https:\/\/wp.ufpel.edu.br\/direito\/wp-json\/wp\/v2\/comments?post=1215"}],"version-history":[{"count":5,"href":"https:\/\/wp.ufpel.edu.br\/direito\/wp-json\/wp\/v2\/pages\/1215\/revisions"}],"predecessor-version":[{"id":1436,"href":"https:\/\/wp.ufpel.edu.br\/direito\/wp-json\/wp\/v2\/pages\/1215\/revisions\/1436"}],"up":[{"embeddable":true,"href":"https:\/\/wp.ufpel.edu.br\/direito\/wp-json\/wp\/v2\/pages\/1271"}],"wp:attachment":[{"href":"https:\/\/wp.ufpel.edu.br\/direito\/wp-json\/wp\/v2\/media?parent=1215"}],"curies":[{"name":"wp","href":"https:\/\/api.w.org\/{rel}","templated":true}]}}