{"id":96,"date":"2022-08-09T15:08:39","date_gmt":"2022-08-09T18:08:39","guid":{"rendered":"https:\/\/wp.ufpel.edu.br\/digtwins4buildings\/?page_id=96"},"modified":"2022-10-07T15:04:40","modified_gmt":"2022-10-07T18:04:40","slug":"digtwins","status":"publish","type":"page","link":"https:\/\/wp.ufpel.edu.br\/digtwins4buildings\/","title":{"rendered":"Home"},"content":{"rendered":"<h2 style=\"text-align: justify;\"><span style=\"font-size: 14pt;\"><strong>Human-centric digital twins for building management (DigTwins4buildings)<\/strong><\/span><\/h2>\n<p style=\"text-align: center;\">This research project is an international cooperation between the Universidade Federal de Pelotas (UFPel), Brazil, and Universitat Polit\u00e8cnica de Catalunya (UPC), Spain.<\/p>\n<p style=\"text-align: center;\"><img loading=\"lazy\" decoding=\"async\" class=\"aligncenter wp-image-117\" src=\"https:\/\/wp.ufpel.edu.br\/digtwins4buildings\/files\/2022\/08\/Marca-Colorida-UFPEL_10042014-337x150-1-e1660426818529.png\" alt=\"\" width=\"300\" height=\"109\" \/><\/p>\n<p style=\"text-align: center;\">\u00a0 \u00a0 \u00a0<img loading=\"lazy\" decoding=\"async\" class=\"alignnone wp-image-116\" src=\"https:\/\/wp.ufpel.edu.br\/digtwins4buildings\/files\/2022\/08\/cat-e1660426805768.png\" alt=\"\" width=\"300\" height=\"73\" srcset=\"https:\/\/wp.ufpel.edu.br\/digtwins4buildings\/files\/2022\/08\/cat-e1660426805768.png 666w, https:\/\/wp.ufpel.edu.br\/digtwins4buildings\/files\/2022\/08\/cat-e1660426805768-400x98.png 400w, https:\/\/wp.ufpel.edu.br\/digtwins4buildings\/files\/2022\/08\/cat-e1660426805768-600x147.png 600w\" sizes=\"auto, (max-width: 300px) 100vw, 300px\" \/><\/p>\n<p style=\"text-align: center;\">Financed by Funda\u00e7\u00e3o de Amparo \u00e0 Pesquisa do Estado do Rio Grande do Sul (FAPERGS), grant number 22\/2551-0000574-8.<\/p>\n<p style=\"text-align: center;\"><img loading=\"lazy\" decoding=\"async\" class=\"wp-image-118 aligncenter\" src=\"https:\/\/wp.ufpel.edu.br\/digtwins4buildings\/files\/2022\/08\/29150928_3283_GDO-400x208.jpg\" alt=\"\" width=\"304\" height=\"158\" srcset=\"https:\/\/wp.ufpel.edu.br\/digtwins4buildings\/files\/2022\/08\/29150928_3283_GDO-400x208.jpg 400w, https:\/\/wp.ufpel.edu.br\/digtwins4buildings\/files\/2022\/08\/29150928_3283_GDO-768x398.jpg 768w, https:\/\/wp.ufpel.edu.br\/digtwins4buildings\/files\/2022\/08\/29150928_3283_GDO-600x311.jpg 600w, https:\/\/wp.ufpel.edu.br\/digtwins4buildings\/files\/2022\/08\/29150928_3283_GDO.jpg 800w\" sizes=\"auto, (max-width: 304px) 100vw, 304px\" \/><\/p>\n","protected":false},"excerpt":{"rendered":"<p>Human-centric digital twins for building management (DigTwins4buildings) This research project is an international cooperation between the Universidade Federal de Pelotas (UFPel), Brazil, and Universitat Polit\u00e8cnica de Catalunya (UPC), Spain. \u00a0 \u00a0 \u00a0 Financed by Funda\u00e7\u00e3o de Amparo \u00e0 Pesquisa do Estado do Rio Grande do Sul (FAPERGS), grant number 22\/2551-0000574-8.<\/p>\n","protected":false},"author":1250,"featured_media":0,"parent":0,"menu_order":0,"comment_status":"closed","ping_status":"closed","template":"","meta":{"footnotes":""},"class_list":["post-96","page","type-page","status-publish","hentry"],"_links":{"self":[{"href":"https:\/\/wp.ufpel.edu.br\/digtwins4buildings\/wp-json\/wp\/v2\/pages\/96","targetHints":{"allow":["GET"]}}],"collection":[{"href":"https:\/\/wp.ufpel.edu.br\/digtwins4buildings\/wp-json\/wp\/v2\/pages"}],"about":[{"href":"https:\/\/wp.ufpel.edu.br\/digtwins4buildings\/wp-json\/wp\/v2\/types\/page"}],"author":[{"embeddable":true,"href":"https:\/\/wp.ufpel.edu.br\/digtwins4buildings\/wp-json\/wp\/v2\/users\/1250"}],"replies":[{"embeddable":true,"href":"https:\/\/wp.ufpel.edu.br\/digtwins4buildings\/wp-json\/wp\/v2\/comments?post=96"}],"version-history":[{"count":9,"href":"https:\/\/wp.ufpel.edu.br\/digtwins4buildings\/wp-json\/wp\/v2\/pages\/96\/revisions"}],"predecessor-version":[{"id":223,"href":"https:\/\/wp.ufpel.edu.br\/digtwins4buildings\/wp-json\/wp\/v2\/pages\/96\/revisions\/223"}],"wp:attachment":[{"href":"https:\/\/wp.ufpel.edu.br\/digtwins4buildings\/wp-json\/wp\/v2\/media?parent=96"}],"curies":[{"name":"wp","href":"https:\/\/api.w.org\/{rel}","templated":true}]}}