{"id":17,"date":"2015-07-07T12:28:38","date_gmt":"2015-07-07T15:28:38","guid":{"rendered":"https:\/\/wp.ufpel.edu.br\/digital\/?page_id=17"},"modified":"2015-12-06T02:08:41","modified_gmt":"2015-12-06T04:08:41","slug":"fichas-de-catalogacao","status":"publish","type":"page","link":"https:\/\/wp.ufpel.edu.br\/digital\/fichas-de-catalogacao\/","title":{"rendered":"Fichas de Cataloga\u00e7\u00e3o"},"content":{"rendered":"<p>Esse espa\u00e7o \u00e9 destinado \u00e0 divulga\u00e7\u00e3o de Fichas de Cataloga\u00e7\u00e3o de sistemas de gerenciamento de conte\u00fados dispon\u00edveis na Internet.\u00a0 As Fichas de Cataloga\u00e7\u00e3o visam trazer subs\u00eddios para a escolhas dos sistemas e para o desenvolvimento de tutoriais que auxiliem estudantes de jornalismo.<\/p>\n<h5><span style=\"color: #ff6600\"><strong>1. BLOGGER<\/strong><\/span><\/h5>\n<p>Sistema de Gerenciamento de Conte\u00fado de propriedade do Google.<\/p>\n<p><strong>Ficha de Cataloga\u00e7\u00e3o:<\/strong> <a href=\"https:\/\/wp.ufpel.edu.br\/digital\/files\/2015\/08\/ficha-catalogacao-Blogger.pdf\">ficha-catalogacao-Blogger<\/a><\/p>\n<h5><span style=\"color: #ff6600\"><strong>2. WordPress<\/strong><\/span><\/h5>\n<p>Sistema de Gerenciamento de Conte\u00fado com c\u00f3digo aberto, desenvolvido por uma comunidade\u00a0 de programadores.<\/p>\n<p><strong>Ficha de Cataloga\u00e7\u00e3o: <a href=\"https:\/\/wp.ufpel.edu.br\/digital\/files\/2015\/08\/ficha-catalogacao-wordpress.pdf\">ficha-catalogacao-wordpress<\/a><br \/>\n<\/strong><\/p>\n<h5><span style=\"color: #ff6600\"><strong>3. Visually<\/strong><\/span><\/h5>\n<p>Plataforma que possibilita a divulga\u00e7\u00e3o de infogr\u00e1ficos, representa\u00e7\u00f5es visuais que facilitam a compreens\u00e3o de conte\u00fado, e tamb\u00e9m de e-books, v\u00eddeos, web sites interativos, apresenta\u00e7\u00f5es de slides e imagens para redes sociais.<\/p>\n<p><strong>Ficha de Cataloga\u00e7\u00e3o: <a href=\"https:\/\/wp.ufpel.edu.br\/digital\/files\/2015\/07\/ficah-catalogacao-visually.pdf\">ficah-catalogacao-visually<\/a><br \/>\n<\/strong><\/p>\n<p><span style=\"color: #ff6600\"><strong>4. Infogram<\/strong><\/span><\/p>\n<p>Plataforma que possibilita a cria\u00e7\u00e3o e divulga\u00e7\u00e3o de infogr\u00e1ficos, representa\u00e7\u00f5es visuais que facilitam a compreens\u00e3o de conte\u00fado jornal\u00edstico.<\/p>\n<p><strong>Ficha de Cataloga\u00e7\u00e3o: <a href=\"https:\/\/wp.ufpel.edu.br\/digital\/files\/2015\/07\/Ficha-Infogram.pdf\">Ficha &#8211; Infogram<\/a><\/strong><\/p>\n<p><span style=\"color: #ff6600\"><strong>5. Piktochart<br \/>\n<\/strong><\/span><\/p>\n<p>Plataforma que possibilita a cria\u00e7\u00e3o e divulga\u00e7\u00e3o de infogr\u00e1ficos, representa\u00e7\u00f5es visuais que facilitam a compreens\u00e3o de conte\u00fado jornal\u00edstico.<\/p>\n<p><strong>Ficha de Cataloga\u00e7\u00e3o: <a href=\"https:\/\/wp.ufpel.edu.br\/digital\/files\/2015\/07\/Ficha-Piktochart.pdf\">Ficha &#8211; Piktochart<\/a><\/strong><\/p>\n<p>&nbsp;<\/p>\n","protected":false},"excerpt":{"rendered":"<p>Esse espa\u00e7o \u00e9 destinado \u00e0 divulga\u00e7\u00e3o de Fichas de Cataloga\u00e7\u00e3o de sistemas de gerenciamento de conte\u00fados dispon\u00edveis na Internet.\u00a0 As Fichas de Cataloga\u00e7\u00e3o visam trazer subs\u00eddios para a escolhas dos sistemas e para o desenvolvimento de tutoriais que auxiliem estudantes de jornalismo. 1. BLOGGER Sistema de Gerenciamento de Conte\u00fado de propriedade do Google. Ficha de&hellip;<\/p>\n","protected":false},"author":525,"featured_media":0,"parent":0,"menu_order":0,"comment_status":"closed","ping_status":"closed","template":"","meta":{"footnotes":""},"class_list":["post-17","page","type-page","status-publish","hentry"],"_links":{"self":[{"href":"https:\/\/wp.ufpel.edu.br\/digital\/wp-json\/wp\/v2\/pages\/17","targetHints":{"allow":["GET"]}}],"collection":[{"href":"https:\/\/wp.ufpel.edu.br\/digital\/wp-json\/wp\/v2\/pages"}],"about":[{"href":"https:\/\/wp.ufpel.edu.br\/digital\/wp-json\/wp\/v2\/types\/page"}],"author":[{"embeddable":true,"href":"https:\/\/wp.ufpel.edu.br\/digital\/wp-json\/wp\/v2\/users\/525"}],"replies":[{"embeddable":true,"href":"https:\/\/wp.ufpel.edu.br\/digital\/wp-json\/wp\/v2\/comments?post=17"}],"version-history":[{"count":8,"href":"https:\/\/wp.ufpel.edu.br\/digital\/wp-json\/wp\/v2\/pages\/17\/revisions"}],"predecessor-version":[{"id":66,"href":"https:\/\/wp.ufpel.edu.br\/digital\/wp-json\/wp\/v2\/pages\/17\/revisions\/66"}],"wp:attachment":[{"href":"https:\/\/wp.ufpel.edu.br\/digital\/wp-json\/wp\/v2\/media?parent=17"}],"curies":[{"name":"wp","href":"https:\/\/api.w.org\/{rel}","templated":true}]}}