{"id":9,"date":"2016-02-19T15:30:32","date_gmt":"2016-02-19T17:30:32","guid":{"rendered":"https:\/\/wp.ufpel.edu.br\/diehl\/?page_id=9"},"modified":"2017-09-26T08:45:28","modified_gmt":"2017-09-26T11:45:28","slug":"grupo-tssc","status":"publish","type":"page","link":"https:\/\/wp.ufpel.edu.br\/diehl\/pagina-exemplo\/grupo-tssc\/","title":{"rendered":"Grupo TSSC"},"content":{"rendered":"<p>O grupo de pesquisa Teoria e Simula\u00e7\u00e3o de Sistemas Complexos (TSSC) foi criado em 2008, com o in\u00edcio do Curso de Mestrado em F\u00edsica da UFPel.<\/p>\n","protected":false},"excerpt":{"rendered":"<p>O grupo de pesquisa Teoria e Simula\u00e7\u00e3o de Sistemas Complexos (TSSC) foi criado em 2008, com o in\u00edcio do Curso de Mestrado em F\u00edsica da UFPel.<\/p>\n","protected":false},"author":803,"featured_media":0,"parent":2,"menu_order":0,"comment_status":"closed","ping_status":"closed","template":"","meta":{"footnotes":""},"class_list":["post-9","page","type-page","status-publish","hentry"],"_links":{"self":[{"href":"https:\/\/wp.ufpel.edu.br\/diehl\/wp-json\/wp\/v2\/pages\/9","targetHints":{"allow":["GET"]}}],"collection":[{"href":"https:\/\/wp.ufpel.edu.br\/diehl\/wp-json\/wp\/v2\/pages"}],"about":[{"href":"https:\/\/wp.ufpel.edu.br\/diehl\/wp-json\/wp\/v2\/types\/page"}],"author":[{"embeddable":true,"href":"https:\/\/wp.ufpel.edu.br\/diehl\/wp-json\/wp\/v2\/users\/803"}],"replies":[{"embeddable":true,"href":"https:\/\/wp.ufpel.edu.br\/diehl\/wp-json\/wp\/v2\/comments?post=9"}],"version-history":[{"count":1,"href":"https:\/\/wp.ufpel.edu.br\/diehl\/wp-json\/wp\/v2\/pages\/9\/revisions"}],"predecessor-version":[{"id":11,"href":"https:\/\/wp.ufpel.edu.br\/diehl\/wp-json\/wp\/v2\/pages\/9\/revisions\/11"}],"up":[{"embeddable":true,"href":"https:\/\/wp.ufpel.edu.br\/diehl\/wp-json\/wp\/v2\/pages\/2"}],"wp:attachment":[{"href":"https:\/\/wp.ufpel.edu.br\/diehl\/wp-json\/wp\/v2\/media?parent=9"}],"curies":[{"name":"wp","href":"https:\/\/api.w.org\/{rel}","templated":true}]}}