{"id":768,"date":"2017-09-16T19:23:59","date_gmt":"2017-09-16T22:23:59","guid":{"rendered":"https:\/\/wp.ufpel.edu.br\/diehl\/?page_id=768"},"modified":"2020-09-20T17:27:23","modified_gmt":"2020-09-20T20:27:23","slug":"simulacoes-computacionais-para-o-ensino-de-fisica-022017","status":"publish","type":"page","link":"https:\/\/wp.ufpel.edu.br\/diehl\/ensino\/simulacoes-computacionais-para-o-ensino-de-fisica-022017\/","title":{"rendered":"Simula\u00e7\u00f5es Computacionais no Ensino de F\u00edsica (02\/2019)"},"content":{"rendered":"<p style=\"text-align: justify\">Nesta p\u00e1gina voc\u00ea encontra as informa\u00e7\u00f5es relativas \u00e0 disciplina Simula\u00e7\u00f5es Computacionais no Ensino de F\u00edsica (11090044), ministrada para os alunos de Licenciatura em F\u00edsica da UFPel, em car\u00e1ter obrigat\u00f3rio.<\/p>\n<h3><span style=\"color: #0000ff\"><strong>Semestre 02\/2019<\/strong><\/span><\/h3>\n<p style=\"text-align: justify\"><a href=\"https:\/\/wp.ufpel.edu.br\/diehl\/files\/2019\/08\/calendarioSCEF_022019-1.png\"><img loading=\"lazy\" decoding=\"async\" class=\" wp-image-1519 alignleft\" src=\"https:\/\/wp.ufpel.edu.br\/diehl\/files\/2019\/08\/calendarioSCEF_022019-1-205x318.png\" alt=\"\" width=\"107\" height=\"165\" srcset=\"https:\/\/wp.ufpel.edu.br\/diehl\/files\/2019\/08\/calendarioSCEF_022019-1-205x318.png 205w, https:\/\/wp.ufpel.edu.br\/diehl\/files\/2019\/08\/calendarioSCEF_022019-1-768x1193.png 768w, https:\/\/wp.ufpel.edu.br\/diehl\/files\/2019\/08\/calendarioSCEF_022019-1.png 798w\" sizes=\"auto, (max-width: 107px) 100vw, 107px\" \/><\/a>O Calend\u00e1rio de aulas para o semestre 02\/2019 est\u00e1 dispon\u00edvel. Neste semestre de 18 semanas teremos 34 encontros, sempre na sala 113 do pr\u00e9dio 16 do IFM. Os hor\u00e1rios s\u00e3o os seguintes: ter\u00e7a-feira (14:00-17:40) e quinta-feira (14:00-15:40).<\/p>\n","protected":false},"excerpt":{"rendered":"<p>Nesta p\u00e1gina voc\u00ea encontra as informa\u00e7\u00f5es relativas \u00e0 disciplina Simula\u00e7\u00f5es Computacionais no Ensino de F\u00edsica (11090044), ministrada para os alunos de Licenciatura em F\u00edsica da UFPel, em car\u00e1ter obrigat\u00f3rio. Semestre 02\/2019 O Calend\u00e1rio de aulas para o semestre 02\/2019 est\u00e1 &hellip; <a href=\"https:\/\/wp.ufpel.edu.br\/diehl\/ensino\/simulacoes-computacionais-para-o-ensino-de-fisica-022017\/\">Continue lendo <span class=\"meta-nav\">&rarr;<\/span><\/a><\/p>\n","protected":false},"author":803,"featured_media":0,"parent":5,"menu_order":0,"comment_status":"closed","ping_status":"closed","template":"","meta":{"footnotes":""},"class_list":["post-768","page","type-page","status-publish","hentry"],"_links":{"self":[{"href":"https:\/\/wp.ufpel.edu.br\/diehl\/wp-json\/wp\/v2\/pages\/768","targetHints":{"allow":["GET"]}}],"collection":[{"href":"https:\/\/wp.ufpel.edu.br\/diehl\/wp-json\/wp\/v2\/pages"}],"about":[{"href":"https:\/\/wp.ufpel.edu.br\/diehl\/wp-json\/wp\/v2\/types\/page"}],"author":[{"embeddable":true,"href":"https:\/\/wp.ufpel.edu.br\/diehl\/wp-json\/wp\/v2\/users\/803"}],"replies":[{"embeddable":true,"href":"https:\/\/wp.ufpel.edu.br\/diehl\/wp-json\/wp\/v2\/comments?post=768"}],"version-history":[{"count":17,"href":"https:\/\/wp.ufpel.edu.br\/diehl\/wp-json\/wp\/v2\/pages\/768\/revisions"}],"predecessor-version":[{"id":1520,"href":"https:\/\/wp.ufpel.edu.br\/diehl\/wp-json\/wp\/v2\/pages\/768\/revisions\/1520"}],"up":[{"embeddable":true,"href":"https:\/\/wp.ufpel.edu.br\/diehl\/wp-json\/wp\/v2\/pages\/5"}],"wp:attachment":[{"href":"https:\/\/wp.ufpel.edu.br\/diehl\/wp-json\/wp\/v2\/media?parent=768"}],"curies":[{"name":"wp","href":"https:\/\/api.w.org\/{rel}","templated":true}]}}