{"id":5,"date":"2016-02-19T15:28:48","date_gmt":"2016-02-19T17:28:48","guid":{"rendered":"https:\/\/wp.ufpel.edu.br\/diehl\/?page_id=5"},"modified":"2017-09-26T08:45:14","modified_gmt":"2017-09-26T11:45:14","slug":"ensino","status":"publish","type":"page","link":"https:\/\/wp.ufpel.edu.br\/diehl\/ensino\/","title":{"rendered":"Ensino"},"content":{"rendered":"<p>Aqui voc\u00ea tem as informa\u00e7\u00f5es dobre as disciplinas ministradas pelo Prof. Alexandre Diehl.<\/p>\n","protected":false},"excerpt":{"rendered":"<p>Aqui voc\u00ea tem as informa\u00e7\u00f5es dobre as disciplinas ministradas pelo Prof. Alexandre Diehl.<\/p>\n","protected":false},"author":803,"featured_media":0,"parent":0,"menu_order":0,"comment_status":"closed","ping_status":"closed","template":"","meta":{"footnotes":""},"class_list":["post-5","page","type-page","status-publish","hentry"],"_links":{"self":[{"href":"https:\/\/wp.ufpel.edu.br\/diehl\/wp-json\/wp\/v2\/pages\/5","targetHints":{"allow":["GET"]}}],"collection":[{"href":"https:\/\/wp.ufpel.edu.br\/diehl\/wp-json\/wp\/v2\/pages"}],"about":[{"href":"https:\/\/wp.ufpel.edu.br\/diehl\/wp-json\/wp\/v2\/types\/page"}],"author":[{"embeddable":true,"href":"https:\/\/wp.ufpel.edu.br\/diehl\/wp-json\/wp\/v2\/users\/803"}],"replies":[{"embeddable":true,"href":"https:\/\/wp.ufpel.edu.br\/diehl\/wp-json\/wp\/v2\/comments?post=5"}],"version-history":[{"count":2,"href":"https:\/\/wp.ufpel.edu.br\/diehl\/wp-json\/wp\/v2\/pages\/5\/revisions"}],"predecessor-version":[{"id":8,"href":"https:\/\/wp.ufpel.edu.br\/diehl\/wp-json\/wp\/v2\/pages\/5\/revisions\/8"}],"wp:attachment":[{"href":"https:\/\/wp.ufpel.edu.br\/diehl\/wp-json\/wp\/v2\/media?parent=5"}],"curies":[{"name":"wp","href":"https:\/\/api.w.org\/{rel}","templated":true}]}}