{"id":273,"date":"2016-04-13T23:18:02","date_gmt":"2016-04-14T02:18:02","guid":{"rendered":"https:\/\/wp.ufpel.edu.br\/diehl\/?page_id=273"},"modified":"2020-09-20T17:27:54","modified_gmt":"2020-09-20T20:27:54","slug":"simulacoes-computacionais-para-o-ensino-de-fisica-licenciatura","status":"publish","type":"page","link":"https:\/\/wp.ufpel.edu.br\/diehl\/ensino\/simulacoes-computacionais-para-o-ensino-de-fisica-022017\/simulacoes-computacionais-para-o-ensino-de-fisica-licenciatura\/","title":{"rendered":"Notas de Aula (SCEF)"},"content":{"rendered":"<p style=\"text-align: justify\">As aulas ministradas podem ser encontradas na lista abaixo, mais ou menos como apresentadas em sala de aula. Muito embora tenham sido revisadas, elas n\u00e3o est\u00e3o livres de erros.<\/p>\n<h3><span style=\"color: #000080\"><strong>Semestre 02\/2019<\/strong><\/span><\/h3>\n<ul>\n<li><span style=\"color: #ff0000\"><strong>Algoritmos e linguagem de programa\u00e7\u00e3o<br \/>\n<\/strong><\/span><\/p>\n<ul>\n<li style=\"text-align: justify\"><a href=\"https:\/\/wp.ufpel.edu.br\/diehl\/files\/2018\/08\/scef_aula1.pdf\">Aula 1<\/a>: Conceitos b\u00e1sicos em algoritmos; fluxogramas. Pseudoc\u00f3digos: formato b\u00e1sico; identificadores e express\u00f5es; operadores; entrada e sa\u00edda de dados.<\/li>\n<li><a href=\"https:\/\/wp.ufpel.edu.br\/diehl\/files\/2018\/08\/scef_aula2.pdf\">Aula 2<\/a>: Estruturas num algoritmo: sequencial e condicional.<\/li>\n<li><a href=\"https:\/\/wp.ufpel.edu.br\/diehl\/files\/2018\/08\/scef_aula3.pdf\">Aula 3<\/a>: Estruturas num algoritmo: repeti\u00e7\u00e3o.<\/li>\n<li><a href=\"https:\/\/wp.ufpel.edu.br\/diehl\/files\/2018\/08\/scef_aula4.pdf\">Aula 4<\/a>: Vari\u00e1veis compostas homog\u00eaneas num algoritmo: vetores e matrizes.<\/li>\n<li>Aula 5: Exerc\u00edcios.<\/li>\n<li style=\"text-align: justify\"><a href=\"https:\/\/wp.ufpel.edu.br\/diehl\/files\/2019\/09\/SCEF_f90_aula1.pdf\">Aula 6<\/a>: Introdu\u00e7\u00e3o ao Fortran 90: identificadores, opera\u00e7\u00f5es, entrada e sa\u00edda livres.<\/li>\n<li style=\"text-align: justify\"><a href=\"https:\/\/wp.ufpel.edu.br\/diehl\/files\/2018\/09\/SCEF_f90_aula2.pdf\">Aula 7<\/a>: Vetores e matrizes: aloca\u00e7\u00e3o fixa e din\u00e2mica. Opera\u00e7\u00f5es com matrizes. Entrada e sa\u00edda formatada.<\/li>\n<li style=\"text-align: justify\"><a href=\"https:\/\/wp.ufpel.edu.br\/diehl\/files\/2018\/09\/SCEF_f90_aula3.pdf\">Aula 8<\/a>: Estruturas condicionais IF; estruturas de repeti\u00e7\u00e3o DO; estruturas de repeti\u00e7\u00e3o DO WHILE.<\/li>\n<li><a href=\"https:\/\/wp.ufpel.edu.br\/diehl\/files\/2018\/09\/SCEF_f90_aula4.pdf\">Aula 9<\/a>: Entrada e sa\u00edda de dados atrav\u00e9s de arquivos externos.<\/li>\n<li style=\"text-align: justify\"><a href=\"https:\/\/wp.ufpel.edu.br\/diehl\/files\/2018\/09\/SCEF_f90_aula5.pdf\">Aula 10<\/a>: Uso de sub-programas do tipo FUNCTION. Uso de sub-programas do tipo SUBROUTINE.<\/li>\n<\/ul>\n<\/li>\n<li><span style=\"color: #ff0000\"><strong>Modelagem de sistemas simples usando Din\u00e2mica Molecular<\/strong><\/span>\n<ul>\n<li style=\"text-align: justify\"><a href=\"https:\/\/wp.ufpel.edu.br\/diehl\/files\/2018\/09\/SCEF_MD_aula1.pdf\">Aula 11<\/a>: Fundamentos da modelagem molecular: escalas de comprimento e tempo, potenciais e for\u00e7as t\u00edpicas; equa\u00e7\u00e3o de movimento; unidades reduzidas.<\/li>\n<li style=\"text-align: justify\"><a href=\"https:\/\/wp.ufpel.edu.br\/diehl\/files\/2018\/09\/SCEF_MD_aula2.pdf\">Aula 12<\/a>: Solu\u00e7\u00e3o da equa\u00e7\u00e3o de movimento: o m\u00e9todo de Verlet e velocity-Verlet. O algoritmo da Din\u00e2mica Molecular.<\/li>\n<li style=\"text-align: justify\">Aula 13: Din\u00e2mica de um sistema de part\u00edculas que interagem atrav\u00e9s de potenciais microsc\u00f3picos efetivos; c\u00e1lculo de propriedades f\u00edsicas.<\/li>\n<li style=\"text-align: justify\">Aula 14: Din\u00e2mica de um sistema de part\u00edculas que interagem atrav\u00e9s de potenciais microsc\u00f3picos efetivos; c\u00e1lculo de propriedades f\u00edsicas (continua\u00e7\u00e3o).<\/li>\n<li style=\"text-align: justify\"><a href=\"https:\/\/wp.ufpel.edu.br\/diehl\/files\/2018\/10\/SCEF_MD_aula3.pdf\">Aula 15<\/a>: Sistemas finitos x sistemas macrosc\u00f3picos: confinamento e condi\u00e7\u00f5es de contorno peri\u00f3dicas.<\/li>\n<li style=\"text-align: justify\">Aula 16: Sistemas finitos x sistemas macrosc\u00f3picos: formas de representar o confinamento.<\/li>\n<li style=\"text-align: justify\">Aula 17: Sistemas macrosc\u00f3picos: condi\u00e7\u00f5es de contorno peri\u00f3dicas.<\/li>\n<li style=\"text-align: justify\">Aula 18: Sistemas macrosc\u00f3picos: condi\u00e7\u00f5es de contorno peri\u00f3dicas.<\/li>\n<li>Aula 19: SIIEPE.<\/li>\n<li>Aula 20: SIIEPE<\/li>\n<li><a href=\"https:\/\/wp.ufpel.edu.br\/diehl\/files\/2019\/11\/SCEF_MD_aula4.pdf\">Aula 21<\/a>: Teoria cin\u00e9tica dos gases ideais: c\u00e1lculo de propriedades de interesse.<\/li>\n<li>Aula 22: Teoria cin\u00e9tica dos gases ideais: c\u00e1lculo de propriedades de interesse.<\/li>\n<\/ul>\n<\/li>\n<li><span style=\"color: #ff0000\"><strong>Modelagem de sistemas simples usando Modellus<\/strong><\/span>\n<ul>\n<li style=\"text-align: justify\"><a href=\"https:\/\/wp.ufpel.edu.br\/diehl\/files\/2016\/05\/modellus_aula1.pdf\">Aula 23<\/a>: Introdu\u00e7\u00e3o ao software Modellus; caracter\u00edsticas b\u00e1sicas; primeira modelagem passo a passo.<\/li>\n<li style=\"text-align: justify\"><a href=\"https:\/\/wp.ufpel.edu.br\/diehl\/files\/2018\/11\/modellus_aula2.pdf\">Aula 24<\/a>: solu\u00e7\u00e3o iterada usando op\u00e7\u00e3o LAST; uso de estrutura Condicional no Modelo Matem\u00e1tico.<\/li>\n<li style=\"text-align: justify\"><a href=\"https:\/\/wp.ufpel.edu.br\/diehl\/files\/2018\/11\/modellus_aula3.pdf\">Aula 25<\/a>: Modelo Matem\u00e1tico com forma diferencial. Exemplo de p\u00eandulo simples preso ao teto.<\/li>\n<li>Aula 26: Exerc\u00edcios.<\/li>\n<li style=\"text-align: justify\"><a href=\"https:\/\/wp.ufpel.edu.br\/diehl\/files\/2018\/11\/modellus_aula4_2018.pdf\">Aula 27<\/a>: Usando imagens na modelagem: oscila\u00e7\u00f5es simples, amortecidas e for\u00e7adas.<\/li>\n<li style=\"text-align: justify\"><a href=\"https:\/\/wp.ufpel.edu.br\/diehl\/files\/2018\/11\/modellus_aula5_2018.pdf\">Aula 28<\/a>: Modelagem de um sistema de duas part\u00edculas: m\u00e1quina de Atwood e colis\u00f5es bin\u00e1rias.<\/li>\n<li>Aula 29: Modelagem da colis\u00e3o de 3 part\u00edculas em duas dimens\u00f5es.<\/li>\n<li>Aula 30:<\/li>\n<li>Aula 31:<\/li>\n<li>Aula 32:<\/li>\n<li>Aula 33: Encerramento.<\/li>\n<\/ul>\n<\/li>\n<\/ul>\n<p>&nbsp;<\/p>\n","protected":false},"excerpt":{"rendered":"<p>As aulas ministradas podem ser encontradas na lista abaixo, mais ou menos como apresentadas em sala de aula. Muito embora tenham sido revisadas, elas n\u00e3o est\u00e3o livres de erros. Semestre 02\/2019 Algoritmos e linguagem de programa\u00e7\u00e3o Aula 1: Conceitos b\u00e1sicos &hellip; <a href=\"https:\/\/wp.ufpel.edu.br\/diehl\/ensino\/simulacoes-computacionais-para-o-ensino-de-fisica-022017\/simulacoes-computacionais-para-o-ensino-de-fisica-licenciatura\/\">Continue lendo <span class=\"meta-nav\">&rarr;<\/span><\/a><\/p>\n","protected":false},"author":803,"featured_media":0,"parent":768,"menu_order":1,"comment_status":"closed","ping_status":"closed","template":"","meta":{"footnotes":""},"class_list":["post-273","page","type-page","status-publish","hentry"],"_links":{"self":[{"href":"https:\/\/wp.ufpel.edu.br\/diehl\/wp-json\/wp\/v2\/pages\/273","targetHints":{"allow":["GET"]}}],"collection":[{"href":"https:\/\/wp.ufpel.edu.br\/diehl\/wp-json\/wp\/v2\/pages"}],"about":[{"href":"https:\/\/wp.ufpel.edu.br\/diehl\/wp-json\/wp\/v2\/types\/page"}],"author":[{"embeddable":true,"href":"https:\/\/wp.ufpel.edu.br\/diehl\/wp-json\/wp\/v2\/users\/803"}],"replies":[{"embeddable":true,"href":"https:\/\/wp.ufpel.edu.br\/diehl\/wp-json\/wp\/v2\/comments?post=273"}],"version-history":[{"count":100,"href":"https:\/\/wp.ufpel.edu.br\/diehl\/wp-json\/wp\/v2\/pages\/273\/revisions"}],"predecessor-version":[{"id":1583,"href":"https:\/\/wp.ufpel.edu.br\/diehl\/wp-json\/wp\/v2\/pages\/273\/revisions\/1583"}],"up":[{"embeddable":true,"href":"https:\/\/wp.ufpel.edu.br\/diehl\/wp-json\/wp\/v2\/pages\/768"}],"wp:attachment":[{"href":"https:\/\/wp.ufpel.edu.br\/diehl\/wp-json\/wp\/v2\/media?parent=273"}],"curies":[{"name":"wp","href":"https:\/\/api.w.org\/{rel}","templated":true}]}}