{"id":1262,"date":"2019-02-12T16:26:03","date_gmt":"2019-02-12T18:26:03","guid":{"rendered":"https:\/\/wp.ufpel.edu.br\/diehl\/?page_id=1262"},"modified":"2020-03-02T10:05:01","modified_gmt":"2020-03-02T13:05:01","slug":"mecanica-estatistica-01-2019","status":"publish","type":"page","link":"https:\/\/wp.ufpel.edu.br\/diehl\/ensino\/mecanica-estatistica-01-2019\/","title":{"rendered":"Mec\u00e2nica Estat\u00edstica (01\/2020)"},"content":{"rendered":"<p style=\"text-align: justify\">Nesta p\u00e1gina voc\u00ea encontra as informa\u00e7\u00f5es relativas \u00e0 disciplina Mec\u00e2nica Estat\u00edstica (11090048), ministrada para os alunos dos Cursos de Bacharelado (obrigat\u00f3ria) e Licenciatura (optativa) em F\u00edsica da UFPel.<\/p>\n<h3><strong>Semestre 01\/2020<br \/>\n<\/strong><\/h3>\n<p style=\"text-align: justify\"><a href=\"https:\/\/wp.ufpel.edu.br\/diehl\/files\/2020\/03\/MEcalendario_20201.png\"><img loading=\"lazy\" decoding=\"async\" class=\" wp-image-1640 alignleft\" src=\"https:\/\/wp.ufpel.edu.br\/diehl\/files\/2020\/03\/MEcalendario_20201-214x318.png\" alt=\"\" width=\"108\" height=\"136\" \/><\/a>O Calend\u00e1rio de aulas para o semestre 01\/2020 est\u00e1 dispon\u00edvel. Neste semestre de 18 semanas teremos 35 encontros, sempre na sala MM1 do pr\u00e9dio 05 do IFM. Os hor\u00e1rios s\u00e3o os seguintes: segunda-feira (14:00-15:40) e quarta-feira (14:00-15:40).<\/p>\n<p>&nbsp;<\/p>\n<p>&nbsp;<\/p>\n<h3><span style=\"color: #0000ff\"><strong>Notas (01\/2020)<\/strong><\/span><\/h3>\n<p>Notas Finais<\/p>\n<h3><strong><span style=\"color: #ff0000\">Unidade 1 (01\/2020)<\/span><br \/>\n<\/strong><\/h3>\n<p style=\"text-align: justify\">Sugest\u00e3o de problemas (todos do <strong>Reif<\/strong>):<\/p>\n<ul>\n<li style=\"text-align: justify\">1.10, 1.11, 1.12, 1.13, 1.16, 1.18, 1.19, 1.21, 1.22, 1.24<\/li>\n<li>2.1, 2.2, 2.3, 2.4, 3.1, 3.2, 3.3<\/li>\n<\/ul>\n<p>Sugest\u00e3o de problemas (todos do <strong>Salinas<\/strong>):<\/p>\n<ul>\n<li>Cap\u00edtulo 2: 1, 2, 3, 6, 7, 8<\/li>\n<li>Cap\u00edtulo 4: 1, 5<\/li>\n<\/ul>\n<h3><span style=\"color: #ff0000\"><strong>Unidade 2 (01\/2020)<\/strong><\/span><\/h3>\n<p>Sugest\u00e3o de problemas (todos do <strong>Salinas<\/strong>):<\/p>\n<ul>\n<li>Cap\u00edtulo 5: 1, 2, 3, 4, 5, 6, 8<\/li>\n<li>Cap\u00edtulo 6: 1, 2, 3, 4, 5, 6<\/li>\n<li>Cap\u00edtulo 7: 1, 2, 3, 4, 5, 6<\/li>\n<\/ul>\n<h3><strong>Unidade 3 (01\/2020)<\/strong><\/h3>\n<p>Sugest\u00e3o de problemas (Salinas):<\/p>\n<ul>\n<li>Cap\u00edtulo 8: 2, 3<\/li>\n<li>Cap\u00edtulo 9: 6, 7<\/li>\n<li>Cap\u00edtulo 10: 1, 2<\/li>\n<\/ul>\n<p>Sugest\u00e3o de problemas (Pathria):<\/p>\n<ul>\n<li>6.3<\/li>\n<li>7.3, 7.4, 7.5, 7.6<\/li>\n<li>8.3, 8.4, 8.5, 8.9<\/li>\n<\/ul>\n<h3><strong><span style=\"color: #0000ff\">Listas (01\/2020)<\/span><br \/>\n<\/strong><\/h3>\n<ul>\n<li><a href=\"https:\/\/wp.ufpel.edu.br\/diehl\/files\/2019\/03\/me_lista1_2019.pdf\">Lista 1<\/a>: entrega at\u00e9 o dia 27\/03\/2019, ao final da aula.<\/li>\n<li><a href=\"https:\/\/wp.ufpel.edu.br\/diehl\/files\/2019\/04\/me_lista2_2019.pdf\">Lista 2<\/a>: entrega at\u00e9 o dia 15\/04\/2019, ao final da aula.<\/li>\n<li><a href=\"https:\/\/wp.ufpel.edu.br\/diehl\/files\/2019\/04\/me_lista3.pdf\">Lista 3<\/a>: entrega at\u00e9 o dia 24\/04\/2019, no in\u00edcio da aula.<\/li>\n<li><a href=\"https:\/\/wp.ufpel.edu.br\/diehl\/files\/2019\/05\/me_lista4.pdf\">Lista 4<\/a>: entrega at\u00e9 o dia 13\/05\/2019, no in\u00edcio da aula.<\/li>\n<li><a href=\"https:\/\/wp.ufpel.edu.br\/diehl\/files\/2019\/05\/me_lista5_2019.pdf\">Lista 5<\/a>: entrega at\u00e9 o dia 27\/05\/2019, no in\u00edcio da aula.<\/li>\n<li><a href=\"https:\/\/wp.ufpel.edu.br\/diehl\/files\/2019\/05\/me_lista6_2019.pdf\">Lista 6<\/a>: entrega at\u00e9 o dia 12\/06\/2019, no in\u00edcio da aula.<\/li>\n<li><a href=\"https:\/\/wp.ufpel.edu.br\/diehl\/files\/2019\/06\/me_lista7_2019.pdf\">Lista 7<\/a>: entrega at\u00e9 o dia 24\/06\/2019, no in\u00edcio da aula.<\/li>\n<li><a href=\"https:\/\/wp.ufpel.edu.br\/diehl\/files\/2019\/06\/me_lista8_2019.pdf\">Lista 8<\/a>: entrega at\u00e9 o dia 03\/07\/2019, no in\u00edcio da aula.<\/li>\n<li><a href=\"https:\/\/wp.ufpel.edu.br\/diehl\/files\/2019\/07\/me_lista9_2019.pdf\">Lista 9<\/a>: entrega at\u00e9 o dia 08\/07\/2019, no in\u00edcio da aula.<\/li>\n<\/ul>\n","protected":false},"excerpt":{"rendered":"<p>Nesta p\u00e1gina voc\u00ea encontra as informa\u00e7\u00f5es relativas \u00e0 disciplina Mec\u00e2nica Estat\u00edstica (11090048), ministrada para os alunos dos Cursos de Bacharelado (obrigat\u00f3ria) e Licenciatura (optativa) em F\u00edsica da UFPel. Semestre 01\/2020 O Calend\u00e1rio de aulas para o semestre 01\/2020 est\u00e1 dispon\u00edvel. &hellip; <a href=\"https:\/\/wp.ufpel.edu.br\/diehl\/ensino\/mecanica-estatistica-01-2019\/\">Continue lendo <span class=\"meta-nav\">&rarr;<\/span><\/a><\/p>\n","protected":false},"author":803,"featured_media":0,"parent":5,"menu_order":2,"comment_status":"closed","ping_status":"closed","template":"","meta":{"footnotes":""},"class_list":["post-1262","page","type-page","status-publish","hentry"],"_links":{"self":[{"href":"https:\/\/wp.ufpel.edu.br\/diehl\/wp-json\/wp\/v2\/pages\/1262","targetHints":{"allow":["GET"]}}],"collection":[{"href":"https:\/\/wp.ufpel.edu.br\/diehl\/wp-json\/wp\/v2\/pages"}],"about":[{"href":"https:\/\/wp.ufpel.edu.br\/diehl\/wp-json\/wp\/v2\/types\/page"}],"author":[{"embeddable":true,"href":"https:\/\/wp.ufpel.edu.br\/diehl\/wp-json\/wp\/v2\/users\/803"}],"replies":[{"embeddable":true,"href":"https:\/\/wp.ufpel.edu.br\/diehl\/wp-json\/wp\/v2\/comments?post=1262"}],"version-history":[{"count":33,"href":"https:\/\/wp.ufpel.edu.br\/diehl\/wp-json\/wp\/v2\/pages\/1262\/revisions"}],"predecessor-version":[{"id":1641,"href":"https:\/\/wp.ufpel.edu.br\/diehl\/wp-json\/wp\/v2\/pages\/1262\/revisions\/1641"}],"up":[{"embeddable":true,"href":"https:\/\/wp.ufpel.edu.br\/diehl\/wp-json\/wp\/v2\/pages\/5"}],"wp:attachment":[{"href":"https:\/\/wp.ufpel.edu.br\/diehl\/wp-json\/wp\/v2\/media?parent=1262"}],"curies":[{"name":"wp","href":"https:\/\/api.w.org\/{rel}","templated":true}]}}