{"id":27,"date":"2016-10-15T11:33:12","date_gmt":"2016-10-15T14:33:12","guid":{"rendered":"https:\/\/wp.ufpel.edu.br\/dgenerus\/?page_id=27"},"modified":"2021-05-31T11:45:29","modified_gmt":"2021-05-31T14:45:29","slug":"videos","status":"publish","type":"page","link":"https:\/\/wp.ufpel.edu.br\/dgenerus\/videos\/","title":{"rendered":"Videos"},"content":{"rendered":"<div class=\"o9v6fnle cxmmr5t8 oygrvhab hcukyx3x c1et5uql\">\n<ul>\n<li>WEBN\u00c1RIO \u27a1 UNIVERSIDADE E RACISMO INSTITUCIONAL<\/li>\n<\/ul>\n<div dir=\"auto\">Um estudo de caso com estudantes estrangeiros na Universidade de Coimbra e nas escolas do Instituto Universit\u00e1rio de Lisboa.<\/div>\n<\/div>\n<div class=\"o9v6fnle cxmmr5t8 oygrvhab hcukyx3x c1et5uql\">\n<div dir=\"auto\">Palestrante: Marcus Vinicius Spolle (Prof. Adjunto &#8211; Programa de P\u00f3s-Gradua\u00e7\u00e3o em Sociologia &#8211; UFPEL)<\/div>\n<\/div>\n<div class=\"o9v6fnle cxmmr5t8 oygrvhab hcukyx3x c1et5uql\">\n<div dir=\"auto\">Mediador: Marcos Lacerda (PNPD &#8211; Programa de P\u00f3s-Gradua\u00e7\u00e3o em Sociologia &#8211; UFPel<\/div>\n<\/div>\n<p>https:\/\/www.facebook.com\/438484889898470\/videos\/197116415605772<\/p>\n<p>&nbsp;<\/p>\n<ul>\n<li>Webin\u00e1rio &#8211; A precariza\u00e7\u00e3o do trabalho das mulheres no contexto da pandemia no Brasil<\/li>\n<\/ul>\n<p>O D&#8217;Generus: N\u00facleo de Estudos Feministas e de G\u00eanero em conjunto com a SOF: Sempreviva Organiza\u00e7\u00e3o Feminista apresentam a live: A precariza\u00e7\u00e3o do trabalho das mulheres no contexto da pandemia no Brasil.<\/p>\n<p>https:\/\/www.facebook.com\/438484889898470\/videos\/743761649624631<\/p>\n<p>&nbsp;<\/p>\n<ul>\n<li>Webin\u00e1rio &#8211; Entrela\u00e7ando os Saberes: debate sobre os desafios do feminismo hoje &#8211; 8M.<\/li>\n<\/ul>\n<p>https:\/\/www.facebook.com\/438484889898470\/videos\/893810761379751<\/p>\n<p>&nbsp;<\/p>\n<ul>\n<li>Webin\u00e1rio &#8211; Lan\u00e7amento E-book: Coisas D&#8217;Generus<\/li>\n<\/ul>\n<p>&nbsp;<\/p>\n<p>https:\/\/www.facebook.com\/438484889898470\/videos\/712854662606233<\/p>\n<p>&nbsp;<\/p>\n<ul>\n<li>Live Viol\u00eancia domestica: debatendo o contexto atual de Pelotas e Rio Grande &#8211; Em briga de marido e mulher META A COLHER!!<\/li>\n<\/ul>\n<div class=\"kvgmc6g5 cxmmr5t8 oygrvhab hcukyx3x c1et5uql\">\n<div dir=\"auto\">Denuncie: 180 ou 190 &#8211;\u00a0Site: delegaciaonline.rs.gov.br<\/div>\n<div dir=\"auto\"><\/div>\n<\/div>\n<div class=\"o9v6fnle cxmmr5t8 oygrvhab hcukyx3x c1et5uql\">\n<div dir=\"auto\">Em Pelotas:<\/div>\n<div dir=\"auto\">Delegacia da mulher: (53) 3310-8181 ou 197<\/div>\n<div dir=\"auto\">Centro de Refer\u00eancias de atendimento \u00e0 mulher: 3279-4240<\/div>\n<div dir=\"auto\">Policia Civil: (53) 3222-2000 (24 Hrs)<\/div>\n<div dir=\"auto\">Juizado da viol\u00eancia domestica: (53) 32794900<\/div>\n<div dir=\"auto\">Brigada Militar: 190<\/div>\n<div dir=\"auto\">Guarda municipal: 153<\/div>\n<div dir=\"auto\">Defensoria publica: (53) 32821770<\/div>\n<div dir=\"auto\"><\/div>\n<\/div>\n<div class=\"o9v6fnle cxmmr5t8 oygrvhab hcukyx3x c1et5uql\">\n<div dir=\"auto\">Em Rio Grande:<\/div>\n<div dir=\"auto\">Delegacia da mulher: (53) 3237-4884<\/div>\n<div dir=\"auto\">Patrulha Maria Da Penha: (53) 98428-6022<\/div>\n<div dir=\"auto\">Gabinete da inteligencia PC: (51) 984440606 (24 Hrs)<\/div>\n<div dir=\"auto\">Juizado da viol\u00eancia domestica: (53) 999306123 (Revoga\u00e7\u00e3o e renova\u00e7\u00e3o de medida protetiva)<\/div>\n<div dir=\"auto\">Defensoria publica: (53) 99132-4471<\/div>\n<div dir=\"auto\">Coordenadoria de politicas publicas para mulheres: (53) 99133-4531<\/div>\n<\/div>\n<div class=\"o9v6fnle cxmmr5t8 oygrvhab hcukyx3x c1et5uql\">\n<div dir=\"auto\">Pensando em suic\u00eddio?: DISQUE: 188<\/div>\n<div dir=\"auto\"><\/div>\n<\/div>\n<p>https:\/\/www.facebook.com\/438484889898470\/videos\/705913366894248<\/p>\n<div class=\"o9v6fnle cxmmr5t8 oygrvhab hcukyx3x c1et5uql\">\n<div dir=\"auto\"><\/div>\n<\/div>\n","protected":false},"excerpt":{"rendered":"<p>WEBN\u00c1RIO \u27a1 UNIVERSIDADE E RACISMO INSTITUCIONAL Um estudo de caso com estudantes estrangeiros na Universidade de Coimbra e nas escolas do Instituto Universit\u00e1rio de Lisboa. Palestrante: Marcus Vinicius Spolle (Prof. Adjunto &#8211; Programa de P\u00f3s-Gradua\u00e7\u00e3o em Sociologia &#8211; UFPEL) Mediador: Marcos Lacerda (PNPD &#8211; Programa de P\u00f3s-Gradua\u00e7\u00e3o em Sociologia &#8211; UFPel https:\/\/www.facebook.com\/438484889898470\/videos\/197116415605772 &nbsp; Webin\u00e1rio &#8211; [&hellip;]<\/p>\n","protected":false},"author":699,"featured_media":0,"parent":0,"menu_order":6,"comment_status":"closed","ping_status":"closed","template":"","meta":{"footnotes":""},"class_list":["post-27","page","type-page","status-publish","hentry"],"_links":{"self":[{"href":"https:\/\/wp.ufpel.edu.br\/dgenerus\/wp-json\/wp\/v2\/pages\/27","targetHints":{"allow":["GET"]}}],"collection":[{"href":"https:\/\/wp.ufpel.edu.br\/dgenerus\/wp-json\/wp\/v2\/pages"}],"about":[{"href":"https:\/\/wp.ufpel.edu.br\/dgenerus\/wp-json\/wp\/v2\/types\/page"}],"author":[{"embeddable":true,"href":"https:\/\/wp.ufpel.edu.br\/dgenerus\/wp-json\/wp\/v2\/users\/699"}],"replies":[{"embeddable":true,"href":"https:\/\/wp.ufpel.edu.br\/dgenerus\/wp-json\/wp\/v2\/comments?post=27"}],"version-history":[{"count":3,"href":"https:\/\/wp.ufpel.edu.br\/dgenerus\/wp-json\/wp\/v2\/pages\/27\/revisions"}],"predecessor-version":[{"id":278,"href":"https:\/\/wp.ufpel.edu.br\/dgenerus\/wp-json\/wp\/v2\/pages\/27\/revisions\/278"}],"wp:attachment":[{"href":"https:\/\/wp.ufpel.edu.br\/dgenerus\/wp-json\/wp\/v2\/media?parent=27"}],"curies":[{"name":"wp","href":"https:\/\/api.w.org\/{rel}","templated":true}]}}