{"id":261,"date":"2021-04-19T19:28:41","date_gmt":"2021-04-19T22:28:41","guid":{"rendered":"https:\/\/wp.ufpel.edu.br\/dgenerus\/?page_id=261"},"modified":"2021-04-21T18:28:12","modified_gmt":"2021-04-21T21:28:12","slug":"curso-dgenerus","status":"publish","type":"page","link":"https:\/\/wp.ufpel.edu.br\/dgenerus\/curso-dgenerus\/","title":{"rendered":"Curso"},"content":{"rendered":"<h3 style=\"text-align: center\"><b>Curso Livre &#8211; G\u00eanero e Diversidade Sexual: Teorias e Aplica\u00e7\u00f5es Interdisciplinares<\/b><\/h3>\n<p><a href=\"https:\/\/wp.ufpel.edu.br\/dgenerus\/files\/2021\/04\/105455580_919045568509064_2797937275659706806_n.jpg\"><img class=\"aligncenter wp-image-264\" src=\"https:\/\/wp.ufpel.edu.br\/dgenerus\/files\/2021\/04\/105455580_919045568509064_2797937275659706806_n.jpg\" alt=\"\" width=\"502\" height=\"377\" srcset=\"https:\/\/wp.ufpel.edu.br\/dgenerus\/files\/2021\/04\/105455580_919045568509064_2797937275659706806_n.jpg 1280w, https:\/\/wp.ufpel.edu.br\/dgenerus\/files\/2021\/04\/105455580_919045568509064_2797937275659706806_n-400x300.jpg 400w, https:\/\/wp.ufpel.edu.br\/dgenerus\/files\/2021\/04\/105455580_919045568509064_2797937275659706806_n-1024x768.jpg 1024w, https:\/\/wp.ufpel.edu.br\/dgenerus\/files\/2021\/04\/105455580_919045568509064_2797937275659706806_n-768x576.jpg 768w\" sizes=\"(max-width: 502px) 100vw, 502px\" \/><\/a><\/p>\n<p style=\"text-align: justify\">O Curso Livre foi uma iniciativa do N\u00facleo de Estudos D\u2019Generus e teve como objetivo trabalhar o debate e a forma\u00e7\u00e3o nas tem\u00e1ticas de g\u00eanero e diversidade, de forma online, considerando-se o contexto de pandemia. O curso ocorreu em 2020 e foi aberto \u00e0 comunidade externa da UFPel, contando tamb\u00e9m com a participa\u00e7\u00e3o de discentes de diversos cursos da UFPel, tanto da gradua\u00e7\u00e3o como da p\u00f3s-gradua\u00e7\u00e3o. Buscou-se abordar tem\u00e1ticas espec\u00edficas da \u00e1rea de g\u00eanero, feminismos e diversidade. O Curso Livre contou com diversos pain\u00e9is, que foram divididos por tem\u00e1ticas espec\u00edficas, como hist\u00f3ria do feminismo, g\u00eanero e patriarcado, epistemologias decoloniais, educa\u00e7\u00e3o e curr\u00edculo, sa\u00fade e SUS, teatro, literatura, etc., e foram ministrados por docentes e membros vinculados ao N\u00facleo. Aqui \u00e9 poss\u00edvel voc\u00ea acessar cada painel do curso.<\/p>\n<p>&nbsp;<\/p>\n<ul>\n<li>\n<h3><b>Mesa de Abertura \u2013 Feminismo de(s)colonial, G\u00eanero e Diversidade Sexual: horizontes para (re)pensarmos uma alternativa para o ensino, a pesquisa e a extens\u00e3o na universidade p\u00fablica<\/b><\/h3>\n<\/li>\n<\/ul>\n<p><b>Participantes:<\/b><span style=\"font-weight: 400\"> Profa. Dra. M\u00e1rcia Alves (FAE-UFPel), Prof. Dr. Hudson W. de Carvalho (Curso de Psicologia UFPel) e Profa. Dra. Marina Soares Mota (FE-UFPel)<\/span><\/p>\n<p><b>Descri\u00e7\u00e3o: <\/b><span style=\"font-weight: 400\">Pretende-se apresentar algumas reflex\u00f5es conceituais sobre feminismo de(s)colonial, g\u00eanero e diversidade sexual a fim de pensar em poss\u00edveis articula\u00e7\u00f5es com a universidade p\u00fablica brasileira, tendo como foco o trip\u00e9 ensino-pesquisa-extens\u00e3o<\/span><\/p>\n<p><a href=\"https:\/\/bbbadm-balancer.ufpel.edu.br\/playback\/presentation\/2.0\/playback.html?meetingId=d45e031aa8f6354d720bd4b8e61b52d323e25e87-1594071897311\"><b>Clique aqui para assistir a mesa de abertura.<\/b><\/a><\/p>\n<p>&nbsp;<\/p>\n<ul>\n<li>\n<h3><b>Painel 1 \u2013 A constru\u00e7\u00e3o hist\u00f3rica do feminismo<\/b><\/h3>\n<\/li>\n<\/ul>\n<p><b>Ministrante:<\/b><span style=\"font-weight: 400\"> Profa. Dra. L\u00edgia Chiarelli (Docente da Faculdade de Arquitetura e Urbanismo -UFPel)<\/span><\/p>\n<p><b>Descri\u00e7\u00e3o:<\/b><span style=\"font-weight: 400\"> Esse m\u00f3dulo pretende abordar a opress\u00e3o da mulher, estabelecendo rela\u00e7\u00f5es entre g\u00eanero, classe e ra\u00e7a.\u00a0 A discuss\u00e3o se prop\u00f5e a desvendar a rela\u00e7\u00e3o entre movimentos feministas e movimentos sociais, estabelecendo trajet\u00f3rias de lutas por direitos. Objetiva-se identificar os muitos feminismos existentes, caracterizando como pode ser distinguidos uns dos outros\u00a0 e a import\u00e2ncia desses movimentos na atualidade.<\/span><\/p>\n<p><a href=\"https:\/\/www.youtube.com\/watch?v=kvFaUr-d55I&amp;t=103s\"><b>Clique aqui para assistir ao Painel 1.<\/b><\/a><\/p>\n<p>&nbsp;<\/p>\n<ul>\n<li>\n<h3><b>Painel 2 \u2013 Feminismo decolonial, g\u00eanero e a sociedade patriarcal<\/b><\/h3>\n<\/li>\n<\/ul>\n<p><b>Ministrante:<\/b><span style=\"font-weight: 400\"> Prof. Dnda. Adriana Lessa Cardoso (Doutoranda em Educa\u00e7\u00e3o &#8211; Faculdade de Educa\u00e7\u00e3o-UFPel)\u00a0<\/span><\/p>\n<p><b>Descri\u00e7\u00e3o:<\/b><span style=\"font-weight: 400\"> Pretende-se, neste espa\u00e7o-tempo de aprendizagens, discutir sobre a concep\u00e7\u00e3o de patriarcado e interseccionalidade, a fim de pensarmos rela\u00e7\u00f5es entre g\u00eanero, ra\u00e7a, etnias, classe, nacionalidade, entre outras sob uma perspectiva de(s)colonial. Entende-se que uma educa\u00e7\u00e3o transgressora, junto a pr\u00e1ticas de transforma\u00e7\u00e3o subsidiadas por epistemologias de(s)coloniais possam auxiliar na problematiza\u00e7\u00e3o e na desnaturaliza\u00e7\u00e3o das injusti\u00e7as sociais, discrimina\u00e7\u00f5es e opress\u00f5es que tem se agravado com o neoliberalismo e com o conservadorismo.<\/span><\/p>\n<p><a href=\"https:\/\/www.youtube.com\/watch?v=mNy8DekRcZM&amp;t=25s\"><b>Clique aqui para assistir ao Painel 2.<\/b><\/a><\/p>\n<p>&nbsp;<\/p>\n<ul>\n<li>\n<h3><b>Painel 3 \u2013 Teorias do reconhecimento: da constru\u00e7\u00e3o das identidades individuais \u00e0 forma\u00e7\u00e3o das identidades coletivas<\/b><\/h3>\n<\/li>\n<\/ul>\n<p><b>Ministrante: <\/b><span style=\"font-weight: 400\">Prof. Dr. Luciano Pereira dos Santos (Doutor em Educa\u00e7\u00e3o pela FAE-UFPel)<\/span><\/p>\n<p><b>Descri\u00e7\u00e3o: <\/b><span style=\"font-weight: 400\">Pretende-se apresentar e discutir a constru\u00e7\u00e3o e a forma\u00e7\u00e3o de identidades individuais e coletivas de minorias sociais por meio de teorias do reconhecimento ancoradas pelos estudos do fil\u00f3sofo canadense Charles Taylor, da fil\u00f3sofa e pensadora feminista Nancy Fraser e do fil\u00f3sofo e soci\u00f3logo Axel Honneth.<\/span><\/p>\n<p><a href=\"https:\/\/www.youtube.com\/watch?v=SUU7-vgFgzU&amp;t=19s\"><b>Clique aqui para assistir ao Painel 3.<\/b><\/a><\/p>\n<p>&nbsp;<\/p>\n<ul>\n<li>\n<h3><b>Painel 4 \u2013 Teoria e pesquisa sobre diversidade sexual e afetiva<\/b><\/h3>\n<\/li>\n<\/ul>\n<p><b>Ministrante:<\/b><span style=\"font-weight: 400\"> Prof. Dr. Hudson W. de Carvalho (Docente do Curso de Psicologia-UFPel)<\/span><\/p>\n<p><b>Descri\u00e7\u00e3o:<\/b><span style=\"font-weight: 400\"> Pretende-se apresentar um breve panorama hist\u00f3rico sobre a constru\u00e7\u00e3o dos conceitos de identidade de orienta\u00e7\u00e3o sexual (i.e., heterossexual, bissexual, homossexual, dentre outros) e mostrar como pesquisas (re)acionam esses conceitos ao produzir dados emp\u00edricos. Ainda, ser\u00e1 apresentado uma cr\u00edtica \u00e0 \u201cheterossexualidade compuls\u00f3ria\u201d com base em dados emp\u00edricos que mostra a relativa independ\u00eancia entre identidade de orienta\u00e7\u00e3o sexual, orienta\u00e7\u00e3o afetiva e comportamento sexual.<\/span><\/p>\n<p><a href=\"https:\/\/www.youtube.com\/watch?v=vN6Jo4s-3l8&amp;t=45s\"><b>Clique aqui para assistir ao Painel 4.<\/b><\/a><\/p>\n<p>&nbsp;<\/p>\n<ul>\n<li>\n<h3><b>Painel 5 \u2013 Pensando os SUS e a partir da diversidade e especificidade de g\u00eanero e orienta\u00e7\u00e3o sexual<\/b><\/h3>\n<\/li>\n<\/ul>\n<p><b>Ministrante:<\/b><span style=\"font-weight: 400\"> Profa. Dra. Marina Soares Mota (Docente da Faculdade de Enfermagem-UFPel)<\/span><\/p>\n<p><b>Descri\u00e7\u00e3o:<\/b><span style=\"font-weight: 400\"> Pretende-se refletir sobre a diversidade sexual e de g\u00eanero no campo da sa\u00fade por meio an\u00e1lise cr\u00edtica das pol\u00edticas p\u00fablicas de sa\u00fade voltada para diferentes grupos populacionais, explorando criticamente sua cria\u00e7\u00e3o, alcance e desafios para a constru\u00e7\u00e3o da sa\u00fade universal, integral e equ\u00e2nime.<\/span><\/p>\n<p><a href=\"https:\/\/www.youtube.com\/watch?v=FjhVGmOwNeo&amp;t=33s\"><b>Clique aqui para assistir ao Painel 5.<\/b><\/a><\/p>\n<p>&nbsp;<\/p>\n<ul>\n<li>\n<h3><b>Painel 6 \u2013 Teatro e diversidade de g\u00eanero e sexualidade<\/b><\/h3>\n<\/li>\n<\/ul>\n<p><b>Ministrante:<\/b><span style=\"font-weight: 400\"> Prof. Dr. Paulo Gaiger (Docente do Curso de Teatro-UFPel)<\/span><\/p>\n<p><b>Descri\u00e7\u00e3o:<\/b><span style=\"font-weight: 400\"> A partir de tr\u00eas textos cl\u00e1ssicos do drama (Senhorita J\u00falia, A dama das cam\u00e9lias e Casa de bonecas) e da trilogia de Garcia Lorca (A casa de Bernarda Alba, Yerma e Bodas de Sangue), pretende-se analisar a condi\u00e7\u00e3o feminina do final do s\u00e9culo XIX e in\u00edcios do XX, mas, sobretudo, desvelar as heran\u00e7as e conex\u00f5es com a realidade de nosso tempo. Nesse sentido, tamb\u00e9m perceber em como as heran\u00e7as e conex\u00f5es se refletem nas quest\u00f5es de g\u00eanero e sexualidade.<\/span><\/p>\n<p><a href=\"https:\/\/www.youtube.com\/watch?v=H5dqlrqFeMk&amp;t=150s\"><b>Clique aqui para assistir ao Painel 6.<\/b><\/a><\/p>\n<p>&nbsp;<\/p>\n<ul>\n<li>\n<h3><b>Painel 7 &#8211; Protagonistas femininas em livros estrangeiros que est\u00e3o entre os mais vendidos: pensando a literatura a partir de uma an\u00e1lise cr\u00edtica dos pap\u00e9is de g\u00eanero<\/b><\/h3>\n<\/li>\n<\/ul>\n<p><b>Ministrante: <\/b><span style=\"font-weight: 400\">Profa. Dra. Renata Kabke (Docente do Centro de Letras-UFPel)<\/span><\/p>\n<p><b>Descri\u00e7\u00e3o:<\/b><span style=\"font-weight: 400\"> Pretende-se discutir e analisar criticamente como as protagonistas femininas de grandes sucessos liter\u00e1rios s\u00e3o representadas, com foco principal nos pap\u00e9is de g\u00eanero e na perpetua\u00e7\u00e3o\/quebra de discursos baseados nas ideologias hegem\u00f4nicas de base patriarcal.<\/span><\/p>\n<p><a href=\"https:\/\/www.facebook.com\/438484889898470\/videos\/1116832752047853\"><b>Clique aqui para assistir ao Painel 7.<\/b><\/a><\/p>\n<p>&nbsp;<\/p>\n<ul>\n<li>\n<h3><b>Painel 8 \u2013 Repensando o curr\u00edculo a partir de uma leitura feminista<\/b><\/h3>\n<\/li>\n<\/ul>\n<p><b>Ministrante:<\/b><span style=\"font-weight: 400\"> Profa. Dra. M\u00e1rcia Alves (Docente da Faculdade de Educa\u00e7\u00e3o -UFPel)<\/span><\/p>\n<p><b>Descri\u00e7\u00e3o:<\/b><span style=\"font-weight: 400\"> Este painel tem como objetivo aproximar e dialogar a tem\u00e1tica feminista com o espa\u00e7o escolar. Nossa sociedade reproduz in\u00fameros tipos de preconceitos, sendo o de g\u00eanero um dos principais. Sabemos que as mulheres s\u00e3o (e tem sido) discriminadas em diversos espa\u00e7os sociais (como no mercado de trabalho, por exemplo) e tamb\u00e9m sofrem in\u00fameras viol\u00eancias (nosso pa\u00eds possui altos \u00edndices de viol\u00eancia contra as mulheres), fruto do machismo e do patriarcado. Esse contexto atua de forma interseccional com outros marcadores sociais, como ra\u00e7a\/etnia, classe social e gera\u00e7\u00e3o, etc. Defende-se que conte\u00fados relativos a g\u00eanero devem ser incorporados e trabalhados pela escola, pois se reconhece essa institui\u00e7\u00e3o como fundamental na forma\u00e7\u00e3o das pessoas, sendo, portanto, importante para a vida em sociedade.<\/span><\/p>\n<p><a href=\"https:\/\/www.facebook.com\/438484889898470\/videos\/239550544064775\"><b>Clique aqui para assistir ao Painel 8.<\/b><\/a><\/p>\n<p>&nbsp;<\/p>\n<ul>\n<li>\n<h3><b>Painel 9 \u2013 Fechamento do curso: Filosofia, G\u00eanero e Feminismos: (re)pensando as Epistemologias feministas da Am\u00e9rica Latina<\/b><\/h3>\n<\/li>\n<\/ul>\n<p><b>Ministrante:<\/b><span style=\"font-weight: 400\"> Profa. Dra. Graziela Rinaldi da Rosa (Docente do Instituto de Educa\u00e7\u00e3o da FURG)<\/span><\/p>\n<p><b>Descri\u00e7\u00e3o: <\/b><span style=\"font-weight: 400\">Falar de G\u00eanero e Feminismos numa perspectiva Latino-Americana, implica em uma desconstru\u00e7\u00e3o do pensamento. Aprendemos de forma euroc\u00eantrica e cis-androc\u00eantrica a criar nossas epistemologias e metodologias. Os estudos de g\u00eanero t\u00eam contribu\u00eddo, dentre outras coisas, para reconhecermos a diversidade e anunciarmos outras concep\u00e7\u00f5es de mundo, mais plurais. Os diferentes feminismos t\u00eam denunciado desigualdades e contribu\u00eddo para pensarmos outros temas, al\u00e9m de olharmos para o que as mulheres disseram e escreveram. Mas, o que estamos fazendo com isso tudo? Reinventamos teorias que, ainda demoram para chegar nas salas de aulas e, quando chegam, poucas s\u00e3o aut\u00eanticas, contextualizadas e significativas. Assim, essa aula, se prop\u00f5e a problematizar tais quest\u00f5es \u00e0 luz de algumas epistemologias feministas da Am\u00e9rica Latina, motivada por estudos de G\u00eanero e feministas na Filosofia, que ajudam a refletir sobre os processos de descolonizar, despatriarcalizar, interceccionalizar e (re)conhecer outr@s fontes do pensamento.<\/span><\/p>\n<p><a href=\"https:\/\/bbbadm-balancer.ufpel.edu.br\/playback\/presentation\/2.0\/playback.html?meetingId=d45e031aa8f6354d720bd4b8e61b52d323e25e87-1599598790344\"><b>Clique aqui para assistir ao Painel 9.<\/b><\/a><\/p>\n<p>&nbsp;<\/p>\n<p>&nbsp;<\/p>\n<p>&nbsp;<\/p>\n<p>&nbsp;<\/p>\n<p>&nbsp;<\/p>\n<p>&nbsp;<\/p>\n<p>&nbsp;<\/p>\n<p>&nbsp;<\/p>\n<p>&nbsp;<\/p>\n<p>&nbsp;<\/p>\n<p>&nbsp;<\/p>\n<p>&nbsp;<\/p>\n<p>&nbsp;<\/p>\n<p>&nbsp;<\/p>\n<p>&nbsp;<\/p>\n<p>&nbsp;<\/p>\n","protected":false},"excerpt":{"rendered":"<p>Curso Livre &#8211; G\u00eanero e Diversidade Sexual: Teorias e Aplica\u00e7\u00f5es Interdisciplinares O Curso Livre foi uma iniciativa do N\u00facleo de Estudos D\u2019Generus e teve como objetivo trabalhar o debate e a forma\u00e7\u00e3o nas tem\u00e1ticas de g\u00eanero e diversidade, de forma online, considerando-se o contexto de pandemia. O curso ocorreu em 2020 e foi aberto \u00e0 [&hellip;]<\/p>\n","protected":false},"author":699,"featured_media":0,"parent":0,"menu_order":0,"comment_status":"closed","ping_status":"closed","template":"","meta":{"footnotes":""},"class_list":["post-261","page","type-page","status-publish","hentry"],"_links":{"self":[{"href":"https:\/\/wp.ufpel.edu.br\/dgenerus\/wp-json\/wp\/v2\/pages\/261","targetHints":{"allow":["GET"]}}],"collection":[{"href":"https:\/\/wp.ufpel.edu.br\/dgenerus\/wp-json\/wp\/v2\/pages"}],"about":[{"href":"https:\/\/wp.ufpel.edu.br\/dgenerus\/wp-json\/wp\/v2\/types\/page"}],"author":[{"embeddable":true,"href":"https:\/\/wp.ufpel.edu.br\/dgenerus\/wp-json\/wp\/v2\/users\/699"}],"replies":[{"embeddable":true,"href":"https:\/\/wp.ufpel.edu.br\/dgenerus\/wp-json\/wp\/v2\/comments?post=261"}],"version-history":[{"count":5,"href":"https:\/\/wp.ufpel.edu.br\/dgenerus\/wp-json\/wp\/v2\/pages\/261\/revisions"}],"predecessor-version":[{"id":268,"href":"https:\/\/wp.ufpel.edu.br\/dgenerus\/wp-json\/wp\/v2\/pages\/261\/revisions\/268"}],"wp:attachment":[{"href":"https:\/\/wp.ufpel.edu.br\/dgenerus\/wp-json\/wp\/v2\/media?parent=261"}],"curies":[{"name":"wp","href":"https:\/\/api.w.org\/{rel}","templated":true}]}}