{"id":24,"date":"2016-10-15T11:32:45","date_gmt":"2016-10-15T14:32:45","guid":{"rendered":"https:\/\/wp.ufpel.edu.br\/dgenerus\/?page_id=24"},"modified":"2021-04-26T10:03:00","modified_gmt":"2021-04-26T13:03:00","slug":"textos","status":"publish","type":"page","link":"https:\/\/wp.ufpel.edu.br\/dgenerus\/textos\/","title":{"rendered":"Produ\u00e7\u00f5es"},"content":{"rendered":"<p><a href=\"https:\/\/wp.ufpel.edu.br\/dgenerus\/files\/2019\/09\/Ebook_Marcia_Graziela_.pdf\">Livro Pedagogias Populares e Epistemologias Femininas Latino-americanas<\/a><\/p>\n<p><a href=\"https:\/\/wp.ufpel.edu.br\/dgenerus\/files\/2019\/09\/Livro_tese_M\u00e1rcia-colorido.pdf\">Livro Trabalho de Mulher?<\/a><\/p>\n<p><a href=\"https:\/\/wp.ufpel.edu.br\/dgenerus\/files\/2019\/09\/Livro-Mulheres-Trabalhadoras-pronto.pdf\">Livro Mulheres Trabalhadoras<\/a><\/p>\n<p><a href=\"https:\/\/wp.ufpel.edu.br\/dgenerus\/files\/2019\/09\/Educa\u00e7\u00e3o-Feminismos-e-Sexualidades-Livro.pdf\">Livro Educa\u00e7\u00e3o, Feminismos e Sexualidades<\/a><\/p>\n<p><a href=\"https:\/\/online.unisc.br\/seer\/index.php\/reflex\/article\/download\/12636\/pdf\">Produ\u00e7\u00e3o Artesanal Com Mulheres Em Pris\u00f5es: Reflex\u00e3o e Criatividade Superando a L\u00f3gica Patriarcal<\/a><\/p>\n<p><a href=\"https:\/\/www.ufrgs.br\/prorext\/wp-content\/uploads\/2015\/10\/RevExt_N6_s.pdf\">Carrinho (d)e boneca: pr\u00e1ticas extensionistas e promo\u00e7\u00e3o da equidade de g\u00eanero &#8211; Revista da Extens\u00e3o UFRGS, v. 1, p. 26-34, 2013<\/a><\/p>\n<p><a href=\"http:\/\/www.wwc2017.eventos.dype.com.br\/resources\/anais\/1499449603_ARQUIVO_AlineCunhaFazendoGenero2017CORRIGIDO.pdf\">O QUE \u00c9 JUSTI\u00c7A? Di\u00e1logos com mulheres sobre a Lei Maria da Penha.<\/a><\/p>\n<p><a href=\"https:\/\/periodicos.furg.br\/momento\/article\/view\/5630\/5622\">Amazonas: mulheres e forma\u00e7\u00e3o docente no Parfor.<\/a><\/p>\n<p><a href=\"http:\/\/www.repositorio.jesuita.org.br\/handle\/UNISINOS\/3686\">Inventabilidade, Tramas E Fios: A Forma\u00e7\u00e3o De Tecel\u00e2s Mineiras<\/a><\/p>\n<p><a href=\"http:\/\/www.seer.ufu.br\/index.php\/reveducpop\/article\/view\/41189\">Educa\u00e7\u00e3o Popular E Estudos Feministas: Contribui\u00e7\u00f5es Para A Linguagem Inclusiva.<\/a><\/p>\n<p><a href=\"https:\/\/siaiap32.univali.br\/seer\/index.php\/rc\/article\/view\/7943\">Movimento Feminista No Brasil E Am\u00e9rica Latina: Reflex\u00f5es Sobre Educa\u00e7\u00e3o E Mulheres.<\/a><\/p>\n<p><a href=\"http:\/\/periodicos.uem.br\/ojs\/index.php\/ImagensEduc\/article\/view\/43525\">O Direito \u00c0 Leitura Na Pris\u00e3o: Uma Experi\u00eancia N\u00e3o Escolar Em Pres\u00eddio Feminino No Brasil.\u00a0<\/a><\/p>\n<p><a href=\"http:\/\/www.scielo.br\/scielo.php?script=sci_abstract&amp;pid=S0104-40602019000300335&amp;lng=pt&amp;nrm=iso\">Escola, trabalho e g\u00eanero: uma experi\u00eancia da Educa\u00e7\u00e3o de Jovens e Adultos na rede p\u00fablica de ensino de Porto Alegre.<\/a><\/p>\n<p><a href=\"https:\/\/www.revistas.ufg.br\/interacao\/article\/view\/43832\/23204\">Contribui\u00e7\u00f5es Do Pensamento Freireano Para A Escolariza\u00e7\u00e3o De Mulheres Trabalhadoras Na Educa\u00e7\u00e3o De Jovens E Adultos.<\/a><\/p>\n<p><a href=\"https:\/\/bell.unochapeco.edu.br\/revistas\/index.php\/grifos\/article\/view\/2467\/1463\">Movimento de Mulheres Camponesas: 30 anos de hist\u00f3ria na constru\u00e7\u00e3o de novas rela\u00e7\u00f5es.<\/a><\/p>\n<p><a href=\"http:\/\/www.periodicos.uem.br\/ojs\/index.php\/EspacoAcademico\/article\/view\/11796\/6546\">A constitui\u00e7\u00e3o de identidades camponesa e feminista no Movimento de Mulheres Camponesas.<\/a><\/p>\n<p><a href=\"http:\/\/bvsms.saude.gov.br\/bvs\/publicacoes\/saude_ambiente_populacoes_campo_floresta_aguas.pdf\">Sa\u00fade e Ambiente: a experi\u00eancia no Movimento de Mulheres Camponesas. &#8211; Sa\u00fade e Ambiente para as popula\u00e7\u00f5es do campo, da floresta e das \u00e1guas. 1ed.Bras\u00edlia: Minist\u00e9rio da Sa\u00fade, 2015, v. , p. 205-214.<\/a><\/p>\n<p><a href=\"http:\/\/periodicos.uem.br\/ojs\/index.php\/ImagensEduc\/article\/view\/48731\">Ainda Sobre A Contribui\u00e7\u00e3o De Argumentos Feministas E Suas Possibilidades Na Doc\u00eancia Da P\u00f3s-Gradua\u00e7\u00e3o Em Educa\u00e7\u00e3o.<\/a><\/p>\n<p><a href=\"https:\/\/periodicos.ufv.br\/educacaoemperspectiva\/article\/view\/7099\">Jean-Jacques Rousseau e a heran\u00e7a da naturaliza\u00e7\u00e3o da exclus\u00e3o das mulheres na cidadania.<\/a><\/p>\n<p><a href=\"http:\/\/repositorio.pucrs.br\/dspace\/bitstream\/10923\/14872\/2\/Women_Weavers_Recognizing_Their_Craftwork.pdf\">Women Weavers Recognizing Their Craftwork.<\/a><\/p>\n<p><a href=\"http:\/\/editorarevistas.mackenzie.br\/index.php\/tint\/article\/view\/9326\/5671\">Uma oferenda: bordados brasileiros para Frida Kahlo.<\/a><\/p>\n<p><a href=\"https:\/\/periodicos.furg.br\/divedu\/article\/view\/9517\/6179\">Mulheres de povos tradicionais, mulheres negras e educa\u00e7\u00e3o: di\u00e1logos e autorias.<\/a><\/p>\n<p><a href=\"http:\/\/mexicanadesociologia.unam.mx\/index.php\/v81n3\/343-v81n3a7\">Sistema de cuotas, fraudes e hiper-racismo en Brasil.<\/a><\/p>\n<p><a href=\"http:\/\/www.reveduc.ufscar.br\/index.php\/reveduc\/article\/download\/2591\/895\">Alfabetiza\u00e7\u00e3o de adultos e idosos a partir de um lugarejo quilombola.<\/a><\/p>\n<p><a href=\"https:\/\/ppgd.furg.br\/images\/Paixao2019_FamiliasNegras.pdf\">Nossos pretos velhos: fam\u00edlias negras do extremo sul do Rio Grande do Sul.<\/a><\/p>\n<p><a href=\"https:\/\/educacaoambiental.furg.br\/images\/stories\/fruit\/ANAIS_EDEA_FINAL.pdf\">Representa\u00e7\u00f5es sociais como reprodutoras da exclus\u00e3o social socioambiental hist\u00f3rica. &#8211; Anais do VII Encontro e Di\u00e1logos da Educa\u00e7\u00e3o Ambiental, 2015. v. 1. p. 162.<\/a><\/p>\n<p><a href=\"http:\/\/www.escravidaoeliberdade.com.br\/site\/images\/Textos.6\/cassianepaixaoemarcusspolle.pdf\">Clubes Sociais negros e os espa\u00e7os de negritude no Rio Grande do Sul.<\/a><\/p>\n<p><a href=\"https:\/\/periodicos.furg.br\/divedu\/article\/view\/9530\/6182\">Mem\u00f3rias, Hist\u00f3rias De Vidas E Trabalho Artesanal De Mulheres Quilombolas De S\u00e3o Louren\u00e7o Do Sul\/Rs.<\/a><\/p>\n<p><a href=\"https:\/\/sistemas.uft.edu.br\/periodicos\/index.php\/campo\/article\/view\/6318\/14541\">Epistemologias de &#8220;nosotras&#8221;: mulheres do campo, das \u00e1guas e das florestas.<\/a><\/p>\n<p><a href=\"https:\/\/periodicos.furg.br\/cadliter\/article\/view\/9222\/5903\">(RE) Pensando o feminismo de N\u00edsia Floresta e a sua contribui\u00e7\u00e3o para a hist\u00f3ria e Literatura Brasileira.<\/a><\/p>\n<p><a href=\"https:\/\/periodicos.ufsm.br\/sociaisehumanas\/article\/view\/2840\/pdf\">Equidade De G\u00eanero Em N\u00edsia Floresta.<\/a><\/p>\n<p><a href=\"https:\/\/dialnet.unirioja.es\/servlet\/articulo?codigo=6072968\">Trends in sexual orientation in Brazil.<\/a><\/p>\n<p><a href=\"http:\/\/revistas.fw.uri.br\/index.php\/literaturaemdebate\/article\/view\/3346\/2791\">Titula\u00e7\u00e3o Quilombola como instrumento de pol\u00edticas p\u00fablicas.<\/a><\/p>\n<p><a href=\"https:\/\/lume.ufrgs.br\/handle\/10183\/197287\">O mito da democracia racial e a rela\u00e7\u00e3o entre ra\u00e7a e pol\u00edtica no Brasil: reflex\u00f5es a partir de Carlos Hasenbalg.<\/a><\/p>\n<p><a href=\"http:\/\/www.adaltech.com.br\/anais\/sociologia2017\/resumos\/PDF-eposter-trab-aceito-0148-1.pdf\">Trabalho, reconhecimento e moral &#8211; reflex\u00f5es a partir da legaliza\u00e7\u00e3o do trabalho dom\u00e9stico.<\/a><\/p>\n<p><a href=\"https:\/\/periodicos.ufpel.edu.br\/ojs2\/index.php\/NORUS\/article\/view\/9041\/5909\">Apresenta\u00e7\u00e3o Dossi\u00ea: A Din\u00e2mica Das Rela\u00e7\u00f5es Raciais: Dados, Abordagens E Intersec\u00e7\u00f5es.<\/a><\/p>\n<p><a href=\"https:\/\/anpocs.com\/index.php\/papers-36-encontro\/gt-2\/gt30-2\/8204-os-efeitos-da-discriminacao-racial-na-mobilidade-social-do-negro-na-sociedade-gaucha\/file\">Os Efeitos Da Discrimina\u00e7\u00e3o Racial Na Mobilidade Social Do Negro Na Sociedade Ga\u00facha.<\/a><\/p>\n<p><a href=\"https:\/\/periodicos.furg.br\/cnau\/article\/view\/4755\/2958\">A mobilidade social dos arrumadores de Pelotas: a trajet\u00f3ria de uma categoria portu\u00e1ria negra.<\/a><\/p>\n<p><a href=\"https:\/\/periodicos.pucpr.br\/index.php\/dialogoeducacional\/article\/download\/24117\/23255\">M\u00eddias digitais no contexto da forma\u00e7\u00e3o de professores ind\u00edgenas no curso de Pedagogia EaD-MT: problema a ser dialogado.<\/a><\/p>\n<p><a href=\"https:\/\/www.tellus.ucdb.br\/tellus\/article\/view\/500\">A corporeidade da mulher Xavante: um movimento da cosmogonia.<\/a><\/p>\n<p><a href=\"http:\/\/periodicoscientificos.ufmt.br\/ojs\/index.php\/educacaopublica\/article\/view\/4099\/2836\">Fenomenologia merleau-pontyana: mulheres Xavante e os processos metodol\u00f3gicos da pesquisa.<\/a><\/p>\n<p><a href=\"https:\/\/periodicos.ufpel.edu.br\/ojs2\/index.php\/expressaextensao\/article\/view\/10118\/6809\">Entrevista com Maria Aparecida Rezende.<\/a><\/p>\n<p><a href=\"http:\/\/www.seer.unirio.br\/index.php\/cuidadofundamental\/article\/view\/2101\/pdf_933\">Feminine Identity: The Representation Of The Uterus For Women Undergoing Hysterectomy.<\/a><\/p>\n<p><a href=\"http:\/\/www.scielo.br\/scielo.php?script=sci_arttext&amp;pid=S1983-14472011000300010\">Canc\u00ear De Colo Uterino:Aten\u00e7\u00e3o Integral \u00c0 Mulher Nos Servi\u00e7os De Sa\u00fade.<\/a><\/p>\n<p><a href=\"http:\/\/www.scielo.br\/pdf\/ean\/v14n1\/v14n1a14.pdf\">C\u00e2ncer de colo uterino: caracteriza\u00e7\u00e3o das mulheres em um munic\u00edpio do sul do Brasil.<\/a><\/p>\n<p><a href=\"http:\/\/revistas.unisinos.br\/index.php\/educacao\/article\/view\/edu.2018.224.09\/60746612\">Pedagogia feminista: narrativas autobiogr\u00e1ficas, saberes e fazeres de mulheres camponesas.<\/a><\/p>\n<p><a href=\"http:\/\/www.scielo.br\/scielo.php?script=sci_arttext&amp;pid=S0104-40602018000400293\">A incorpora\u00e7\u00e3o da tem\u00e1tica de g\u00eanero e diversidade na academia: por uma ecologia de saberes na universidade.<\/a><\/p>\n<p><a href=\"http:\/\/periodicos.uem.br\/ojs\/index.php\/TeorPratEduc\/article\/view\/33561\/pdf\">Pedagogia feminista na perspectiva da educa\u00e7\u00e3o popular com mulheres assentadas do MST.<\/a><\/p>\n<p><a href=\"http:\/\/editorarevistas.mackenzie.br\/index.php\/tint\/article\/view\/9337\/5680\">O artesanato como ferramenta metodol\u00f3gica na perspectiva dos estudos de g\u00eanero: articulando pesquisa, ensino e extens\u00e3o universit\u00e1ria.<\/a><\/p>\n<p><a href=\"http:\/\/www.scielo.br\/scielo.php?script=sci_arttext&amp;pid=S0104-40602015000100247&amp;lng=pt&amp;tlng=pt\">Abordagem sobre trabalho artesanal em hist\u00f3rias de vida de mulheres.<\/a><\/p>\n<p><a href=\"http:\/\/www.seer.ufu.br\/index.php\/neguem\/article\/view\/35985\">Soy pan, soy paz, soy m\u00e1s: trabalho dom\u00e9stico e trabalho sexual de mulheres migrantes.<\/a><\/p>\n<p><a href=\"http:\/\/periodicos.est.edu.br\/index.php\/genero\/article\/view\/2807\">Trag\u00e9dia e Farsa: fascismo e clericalismo no Brasil ? originais repeti\u00e7\u00f5es no come\u00e7o do s\u00e9culo XX e no s\u00e9culo XXI.<\/a><\/p>\n<p><a href=\"https:\/\/facasc.emnuvens.com.br\/ret\/article\/viewFile\/77\/70\">Teologia da Mulher.<\/a><\/p>\n<p><a href=\"http:\/\/periodicos.est.edu.br\/index.php\/genero\/article\/view\/2483\/2338\">Com a Virgem Maria na Porta dos Fundos das \u201capari\u00e7\u00f5es\u201d marianas nas pol\u00edticas de assist\u00eancia e as poss\u00edveis tarefas de uma teologia queer-feminista.<\/a><\/p>\n<p><a href=\"http:\/\/seer.fundarte.rs.gov.br\/index.php\/Anaissem\/article\/view\/234\/334\">Projeto Quilombo das Artes: entre o sonho e a desilus\u00e3o.<\/a><\/p>\n<p><a href=\"https:\/\/wp.ufpel.edu.br\/observatorio\/files\/2016\/09\/e-book-PALESTRANTES.pdf\">A beleza ultrajada &#8211; G\u00eanero e Diversidade: debatendo identidades. 2016. p. 173.<\/a><\/p>\n<p><a href=\"https:\/\/proxy.furb.br\/ojs\/index.php\/atosdepesquisa\/article\/view\/7078\/4434\">G\u00eanero Em Livros Did\u00e1ticos: An\u00e1lise De Dois Livros Da EJA (L\u00edngua Portuguesa E L\u00ednguas Estrangeiras Modernas).<\/a><\/p>\n<p><a href=\"http:\/\/www.scielo.br\/pdf\/ides\/v68n3\/2175-8026-ides-68-03-00147.pdf\">Beaten, Broken and Burnt-The Violence Against the Bodies of the Female Protagonist in Three 21st Century Bestsellers Written by Women.<\/a><\/p>\n<p><a href=\"http:\/\/revistas.fw.uri.br\/index.php\/revistalinguaeliteratura\/article\/view\/1187\/1683\">Literatura, discurso e quest\u00f5es de g\u00eanero: considera\u00e7\u00f5es sobre dois best-sellers do s\u00e9culo XXI, suas protagonistas e seus reflexos sobre as leitoras.<\/a><\/p>\n<p><a href=\"https:\/\/wp.ufpel.edu.br\/ppgl\/files\/2018\/11\/O_Senhor_dos_Aneis-Renata_Kabke_Pinheiro.pdf\">\u00c9owyn, a Senhora de Rohan: uma an\u00e1lise lingu\u00edstico-discursiva da personagem de Tolkien em O Senhor dos An\u00e9is.<\/a><\/p>\n<p><a href=\"http:\/\/www.wwc2017.eventos.dype.com.br\/fg8\/sts\/ST52\/Renata_Kabke_Pinheiro_52.pdf\">Polifonia X Plurivocidade: As ressoantes vozes de Bakhtin em As Brumas de Avalon.<\/a><\/p>\n<p><a href=\"http:\/\/www.ibdfam.org.br\/assets\/upload\/anais\/174.pdf\">Uni\u00f5es homoafetivas face ao ordenamento jur\u00eddico brasileiro.<\/a><\/p>\n<p><a href=\"https:\/\/www.koinonia.org.br\/tpdigital\/uploads\/Ideologia-de-Genero-KN_out_2018.pdf\">Ideologia de G\u00eanero: uma ofensiva reacion\u00e1ria transnacional.<\/a><\/p>\n<p><a href=\"http:\/\/pepsic.bvsalud.org\/scielo.php?script=sci_arttext&amp;pid=S1519-549X2018000300004\">A inven\u00e7\u00e3o da &#8216;ideologia de g\u00eanero&#8217;: a emerg\u00eancia de um cen\u00e1rio pol\u00edtico-discursivo e a elabora\u00e7\u00e3o de uma ret\u00f3rica reacion\u00e1ria antig\u00eanero.<\/a><\/p>\n<p><a href=\"http:\/\/www.clam.org.br\/bibliotecadigital\/uploads\/publicacoes\/1890_892_junqueira171-722-3-PB.pdf\">A homofobia n\u00e3o \u00e9 uma problema. Aqui n\u00e3o h\u00e1 gays nem l\u00e9sbicas! Estrat\u00e9gias discursivas e estados de nega\u00e7\u00e3o da discrimina\u00e7\u00e3o por orienta\u00e7\u00e3o sexual e identidade de g\u00eanero nas escolas.<\/a><\/p>\n<p><a href=\"https:\/\/www.hcpa.edu.br\/downloads\/pesquisa\/RevistaCientifica\/2008\/revista_supl_28schcpa.pdf\">Grupo de Pu\u00e9rperas: Uma Atua\u00e7\u00e3o Interdisciplinar. Revista do Hospital de Cl\u00ednicas de Porto Alegre, 2008. v. 28. p. 320.<\/a><\/p>\n<p><a href=\"https:\/\/www.hcpa.edu.br\/downloads\/pesquisa\/RevistaCientifica\/2006\/ANAIS_2006.pdf\">Cuidando De Mulheres Negras V\u00edtimas De Viol\u00eancia: Um Estudo Sobre A Casa De Apoio Maria Mulher. Revista HCPA. PORTO ALEGRE: HCPA, 2006. v. 26. p. 41.<\/a><\/p>\n<p><a href=\"https:\/\/cabodostrabalhos.ces.uc.pt\/n17\/documentos\/11_eliane_godinho.pdf\">Bordando subalternidades: uma perspectiva feminista sobre representa\u00e7\u00e3o.<\/a><\/p>\n<p><a href=\"http:\/\/periodicos.est.edu.br\/index.php\/genero\/article\/view\/2886\/2666\">Pesquisa biogr\u00e1fica com mulheres assentadas artes\u00e3s.<\/a><\/p>\n<p><a href=\"https:\/\/wp.ufpel.edu.br\/observatorio\/files\/2016\/09\/E-book-ANAIS-Resumos.pdf\">O Processo Pol\u00edtico Pedag\u00f3gico De Artesanar: O Feminismo E O Artesanato Dialogando Com A Proposta Freireana De Educa\u00e7\u00e3o. Anais Do I Simp\u00f3sio De G\u00eanero E Diversidade: debatendo identidades. 2016. v. 1. p. 22<\/a><\/p>\n<p><a href=\"https:\/\/wp.ufpel.edu.br\/psicologia\/files\/2019\/11\/13200702-UELQUER-GUEDES-DE-SOUZA.pdf\">Problematiza\u00e7\u00f5es Sobre O Binarismo Homem\/Mulher, Masculino\/Feminino E O Conceito Identidades De G\u00eanero: Di\u00e1logos Com O Pensamento Cr\u00edtico Descolonial.<\/a><\/p>\n<p><a href=\"https:\/\/wp.ufpel.edu.br\/congressoextensao\/files\/2016\/12\/CULTURA-2016-.pdf\">Observat\u00f3rio De G\u00eanero E Diversidade Da UFPel: Construindo O Trabalho Em Rede Em Pelotas E Regi\u00e3o. Congresso De Extens\u00e3o E Cultura Da Universidade Federal De Pelotas. 2016. v. 3. p. 346-349.<\/a><\/p>\n<p><a href=\"http:\/\/cti.ufpel.edu.br\/siepe\/arquivos\/2017\/CH_03005.pdf\">Colonialidade E Diversidade Humana: Reflex\u00f5es Sobre A Subalterniza\u00e7\u00e3o De G\u00eaneros, Sexualidades E Ra\u00e7a.<\/a><\/p>\n<p><a href=\"https:\/\/www.univates.br\/editora-univates\/media\/publicacoes\/141\/pdf_141.pdf\">Mulheres adultas e suas expectativas ao ingressarem nos cursos t\u00e9cnicos\/PRONATEC: sob a abordagem da categoria de g\u00eanero e hist\u00f3rias de vida. IV Simp\u00f3sio Di\u00e1logos na Contemporaneidade: tecnoci\u00eancia, humanismo e sociedade. 2015. p. 321.<\/a><\/p>\n<p><a href=\"https:\/\/sociologiajuridicadotnet.files.wordpress.com\/2018\/07\/rev-soc-jur-24-25-completo.pdf\">Transgress\u00f5es Educacionais: O Existir Como Sin\u00f4nimo De Viol\u00eancia, Puni\u00e7\u00e3o E Castigo Na Escola. Revista Sociologia Jur\u00eddica, V. 24\/25, P. 74-91, 2018.<\/a><\/p>\n<p><a href=\"https:\/\/www.revistas.ufg.br\/rir\/article\/view\/46785\/23882\">Diversidade Sexual E Homofobia Na Escola: Posicionamentos De Professoras E Professores Do Ensino B\u00e1sico.<\/a><\/p>\n<p><a href=\"https:\/\/www.e-publicacoes.uerj.br\/index.php\/periferia\/article\/view\/29413\/22112\">Declara\u00e7\u00e3o De Amor Gay No Col\u00e9gio: Os Coment\u00e1rios De Uma Postagem No Facebook.<\/a><\/p>\n<p><a href=\"https:\/\/ojs.rosario-conicet.gov.ar\/index.php\/revistairice\/article\/download\/697\/749\">Interfer\u00eancia da forma\u00e7\u00e3o continuada para o posicionamento de docentes brasileiros sobre sexualidades e g\u00eanero.<\/a><\/p>\n<p><a href=\"http:\/\/www.scielo.br\/scielo.php?script=sci_arttext&amp;pid=S2176-66812018000200404&amp;lang=pt\">Abordagem das desigualdades de g\u00eanero e diversidade sexual em sindicatos de trabalhadoras\/es em educa\u00e7\u00e3o: o caso da Confedera\u00e7\u00e3o Nacional dos Trabalhadores em Educa\u00e7\u00e3o (CNTE).<\/a><\/p>\n<p><a href=\"https:\/\/www.editorafi.org\/61genero\">https:\/\/www.editorafi.org\/61genero<\/a><\/p>\n","protected":false},"excerpt":{"rendered":"<p>Livro Pedagogias Populares e Epistemologias Femininas Latino-americanas Livro Trabalho de Mulher? Livro Mulheres Trabalhadoras Livro Educa\u00e7\u00e3o, Feminismos e Sexualidades Produ\u00e7\u00e3o Artesanal Com Mulheres Em Pris\u00f5es: Reflex\u00e3o e Criatividade Superando a L\u00f3gica Patriarcal Carrinho (d)e boneca: pr\u00e1ticas extensionistas e promo\u00e7\u00e3o da equidade de g\u00eanero &#8211; Revista da Extens\u00e3o UFRGS, v. 1, p. 26-34, 2013 O QUE [&hellip;]<\/p>\n","protected":false},"author":699,"featured_media":0,"parent":0,"menu_order":5,"comment_status":"closed","ping_status":"closed","template":"","meta":{"footnotes":""},"class_list":["post-24","page","type-page","status-publish","hentry"],"_links":{"self":[{"href":"https:\/\/wp.ufpel.edu.br\/dgenerus\/wp-json\/wp\/v2\/pages\/24","targetHints":{"allow":["GET"]}}],"collection":[{"href":"https:\/\/wp.ufpel.edu.br\/dgenerus\/wp-json\/wp\/v2\/pages"}],"about":[{"href":"https:\/\/wp.ufpel.edu.br\/dgenerus\/wp-json\/wp\/v2\/types\/page"}],"author":[{"embeddable":true,"href":"https:\/\/wp.ufpel.edu.br\/dgenerus\/wp-json\/wp\/v2\/users\/699"}],"replies":[{"embeddable":true,"href":"https:\/\/wp.ufpel.edu.br\/dgenerus\/wp-json\/wp\/v2\/comments?post=24"}],"version-history":[{"count":14,"href":"https:\/\/wp.ufpel.edu.br\/dgenerus\/wp-json\/wp\/v2\/pages\/24\/revisions"}],"predecessor-version":[{"id":275,"href":"https:\/\/wp.ufpel.edu.br\/dgenerus\/wp-json\/wp\/v2\/pages\/24\/revisions\/275"}],"wp:attachment":[{"href":"https:\/\/wp.ufpel.edu.br\/dgenerus\/wp-json\/wp\/v2\/media?parent=24"}],"curies":[{"name":"wp","href":"https:\/\/api.w.org\/{rel}","templated":true}]}}