{"id":21,"date":"2016-10-15T11:32:15","date_gmt":"2016-10-15T14:32:15","guid":{"rendered":"https:\/\/wp.ufpel.edu.br\/dgenerus\/?page_id=21"},"modified":"2021-04-08T09:22:08","modified_gmt":"2021-04-08T12:22:08","slug":"links","status":"publish","type":"page","link":"https:\/\/wp.ufpel.edu.br\/dgenerus\/links\/","title":{"rendered":"Links"},"content":{"rendered":"<p>&nbsp;<\/p>\n<p>Instituto de Estudos de G\u00eanero\u00a0 <a href=\"http:\/\/www.ieg.ufsc.br\/\">http:\/\/www.ieg.ufsc.br\/<\/a><\/p>\n<p>CF\u00eamea\u00a0\u00a0 <a href=\"http:\/\/www.cfemea.org.br\/\">http:\/\/www.cfemea.org.br\/<\/a><\/p>\n<p>Universidade Livre Feminista\u00a0\u00a0 <a href=\"http:\/\/feminismo.org.br\/\">http:\/\/feminismo.org.br\/<\/a><\/p>\n<p>Plataforma Lattes\u00a0\u00a0 <a href=\"http:\/\/lattes.cnpq.br\/\">http:\/\/lattes.cnpq.br\/<\/a><\/p>\n<p>Portal CNPq\u00a0\u00a0 <a href=\"http:\/\/www.cnpq.br\/\">http:\/\/www.cnpq.br\/<\/a><\/p>\n<p>Funda\u00e7\u00e3o Capes\u00a0 <a href=\"http:\/\/www.capes.gov.br\/\">http:\/\/www.capes.gov.br\/<\/a><\/p>\n<p>Dicion\u00e1rio de G\u00eaneros <a href=\"http:\/\/dicionariodegeneros.com.br\/\">http:\/\/dicionariodegeneros.com.br\/<\/a><\/p>\n<p>Secretaria Especial de Pol\u00edticas para as Mulheres\u00a0 <a href=\"http:\/\/www.spm.gov.br\/\">http:\/\/www.spm.gov.br\/<\/a><\/p>\n<p>Minist\u00e9rio da Educa\u00e7\u00e3o\u00a0\u00a0 <a href=\"http:\/\/www.mec.gov.br\/\">http:\/\/www.mec.gov.br\/<\/a><\/p>\n<p>Pr\u00eamio Construindo a igualdade de g\u00eanero\u00a0 <a href=\"http:\/\/www.igualdadedegenero.cnpq.br\/igualdade.html\">http:\/\/www.igualdadedegenero.cnpq.br\/igualdade.html<\/a><\/p>\n<p>Agenda de eventos feministas\u00a0\u00a0 <a href=\"https:\/\/agendafeminista.wordpress.com\/\">https:\/\/agendafeminista.wordpress.com\/<\/a><\/p>\n<p>G\u00eanero e Educa\u00e7\u00e3o <a href=\"http:\/\/generoeeducacao.org.br\/\">http:\/\/generoeeducacao.org.br\/<\/a><\/p>\n<p>Sempreviva Organiza\u00e7\u00e3o Feminista (SOF) <a href=\"https:\/\/www.sof.org.br\/\">https:\/\/www.sof.org.br\/<\/a><\/p>\n<p>&nbsp;<\/p>\n<p>&nbsp;<\/p>\n<p>&nbsp;<\/p>\n<p>&nbsp;<\/p>\n","protected":false},"excerpt":{"rendered":"<p>&nbsp; Instituto de Estudos de G\u00eanero\u00a0 http:\/\/www.ieg.ufsc.br\/ CF\u00eamea\u00a0\u00a0 http:\/\/www.cfemea.org.br\/ Universidade Livre Feminista\u00a0\u00a0 http:\/\/feminismo.org.br\/ Plataforma Lattes\u00a0\u00a0 http:\/\/lattes.cnpq.br\/ Portal CNPq\u00a0\u00a0 http:\/\/www.cnpq.br\/ Funda\u00e7\u00e3o Capes\u00a0 http:\/\/www.capes.gov.br\/ Dicion\u00e1rio de G\u00eaneros http:\/\/dicionariodegeneros.com.br\/ Secretaria Especial de Pol\u00edticas para as Mulheres\u00a0 http:\/\/www.spm.gov.br\/ Minist\u00e9rio da Educa\u00e7\u00e3o\u00a0\u00a0 http:\/\/www.mec.gov.br\/ Pr\u00eamio Construindo a igualdade de g\u00eanero\u00a0 http:\/\/www.igualdadedegenero.cnpq.br\/igualdade.html Agenda de eventos feministas\u00a0\u00a0 https:\/\/agendafeminista.wordpress.com\/ G\u00eanero e Educa\u00e7\u00e3o http:\/\/generoeeducacao.org.br\/ Sempreviva [&hellip;]<\/p>\n","protected":false},"author":699,"featured_media":0,"parent":0,"menu_order":4,"comment_status":"closed","ping_status":"closed","template":"","meta":{"footnotes":""},"class_list":["post-21","page","type-page","status-publish","hentry"],"_links":{"self":[{"href":"https:\/\/wp.ufpel.edu.br\/dgenerus\/wp-json\/wp\/v2\/pages\/21","targetHints":{"allow":["GET"]}}],"collection":[{"href":"https:\/\/wp.ufpel.edu.br\/dgenerus\/wp-json\/wp\/v2\/pages"}],"about":[{"href":"https:\/\/wp.ufpel.edu.br\/dgenerus\/wp-json\/wp\/v2\/types\/page"}],"author":[{"embeddable":true,"href":"https:\/\/wp.ufpel.edu.br\/dgenerus\/wp-json\/wp\/v2\/users\/699"}],"replies":[{"embeddable":true,"href":"https:\/\/wp.ufpel.edu.br\/dgenerus\/wp-json\/wp\/v2\/comments?post=21"}],"version-history":[{"count":4,"href":"https:\/\/wp.ufpel.edu.br\/dgenerus\/wp-json\/wp\/v2\/pages\/21\/revisions"}],"predecessor-version":[{"id":255,"href":"https:\/\/wp.ufpel.edu.br\/dgenerus\/wp-json\/wp\/v2\/pages\/21\/revisions\/255"}],"wp:attachment":[{"href":"https:\/\/wp.ufpel.edu.br\/dgenerus\/wp-json\/wp\/v2\/media?parent=21"}],"curies":[{"name":"wp","href":"https:\/\/api.w.org\/{rel}","templated":true}]}}