{"id":10,"date":"2016-10-15T11:25:31","date_gmt":"2016-10-15T14:25:31","guid":{"rendered":"https:\/\/wp.ufpel.edu.br\/dgenerus\/?page_id=10"},"modified":"2018-06-12T21:39:50","modified_gmt":"2018-06-13T00:39:50","slug":"quem-somos","status":"publish","type":"page","link":"https:\/\/wp.ufpel.edu.br\/dgenerus\/quem-somos\/","title":{"rendered":"Quem Somos"},"content":{"rendered":"<p>O N\u00facleo D&#8217;Generus surge a partir do trabalho que vem sendo realizado a partir de iniciativas\u00a0de um grupo de pesquisadores\/as vinculados \u00e0 Universidade Federal de Pelotas. O grupo vem\u00a0realizando a\u00e7\u00f5es tanto na \u00e1rea de extens\u00e3o, ensino e tamb\u00e9m de pesquisa. Estas experi\u00eancias\u00a0v\u00eam aproximando pesquisadores e pesquisadoras de v\u00e1rias \u00e1reas de conhecimento que atuam\u00a0nas tem\u00e1ticas de g\u00eanero e diversidade, tanto da UFPel como tamb\u00e9m de outras institui\u00e7\u00f5es.\u00a0Dessa forma, a cria\u00e7\u00e3o do N\u00facleo busca fomentar a implementa\u00e7\u00e3o de a\u00e7\u00f5es de pesquisas\u00a0interdisciplinares de forma mais organizada e sistematizada, ampliando e melhor qualificando a\u00a0atua\u00e7\u00e3o do grupo.<\/p>\n<p>&nbsp;<\/p>\n<p>&nbsp;<\/p>\n<p>&nbsp;<\/p>\n","protected":false},"excerpt":{"rendered":"<p>O N\u00facleo D&#8217;Generus surge a partir do trabalho que vem sendo realizado a partir de iniciativas\u00a0de um grupo de pesquisadores\/as vinculados \u00e0 Universidade Federal de Pelotas. O grupo vem\u00a0realizando a\u00e7\u00f5es tanto na \u00e1rea de extens\u00e3o, ensino e tamb\u00e9m de pesquisa. Estas experi\u00eancias\u00a0v\u00eam aproximando pesquisadores e pesquisadoras de v\u00e1rias \u00e1reas de conhecimento que atuam\u00a0nas tem\u00e1ticas de [&hellip;]<\/p>\n","protected":false},"author":699,"featured_media":0,"parent":0,"menu_order":1,"comment_status":"closed","ping_status":"closed","template":"","meta":{"footnotes":""},"class_list":["post-10","page","type-page","status-publish","hentry"],"_links":{"self":[{"href":"https:\/\/wp.ufpel.edu.br\/dgenerus\/wp-json\/wp\/v2\/pages\/10","targetHints":{"allow":["GET"]}}],"collection":[{"href":"https:\/\/wp.ufpel.edu.br\/dgenerus\/wp-json\/wp\/v2\/pages"}],"about":[{"href":"https:\/\/wp.ufpel.edu.br\/dgenerus\/wp-json\/wp\/v2\/types\/page"}],"author":[{"embeddable":true,"href":"https:\/\/wp.ufpel.edu.br\/dgenerus\/wp-json\/wp\/v2\/users\/699"}],"replies":[{"embeddable":true,"href":"https:\/\/wp.ufpel.edu.br\/dgenerus\/wp-json\/wp\/v2\/comments?post=10"}],"version-history":[{"count":8,"href":"https:\/\/wp.ufpel.edu.br\/dgenerus\/wp-json\/wp\/v2\/pages\/10\/revisions"}],"predecessor-version":[{"id":168,"href":"https:\/\/wp.ufpel.edu.br\/dgenerus\/wp-json\/wp\/v2\/pages\/10\/revisions\/168"}],"wp:attachment":[{"href":"https:\/\/wp.ufpel.edu.br\/dgenerus\/wp-json\/wp\/v2\/media?parent=10"}],"curies":[{"name":"wp","href":"https:\/\/api.w.org\/{rel}","templated":true}]}}