{"id":77,"date":"2018-08-16T15:55:31","date_gmt":"2018-08-16T18:55:31","guid":{"rendered":"https:\/\/wp.ufpel.edu.br\/dfs\/?page_id=77"},"modified":"2019-03-21T11:31:50","modified_gmt":"2019-03-21T14:31:50","slug":"laboratorio-de-manejo-integrado-de-pragas","status":"publish","type":"page","link":"https:\/\/wp.ufpel.edu.br\/dfs\/laboratorios\/laboratorio-de-manejo-integrado-de-pragas\/","title":{"rendered":"Laborat\u00f3rio de Manejo Integrado de Pragas"},"content":{"rendered":"<h3>Respons\u00e1vel: Prof. Dr. Anderson Dionei Grutzmacher e Prof. Dr. Mois\u00e9s Jo\u00e3o Zotti<\/h3>\n","protected":false},"excerpt":{"rendered":"<p>Respons\u00e1vel: Prof. Dr. Anderson Dionei Grutzmacher e Prof. Dr. Mois\u00e9s Jo\u00e3o Zotti<\/p>\n","protected":false},"author":819,"featured_media":0,"parent":262,"menu_order":0,"comment_status":"closed","ping_status":"closed","template":"","meta":{"footnotes":""},"class_list":["post-77","page","type-page","status-publish","hentry","post"],"_links":{"self":[{"href":"https:\/\/wp.ufpel.edu.br\/dfs\/wp-json\/wp\/v2\/pages\/77","targetHints":{"allow":["GET"]}}],"collection":[{"href":"https:\/\/wp.ufpel.edu.br\/dfs\/wp-json\/wp\/v2\/pages"}],"about":[{"href":"https:\/\/wp.ufpel.edu.br\/dfs\/wp-json\/wp\/v2\/types\/page"}],"author":[{"embeddable":true,"href":"https:\/\/wp.ufpel.edu.br\/dfs\/wp-json\/wp\/v2\/users\/819"}],"replies":[{"embeddable":true,"href":"https:\/\/wp.ufpel.edu.br\/dfs\/wp-json\/wp\/v2\/comments?post=77"}],"version-history":[{"count":3,"href":"https:\/\/wp.ufpel.edu.br\/dfs\/wp-json\/wp\/v2\/pages\/77\/revisions"}],"predecessor-version":[{"id":167,"href":"https:\/\/wp.ufpel.edu.br\/dfs\/wp-json\/wp\/v2\/pages\/77\/revisions\/167"}],"up":[{"embeddable":true,"href":"https:\/\/wp.ufpel.edu.br\/dfs\/wp-json\/wp\/v2\/pages\/262"}],"wp:attachment":[{"href":"https:\/\/wp.ufpel.edu.br\/dfs\/wp-json\/wp\/v2\/media?parent=77"}],"curies":[{"name":"wp","href":"https:\/\/api.w.org\/{rel}","templated":true}]}}