{"id":76,"date":"2018-08-16T15:55:26","date_gmt":"2018-08-16T18:55:26","guid":{"rendered":"https:\/\/wp.ufpel.edu.br\/dfs\/?page_id=76"},"modified":"2019-03-21T09:08:54","modified_gmt":"2019-03-21T12:08:54","slug":"laboratorio-2","status":"publish","type":"page","link":"https:\/\/wp.ufpel.edu.br\/dfs\/laboratorios\/laboratorio-2\/","title":{"rendered":"Laborat\u00f3rio de Biologia de Insetos"},"content":{"rendered":"<p>Com \u00e1rea de 30m<sup>2<\/sup>, 1 microsc\u00f3pio binocular, 2 microsc\u00f3pios estereosc\u00f3piocos binoculares, controle de temperatura ambiente, geladeiras, fog\u00e3o, freezer, balan\u00e7a, bancadas.<\/p>\n","protected":false},"excerpt":{"rendered":"<p>Com \u00e1rea de 30m2, 1 microsc\u00f3pio binocular, 2 microsc\u00f3pios estereosc\u00f3piocos binoculares, controle de temperatura ambiente, geladeiras, fog\u00e3o, freezer, balan\u00e7a, bancadas.<\/p>\n","protected":false},"author":819,"featured_media":0,"parent":262,"menu_order":0,"comment_status":"closed","ping_status":"closed","template":"","meta":{"footnotes":""},"class_list":["post-76","page","type-page","status-publish","hentry","post"],"_links":{"self":[{"href":"https:\/\/wp.ufpel.edu.br\/dfs\/wp-json\/wp\/v2\/pages\/76","targetHints":{"allow":["GET"]}}],"collection":[{"href":"https:\/\/wp.ufpel.edu.br\/dfs\/wp-json\/wp\/v2\/pages"}],"about":[{"href":"https:\/\/wp.ufpel.edu.br\/dfs\/wp-json\/wp\/v2\/types\/page"}],"author":[{"embeddable":true,"href":"https:\/\/wp.ufpel.edu.br\/dfs\/wp-json\/wp\/v2\/users\/819"}],"replies":[{"embeddable":true,"href":"https:\/\/wp.ufpel.edu.br\/dfs\/wp-json\/wp\/v2\/comments?post=76"}],"version-history":[{"count":2,"href":"https:\/\/wp.ufpel.edu.br\/dfs\/wp-json\/wp\/v2\/pages\/76\/revisions"}],"predecessor-version":[{"id":165,"href":"https:\/\/wp.ufpel.edu.br\/dfs\/wp-json\/wp\/v2\/pages\/76\/revisions\/165"}],"up":[{"embeddable":true,"href":"https:\/\/wp.ufpel.edu.br\/dfs\/wp-json\/wp\/v2\/pages\/262"}],"wp:attachment":[{"href":"https:\/\/wp.ufpel.edu.br\/dfs\/wp-json\/wp\/v2\/media?parent=76"}],"curies":[{"name":"wp","href":"https:\/\/api.w.org\/{rel}","templated":true}]}}