{"id":75,"date":"2018-08-16T15:55:16","date_gmt":"2018-08-16T18:55:16","guid":{"rendered":"https:\/\/wp.ufpel.edu.br\/dfs\/?page_id=75"},"modified":"2019-03-21T11:18:05","modified_gmt":"2019-03-21T14:18:05","slug":"laboratorio-1","status":"publish","type":"page","link":"https:\/\/wp.ufpel.edu.br\/dfs\/laboratorios\/laboratorio-1\/","title":{"rendered":"Laborat\u00f3rio Didatico de Entomologia Prof. Dr. Miltom de Souza Guerra"},"content":{"rendered":"<h3>Respons\u00e1vel: Prof. Dr.<\/h3>\n<p>Com 108m<sup>2<\/sup>, 30 microsc\u00f3pios binoculares, 40 microsc\u00f3pios estereosc\u00f3piocos binoculares, balc\u00f5es e cadeiras para 45 alunos, projetor de slides, retroprojetor, v\u00eddeo cassete, monitor 29&#8243;.<\/p>\n","protected":false},"excerpt":{"rendered":"<p>Respons\u00e1vel: Prof. Dr. Com 108m2, 30 microsc\u00f3pios binoculares, 40 microsc\u00f3pios estereosc\u00f3piocos binoculares, balc\u00f5es e cadeiras para 45 alunos, projetor de slides, retroprojetor, v\u00eddeo cassete, monitor 29&#8243;.<\/p>\n","protected":false},"author":819,"featured_media":0,"parent":262,"menu_order":0,"comment_status":"closed","ping_status":"closed","template":"","meta":{"footnotes":""},"class_list":["post-75","page","type-page","status-publish","hentry","post"],"_links":{"self":[{"href":"https:\/\/wp.ufpel.edu.br\/dfs\/wp-json\/wp\/v2\/pages\/75","targetHints":{"allow":["GET"]}}],"collection":[{"href":"https:\/\/wp.ufpel.edu.br\/dfs\/wp-json\/wp\/v2\/pages"}],"about":[{"href":"https:\/\/wp.ufpel.edu.br\/dfs\/wp-json\/wp\/v2\/types\/page"}],"author":[{"embeddable":true,"href":"https:\/\/wp.ufpel.edu.br\/dfs\/wp-json\/wp\/v2\/users\/819"}],"replies":[{"embeddable":true,"href":"https:\/\/wp.ufpel.edu.br\/dfs\/wp-json\/wp\/v2\/comments?post=75"}],"version-history":[{"count":3,"href":"https:\/\/wp.ufpel.edu.br\/dfs\/wp-json\/wp\/v2\/pages\/75\/revisions"}],"predecessor-version":[{"id":164,"href":"https:\/\/wp.ufpel.edu.br\/dfs\/wp-json\/wp\/v2\/pages\/75\/revisions\/164"}],"up":[{"embeddable":true,"href":"https:\/\/wp.ufpel.edu.br\/dfs\/wp-json\/wp\/v2\/pages\/262"}],"wp:attachment":[{"href":"https:\/\/wp.ufpel.edu.br\/dfs\/wp-json\/wp\/v2\/media?parent=75"}],"curies":[{"name":"wp","href":"https:\/\/api.w.org\/{rel}","templated":true}]}}