{"id":73,"date":"2018-08-16T15:55:10","date_gmt":"2018-08-16T18:55:10","guid":{"rendered":"https:\/\/wp.ufpel.edu.br\/dfs\/?page_id=73"},"modified":"2018-08-24T10:38:22","modified_gmt":"2018-08-24T13:38:22","slug":"graduacao","status":"publish","type":"page","link":"https:\/\/wp.ufpel.edu.br\/dfs\/graduacao\/","title":{"rendered":"Gradua\u00e7\u00e3o"},"content":{"rendered":"<p><a href=\"https:\/\/wp.ufpel.edu.br\/agronomia\/matriz-curricular\/\">Disciplinas Ofertadas para o Curso de Agronomia<\/a><\/p>\n<p><span style=\"font-size: 14pt\"><em><strong>Fitopatologia<\/strong><\/em><\/span><\/p>\n<ul>\n<li>Fitopatologia (Obrigat\u00f3ria)<\/li>\n<li>Epidemiologia de Doen\u00e7as de Plantas (Optativa)<\/li>\n<li>Manejo Integrado de Doen\u00e7as de Plantas (Obrigat\u00f3ria)<\/li>\n<li>Fitopatologia Molecular\u00a0(Optativa)<\/li>\n<li>M\u00e9todos de Detec\u00e7\u00e3o de Pat\u00f3genos em Sementes\u00a0(Optativa)<\/li>\n<li>M\u00e9todos Fitopatol\u00f3gicos (Optativa)<\/li>\n<\/ul>\n<p><span style=\"font-size: 14pt\"><em><strong>Herbologia<\/strong><\/em><\/span><\/p>\n<ul>\n<li>Herbologia\u00a0(Obrigat\u00f3ria)<\/li>\n<li>Manejo de Plantas Daninhas em Culturas Especiais (Optativa)<\/li>\n<li>Manejo Sustent\u00e1vel de Plantas Daninhas em Sistemas Agr\u00edcolas (Obrigat\u00f3ria)<\/li>\n<\/ul>\n<p><span style=\"font-size: 14pt\"><em><strong>Entomologia\u00a0<\/strong><\/em><\/span><\/p>\n<ul>\n<li>Controle Biol\u00f3gico de Pragas (Optativa)<\/li>\n<li>Entomologia Agr\u00edcola (Obrigat\u00f3ria)<\/li>\n<li>\u00c1caros de Import\u00e2ncia Agr\u00edcola (Optativa)<\/li>\n<li>Entomologia Aplicada (Optativa)<\/li>\n<\/ul>\n","protected":false},"excerpt":{"rendered":"<p>Disciplinas Ofertadas para o Curso de Agronomia Fitopatologia Fitopatologia (Obrigat\u00f3ria) Epidemiologia de Doen\u00e7as de Plantas (Optativa) Manejo Integrado de Doen\u00e7as de Plantas (Obrigat\u00f3ria) Fitopatologia Molecular\u00a0(Optativa) M\u00e9todos de Detec\u00e7\u00e3o de Pat\u00f3genos em Sementes\u00a0(Optativa) M\u00e9todos Fitopatol\u00f3gicos (Optativa) Herbologia Herbologia\u00a0(Obrigat\u00f3ria) Manejo de Plantas Daninhas em Culturas Especiais (Optativa) Manejo Sustent\u00e1vel de Plantas Daninhas em Sistemas Agr\u00edcolas (Obrigat\u00f3ria) Entomologia\u00a0 [&hellip;]<\/p>\n","protected":false},"author":819,"featured_media":0,"parent":0,"menu_order":0,"comment_status":"closed","ping_status":"closed","template":"","meta":{"footnotes":""},"class_list":["post-73","page","type-page","status-publish","hentry","post"],"_links":{"self":[{"href":"https:\/\/wp.ufpel.edu.br\/dfs\/wp-json\/wp\/v2\/pages\/73","targetHints":{"allow":["GET"]}}],"collection":[{"href":"https:\/\/wp.ufpel.edu.br\/dfs\/wp-json\/wp\/v2\/pages"}],"about":[{"href":"https:\/\/wp.ufpel.edu.br\/dfs\/wp-json\/wp\/v2\/types\/page"}],"author":[{"embeddable":true,"href":"https:\/\/wp.ufpel.edu.br\/dfs\/wp-json\/wp\/v2\/users\/819"}],"replies":[{"embeddable":true,"href":"https:\/\/wp.ufpel.edu.br\/dfs\/wp-json\/wp\/v2\/comments?post=73"}],"version-history":[{"count":4,"href":"https:\/\/wp.ufpel.edu.br\/dfs\/wp-json\/wp\/v2\/pages\/73\/revisions"}],"predecessor-version":[{"id":238,"href":"https:\/\/wp.ufpel.edu.br\/dfs\/wp-json\/wp\/v2\/pages\/73\/revisions\/238"}],"wp:attachment":[{"href":"https:\/\/wp.ufpel.edu.br\/dfs\/wp-json\/wp\/v2\/media?parent=73"}],"curies":[{"name":"wp","href":"https:\/\/api.w.org\/{rel}","templated":true}]}}