{"id":67,"date":"2018-08-16T15:49:16","date_gmt":"2018-08-16T18:49:16","guid":{"rendered":"https:\/\/wp.ufpel.edu.br\/dfs\/?page_id=67"},"modified":"2019-03-21T13:23:27","modified_gmt":"2019-03-21T16:23:27","slug":"entomologia","status":"publish","type":"page","link":"https:\/\/wp.ufpel.edu.br\/dfs\/entomologia\/","title":{"rendered":"Entomologia"},"content":{"rendered":"<p><span style=\"font-size: 14pt\"><em><strong>D<span style=\"font-family: georgia, palatino, serif\">ocentes Entomologia<\/span><\/strong><\/em><\/span><\/p>\n<p><span style=\"font-family: georgia, palatino, serif\"><strong>Prof. Dr. Anderson Dionei Grutzmacher <\/strong><\/span><\/p>\n<p><span style=\"font-family: georgia, palatino, serif\"><strong>Prof. Dr. Daniel Bernardi <\/strong><\/span><\/p>\n<p><span style=\"font-family: georgia, palatino, serif\"><strong style=\"font-size: inherit\">Prof. Dr. Mois\u00e9s Jo\u00e3o Zotti<\/strong><\/span><\/p>\n<p><span style=\"font-family: georgia, palatino, serif\"><strong style=\"font-size: inherit\">Prof. Dr. Uemerson da Silva Cunha<\/strong><\/span><\/p>\n<p>&nbsp;<\/p>\n<p><span style=\"font-size: 14pt;font-family: georgia, palatino, serif\"><em><strong>Linhas de Pesquisa<\/strong><\/em><\/span><\/p>\n<h3><span style=\"font-family: georgia, palatino, serif\">* Entomologia Econ\u00f4mica<\/span><\/h3>\n<p><span style=\"font-family: georgia, palatino, serif\">&#8211; M\u00e9todos de controle de pragas em terras baixas<\/span><\/p>\n<p><span style=\"font-family: georgia, palatino, serif\">&#8211; Estabelecimento do n\u00edvel de dano econ\u00f4mico para insetos mastigadores e sugadores, nas culturas do arroz irrigado e milho<\/span><\/p>\n<p><span style=\"font-family: georgia, palatino, serif\">&#8211; Monitoramento e controle de pragas em plantas frut\u00edferas<\/span><\/p>\n<p><span style=\"font-family: georgia, palatino, serif\">&#8211; Avalia\u00e7\u00e3o de danos em pastagens naturais e cultivadas<\/span><\/p>\n<h3><span style=\"font-family: georgia, palatino, serif\">* Formigas Cortadeiras<\/span><\/h3>\n<p><span style=\"font-family: georgia, palatino, serif\">&#8211; Identifica\u00e7\u00e3o de fungos cultivados por diferentes esp\u00e9cies de formigas<\/span><\/p>\n<p><span style=\"font-family: georgia, palatino, serif\">&#8211; Identifica\u00e7\u00e3o de esp\u00e9cies de formigas atrav\u00e9s do sequenciamento de DNA (PCR)<\/span><\/p>\n<p><span style=\"font-family: georgia, palatino, serif\">&#8211; Controle por m\u00e9todos diferenciados (qu\u00edmicos, extratos vegetais, repelentes)<\/span><\/p>\n<p><span style=\"font-family: georgia, palatino, serif\">&#8211; Distribui\u00e7\u00e3o geogr\u00e1fica de esp\u00e9cies no sul do Brasil<\/span><\/p>\n<p><span style=\"font-family: georgia, palatino, serif\">&#8211; Determina\u00e7\u00e3o do cari\u00f3tipo de esp\u00e9cies<\/span><\/p>\n<h3><span style=\"font-family: georgia, palatino, serif\">* Formigas Domiciliares<\/span><\/h3>\n<p><span style=\"font-family: georgia, palatino, serif\">&#8211; Levantamento das esp\u00e9cies em per\u00edmetros urbanos e controle atrav\u00e9s de iscas atrativas<\/span><\/p>\n<h3><span style=\"font-family: georgia, palatino, serif\">* Biologia de Insetos<\/span><\/h3>\n<p><span style=\"font-family: georgia, palatino, serif\">&#8211; Metodologias de cria\u00e7\u00e3o, dietas artificiais e estudos bioecol\u00f3gicos em pragas e inimigos naturais<\/span><\/p>\n<h3><span style=\"font-family: georgia, palatino, serif\">* Controle Biol\u00f3gico de Insetos<\/span><\/h3>\n<p><span style=\"font-family: georgia, palatino, serif\">&#8211; Levantamento das esp\u00e9cies de Trichogramma que ocorrem na regi\u00e3o, sua biologia em condi\u00e7\u00f5es de laborat\u00f3rio e campo<\/span><\/p>\n<p><span style=\"font-family: georgia, palatino, serif\">&#8211; Cria\u00e7\u00e3o massal em hospedeiros alternativos e potencial de controle para a broca do colmo do milho (<em>Diatraea saccharalis<\/em>) e lagarta da espiga do milho (<em>Helicoverpa zea<\/em>) em condi\u00e7\u00f5es de terras baixas<\/span><\/p>\n<h3><span style=\"font-family: georgia, palatino, serif\">* Resist\u00eancia de Plantas \u00e0 Insetos<\/span><\/h3>\n<p><span style=\"font-family: georgia, palatino, serif\">&#8211; Resist\u00eancia de arroz irrigado \u00e0 insetos do solo<\/span><\/p>\n<h3><span style=\"font-family: georgia, palatino, serif\">* Acarologia<\/span><\/h3>\n<p><span style=\"font-family: georgia, palatino, serif\">&#8211; \u00c1caros de import\u00e2ncia agr\u00edcola<\/span><\/p>\n","protected":false},"excerpt":{"rendered":"<p>Docentes Entomologia Prof. Dr. Anderson Dionei Grutzmacher Prof. Dr. Daniel Bernardi Prof. Dr. Mois\u00e9s Jo\u00e3o Zotti Prof. Dr. Uemerson da Silva Cunha &nbsp; Linhas de Pesquisa * Entomologia Econ\u00f4mica &#8211; M\u00e9todos de controle de pragas em terras baixas &#8211; Estabelecimento do n\u00edvel de dano econ\u00f4mico para insetos mastigadores e sugadores, nas culturas do arroz irrigado [&hellip;]<\/p>\n","protected":false},"author":819,"featured_media":0,"parent":0,"menu_order":0,"comment_status":"closed","ping_status":"closed","template":"","meta":{"footnotes":""},"class_list":["post-67","page","type-page","status-publish","hentry","post"],"_links":{"self":[{"href":"https:\/\/wp.ufpel.edu.br\/dfs\/wp-json\/wp\/v2\/pages\/67","targetHints":{"allow":["GET"]}}],"collection":[{"href":"https:\/\/wp.ufpel.edu.br\/dfs\/wp-json\/wp\/v2\/pages"}],"about":[{"href":"https:\/\/wp.ufpel.edu.br\/dfs\/wp-json\/wp\/v2\/types\/page"}],"author":[{"embeddable":true,"href":"https:\/\/wp.ufpel.edu.br\/dfs\/wp-json\/wp\/v2\/users\/819"}],"replies":[{"embeddable":true,"href":"https:\/\/wp.ufpel.edu.br\/dfs\/wp-json\/wp\/v2\/comments?post=67"}],"version-history":[{"count":6,"href":"https:\/\/wp.ufpel.edu.br\/dfs\/wp-json\/wp\/v2\/pages\/67\/revisions"}],"predecessor-version":[{"id":274,"href":"https:\/\/wp.ufpel.edu.br\/dfs\/wp-json\/wp\/v2\/pages\/67\/revisions\/274"}],"wp:attachment":[{"href":"https:\/\/wp.ufpel.edu.br\/dfs\/wp-json\/wp\/v2\/media?parent=67"}],"curies":[{"name":"wp","href":"https:\/\/api.w.org\/{rel}","templated":true}]}}