{"id":66,"date":"2018-08-16T15:49:11","date_gmt":"2018-08-16T18:49:11","guid":{"rendered":"https:\/\/wp.ufpel.edu.br\/dfs\/?page_id=66"},"modified":"2019-03-21T13:24:18","modified_gmt":"2019-03-21T16:24:18","slug":"herbologia","status":"publish","type":"page","link":"https:\/\/wp.ufpel.edu.br\/dfs\/herbologia\/","title":{"rendered":"Herbologia"},"content":{"rendered":"<p><em><strong><span style=\"font-family: georgia, palatino, serif;font-size: 18pt\">Docentes &#8211; Herbologia<\/span><\/strong><\/em><\/p>\n<p><span style=\"font-size: 12pt\"><strong>Prof Dr. Dirceu Agostinetto<\/strong><\/span><\/p>\n<p><span style=\"font-size: 12pt\"><strong>Prof. Dr. Edinalvo Rabaioli Camargo<\/strong><\/span><\/p>\n<p><span style=\"font-size: 12pt\"><strong>Prof. Dr. Luis Antonio Avila<\/strong><\/span><\/p>\n<p>&nbsp;<\/p>\n<p><em><strong><span style=\"font-family: georgia, palatino, serif;font-size: 18pt\">Linhas de Pesquisa<\/span><\/strong><\/em><\/p>\n<h3>* Plantas Daninhas<\/h3>\n<p>&#8211; Din\u00e2mica de popula\u00e7\u00f5es de plantas daninhas no sistema de plantio direto<\/p>\n<p>&#8211; Tipos de cobertura de solo envolvendo forrageiras de inverno e campo nativo<\/p>\n<p>&#8211; Efeitos alelop\u00e1ticos de forrageiras de inverno e seus efeitos no estabelecimento de plantas daninhas e cultivos de ver\u00e3o<\/p>\n<p>&#8211; Atividade residual de herbicidas<\/p>\n<p>&#8211; Res\u00edduos de herbicidas para cultivos em sucess\u00e3o ao milho<\/p>\n<p>&#8211; Res\u00edduos de herbicidas em canais de irriga\u00e7\u00e3o para a cultura do arroz<\/p>\n<h3>* Tecnologia em Aplica\u00e7\u00e3o de Agrot\u00f3xicos<\/h3>\n<p>&#8211; T\u00e9cnicas para minimizar a deriva em pulveriza\u00e7\u00f5es a\u00e9reas<\/p>\n<p>&#8211; Adequa\u00e7\u00e3o do volume de \u00e1gua para controle de pragas, doen\u00e7as e plantas daninhas nas principais culturas em terras baixas<\/p>\n<p>&#8211; Difus\u00e3o de tecnologia atrav\u00e9s de cursos de forma\u00e7\u00e3o de executores de avia\u00e7\u00e3o agr\u00edcolas (t\u00e9cnicos) e coordenadores de avia\u00e7\u00e3o agr\u00edcola (agr\u00f4nomos)<\/p>\n<h3>* Projetos<\/h3>\n<p>&#8211; Viabiliza\u00e7\u00e3o do sistema plantio direto em terras altas no RS<\/p>\n<p>&#8211; Controle de plantas daninhas na cultura da soja e solo de v\u00e1rzea<\/p>\n<p>&#8211; Estudo e controle de plantas daninhas em soja<\/p>\n<p>&#8211; Res\u00edduos de herbicidas em solo em sistema de cultivos em sucess\u00e3o<\/p>\n<p>&#8211; Controle de plantas daninhas em pastagens<\/p>\n","protected":false},"excerpt":{"rendered":"<p>Docentes &#8211; Herbologia Prof Dr. Dirceu Agostinetto Prof. Dr. Edinalvo Rabaioli Camargo Prof. Dr. Luis Antonio Avila &nbsp; Linhas de Pesquisa * Plantas Daninhas &#8211; Din\u00e2mica de popula\u00e7\u00f5es de plantas daninhas no sistema de plantio direto &#8211; Tipos de cobertura de solo envolvendo forrageiras de inverno e campo nativo &#8211; Efeitos alelop\u00e1ticos de forrageiras de [&hellip;]<\/p>\n","protected":false},"author":819,"featured_media":0,"parent":0,"menu_order":0,"comment_status":"closed","ping_status":"closed","template":"","meta":{"footnotes":""},"class_list":["post-66","page","type-page","status-publish","hentry","post"],"_links":{"self":[{"href":"https:\/\/wp.ufpel.edu.br\/dfs\/wp-json\/wp\/v2\/pages\/66","targetHints":{"allow":["GET"]}}],"collection":[{"href":"https:\/\/wp.ufpel.edu.br\/dfs\/wp-json\/wp\/v2\/pages"}],"about":[{"href":"https:\/\/wp.ufpel.edu.br\/dfs\/wp-json\/wp\/v2\/types\/page"}],"author":[{"embeddable":true,"href":"https:\/\/wp.ufpel.edu.br\/dfs\/wp-json\/wp\/v2\/users\/819"}],"replies":[{"embeddable":true,"href":"https:\/\/wp.ufpel.edu.br\/dfs\/wp-json\/wp\/v2\/comments?post=66"}],"version-history":[{"count":3,"href":"https:\/\/wp.ufpel.edu.br\/dfs\/wp-json\/wp\/v2\/pages\/66\/revisions"}],"predecessor-version":[{"id":228,"href":"https:\/\/wp.ufpel.edu.br\/dfs\/wp-json\/wp\/v2\/pages\/66\/revisions\/228"}],"wp:attachment":[{"href":"https:\/\/wp.ufpel.edu.br\/dfs\/wp-json\/wp\/v2\/media?parent=66"}],"curies":[{"name":"wp","href":"https:\/\/api.w.org\/{rel}","templated":true}]}}