{"id":43,"date":"2017-12-19T10:01:17","date_gmt":"2017-12-19T12:01:17","guid":{"rendered":"https:\/\/wp.ufpel.edu.br\/dfs\/?page_id=43"},"modified":"2018-10-16T16:21:15","modified_gmt":"2018-10-16T19:21:15","slug":"apresentacao","status":"publish","type":"page","link":"https:\/\/wp.ufpel.edu.br\/dfs\/","title":{"rendered":"Apresenta\u00e7\u00e3o"},"content":{"rendered":"<p>O Departamento de Fitossanidade (DFs), vinculado a Faculdade de Agronomia Eliseu Maciel (FAEM), tem em suas atividades de ensino, pesquisa e extens\u00e3o uma hist\u00f3ria que remonta ao s\u00e9culo passado. As \u00e1reas de Entomologia e Fitopatologia acompanham a centen\u00e1ria FAEM desde seus primeiros anos de sua exist\u00eancia. Em seus anais, existe o registro de aquisi\u00e7\u00e3o de vasta cole\u00e7\u00e3o de insetos j\u00e1 em 1912. As disciplinas de entomologia e fitopatologia individualizaram-se definitivamente em 1926, com a contrata\u00e7\u00e3o do renomado Professor Ernesto Ronna, ent\u00e3o c\u00f4nsul da It\u00e1lia, que atuou no ensino de entomologia, fitopatologia, bot\u00e2nica e zoologia at\u00e9 sua morte em 1936. A partir de ent\u00e3o iniciou suas atividades na FAEM, o Professor Ceslau Maria Biezanko, de origem polonesa, que ampliou de forma extraordin\u00e1ria o acervo do Museu Entomol\u00f3gico que atualmente ostenta seu nome. At\u00e9 sua aposentadoria compuls\u00f3ria em 1965, o Professor Biezanko publicou uma extensa lista de importantes trabalhos e manteve din\u00e2mico interc\u00e2mbio com institui\u00e7\u00f5es internacionais, destacando-se principalmente na \u00e1rea de taxonomia de lepid\u00f3pteros.<\/p>\n<p>Em 1947 assume a ent\u00e3o c\u00e1tedra de fitopatologia o Professor Manoel Alves de Oliveira, que incrementa o Museu Fitopatol\u00f3gico e intensifica as atividades de pesquisa e inicia, com o ent\u00e3o Instituto Agron\u00f4mico do Sul (IAS), atualmente Embrapa Clima Temperado (Embrapa CPACT), situado junto a \u00e1rea do campus, uma integra\u00e7\u00e3o que perdura at\u00e9 nossos dias e resulta em excelente entrosamento entre as institui\u00e7\u00f5es.<\/p>\n<p>Entre as atividades do DFs, destacam-se a lideran\u00e7a na cria\u00e7\u00e3o do Receitu\u00e1rio Agron\u00f4mico, a organiza\u00e7\u00e3o de congressos das sociedades brasileiras de entomologia (o 2o nacional), Fitopatologia, Nematologia, e Herbologia, Patologia de sementes, o exerc\u00edcio de mandatos de presid\u00eancia de sociedades cient\u00edficas nas mesmas \u00e1reas, a produ\u00e7\u00e3o de diversos livros, a identifica\u00e7\u00e3o de in\u00fameros fitopat\u00f3genos, o desenvolvimento de m\u00e9todos de controle, a presta\u00e7\u00e3o de servi\u00e7os como diagnose e orienta\u00e7\u00e3o no controle de insetos e doen\u00e7as por meio do plant\u00e3o fitossanit\u00e1rio e an\u00e1lise credenciada de sanidade de sementes, v\u00e1rias consultorias internacionais, al\u00e9m de vasta produ\u00e7\u00e3o cient\u00edfica. O ensino em n\u00edvel de p\u00f3s-gradua\u00e7\u00e3o no DFs iniciou-se com a oferta de disciplinas aos cursos de Agronomia (nas \u00e1reas de Fitomelhoramento, Produ\u00e7\u00e3o Vegetal e Fruticultura de Clima Temperado) e Tecnologia de Sementes. O DFs realizou o primeiro curso de Patologia de Sementes no Brasil e foi o primeiro a oferecer a disciplina em n\u00edvel de p\u00f3s-gradua\u00e7\u00e3o sobre o assunto. A P\u00f3s-Gradua\u00e7\u00e3o em Fitossanidade, como \u00e1rea de concentra\u00e7\u00e3o do Programa de P\u00f3s-Gradua\u00e7\u00e3o em Agronomia (PPGAgro), em n\u00edvel de mestrado, foi iniciada em 1991 sendo in\u00fameros mestres titulados nas \u00e1reas de Entomologia, Fitopatologia e Herbologia at\u00e9 sua desvincula\u00e7\u00e3o do PPGAgro em 1998. A partir de ent\u00e3o foi criado o Programa de P\u00f3s-Gradua\u00e7\u00e3o em Fitossanidade (PPGFs), com \u00e1reas de conhecimento em Entomologia, Fitopatologia e Herbologia, recomendando pela CAPES-CTC em 21 de dezembro de 1998 em n\u00edvel de mestrado e em 09 de abril de 1999 tamb\u00e9m em n\u00edvel de doutorado.<\/p>\n<p>&nbsp;<\/p>\n<p><span style=\"font-size: 10pt\"><strong>Chefe do Departamento:<\/strong><\/span><br \/>\n<span style=\"font-size: 10pt\">Prof. Dr. Uemerson S. da Cunha<\/span><\/p>\n<p><span style=\"font-size: 10pt\"><strong>Sub-chefe:\u00a0<\/strong><\/span><br \/>\n<span style=\"font-size: 10pt\">Prof. Dr. Leandro J. Dallagnol<\/span><\/p>\n<p><span style=\"font-size: 10pt\"><strong>Secret\u00e1rio:<\/strong><\/span><br \/>\n<span style=\"font-size: 10pt\">Marcelo Frio Marins<\/span><\/p>\n<p><span style=\"font-size: 10pt\"><strong>Ramais telef\u00f4nicos:<br \/>\n<\/strong>Secretaria: (0xx53) 32757391<\/span><\/p>\n<p>&nbsp;<\/p>\n<p><span style=\"font-size: 10pt\">Servidores T\u00e9cnicos Administrativos<\/span><\/p>\n<p><span style=\"font-size: 10pt\"><strong>*Cl\u00e1udio Alves de Farias<\/strong><\/span><\/p>\n<p><span style=\"font-size: 10pt\"><strong>Cargo:\u00a0<\/strong>Contramestre-of\u00edcio<\/span><\/p>\n<p><span style=\"font-size: 10pt\"><strong>*Darci Cardoso da Silva<\/strong><\/span><\/p>\n<p><span style=\"font-size: 10pt\"><strong>Cargo:\u00a0<\/strong>Mestre em edifica\u00e7\u00f5es e infraestrutura<\/span><\/p>\n<p><span style=\"font-size: 10pt\"><strong>*Eduardo Jos\u00e9 Ely e Silva<\/strong><\/span><\/p>\n<p><span style=\"font-size: 10pt\"><strong>Cargo:\u00a0<\/strong>Engenheiro Agr\u00f4nomo &#8211; Coordenador\/curador do Museu Entomol\u00f3gico Ceslau Maria Biezanko<\/span><\/p>\n<p><span style=\"font-size: 10pt\"><strong>*Mariane D\u00b4Avila Rosenthal<\/strong><\/span><\/p>\n<p><span style=\"font-size: 10pt\"><strong>Cargo:\u00a0<\/strong>Engenheira Agr\u00f4noma<\/span><span style=\"font-size: 10pt\">\u00a0&#8211; Gestor\/Coordenadora da Cl\u00ednica Fitossanit\u00e1ria<\/span><\/p>\n<p><span style=\"font-size: 10pt\"><strong>*Rosana Serpa<\/strong><\/span><\/p>\n<p><span style=\"font-size: 10pt\"><strong>Cargo:\u00a0<\/strong>T\u00e9cnico de Laborat\u00f3rio &#8211; Laborat\u00f3rio de Bacteriologia Vegetal<\/span><\/p>\n<p><span style=\"font-size: 10pt\"><strong>*Rosaria Helena Machado Azambuja<\/strong><\/span><\/p>\n<p><span style=\"font-size: 10pt\"><strong>Cargo:\u00a0<\/strong>T\u00e9cnico de Laborat\u00f3rio &#8211; Laborat\u00f3rio de Patologia de Sementes<\/span><\/p>\n","protected":false},"excerpt":{"rendered":"<p>O Departamento de Fitossanidade (DFs), vinculado a Faculdade de Agronomia Eliseu Maciel (FAEM), tem em suas atividades de ensino, pesquisa e extens\u00e3o uma hist\u00f3ria que remonta ao s\u00e9culo passado. As \u00e1reas de Entomologia e Fitopatologia acompanham a centen\u00e1ria FAEM desde seus primeiros anos de sua exist\u00eancia. Em seus anais, existe o registro de aquisi\u00e7\u00e3o de [&hellip;]<\/p>\n","protected":false},"author":20,"featured_media":0,"parent":0,"menu_order":0,"comment_status":"closed","ping_status":"closed","template":"","meta":{"footnotes":""},"class_list":["post-43","page","type-page","status-publish","hentry","post"],"_links":{"self":[{"href":"https:\/\/wp.ufpel.edu.br\/dfs\/wp-json\/wp\/v2\/pages\/43","targetHints":{"allow":["GET"]}}],"collection":[{"href":"https:\/\/wp.ufpel.edu.br\/dfs\/wp-json\/wp\/v2\/pages"}],"about":[{"href":"https:\/\/wp.ufpel.edu.br\/dfs\/wp-json\/wp\/v2\/types\/page"}],"author":[{"embeddable":true,"href":"https:\/\/wp.ufpel.edu.br\/dfs\/wp-json\/wp\/v2\/users\/20"}],"replies":[{"embeddable":true,"href":"https:\/\/wp.ufpel.edu.br\/dfs\/wp-json\/wp\/v2\/comments?post=43"}],"version-history":[{"count":6,"href":"https:\/\/wp.ufpel.edu.br\/dfs\/wp-json\/wp\/v2\/pages\/43\/revisions"}],"predecessor-version":[{"id":245,"href":"https:\/\/wp.ufpel.edu.br\/dfs\/wp-json\/wp\/v2\/pages\/43\/revisions\/245"}],"wp:attachment":[{"href":"https:\/\/wp.ufpel.edu.br\/dfs\/wp-json\/wp\/v2\/media?parent=43"}],"curies":[{"name":"wp","href":"https:\/\/api.w.org\/{rel}","templated":true}]}}