{"id":32,"date":"2017-12-19T09:50:33","date_gmt":"2017-12-19T11:50:33","guid":{"rendered":"https:\/\/wp.ufpel.edu.br\/dfs\/?page_id=32"},"modified":"2019-05-07T09:34:22","modified_gmt":"2019-05-07T12:34:22","slug":"fitopatologia","status":"publish","type":"page","link":"https:\/\/wp.ufpel.edu.br\/dfs\/fitopatologia\/","title":{"rendered":"Fitopatologia"},"content":{"rendered":"<p><span style=\"font-size: 18pt;font-family: georgia, palatino, serif\"><em><strong>Docentes &#8211; Fitopatologia<\/strong><\/em><\/span><\/p>\n<p><strong>Profa. Dra. Andrea Bittencourt Moura Bacarin<\/strong><\/p>\n<p><strong>Profa. Dra. Candida Renata Jacobsen Farias<\/strong><\/p>\n<p><strong>Profa. Dra. Danielle Ribeiro de Barros<\/strong><\/p>\n<p><strong>Prof. Dr. Edemar Antonio Rossetto<\/strong><\/p>\n<p><strong>Prof. Dr. Leandro Jos\u00e9 Dallagnol<\/strong><\/p>\n<p>&nbsp;<\/p>\n<p>&nbsp;<\/p>\n<p><span style=\"font-size: 18pt;font-family: georgia, palatino, serif\"><em><strong>Linhas de Pesquisa<\/strong><\/em><\/span><\/p>\n<h3>* Patologia de Sementes<\/h3>\n<p>&#8211; M\u00e9todos de detec\u00e7\u00e3o de pat\u00f3genos em sementes<\/p>\n<p>&#8211; N\u00edveis de toler\u00e2ncia<\/p>\n<p>&#8211; Fatores que influenciam a transmissibilidade<\/p>\n<p>&#8211; Controle de pat\u00f3genos em sementes por m\u00e9todos qu\u00edmicos, f\u00edsicos (especialmente termoterapia por calor seco) e biol\u00f3gicos (microbioliza\u00e7\u00e3o de sementes)<\/p>\n<h3>* Controle de Doen\u00e7as<\/h3>\n<p>&#8211; Monitoramento de fitomol\u00e9stias na regi\u00e3o<\/p>\n<p>&#8211; Controle por m\u00e9todos qu\u00edmicos, biol\u00f3gicos, manejo, e variedades resistentes<\/p>\n<p>&#8211; Melhoramento para resist\u00eancia a doen\u00e7as em cebola<\/p>\n<p>&#8211; Uso do sil\u00edcio no manejo integrado de doen\u00e7as<\/p>\n<h3>* Nematologia<\/h3>\n<p>&#8211; Flutua\u00e7\u00e3o populacional de fitonemat\u00f3ides em \u00e1reas de plantio direto<\/p>\n<p>&#8211; Identifica\u00e7\u00e3o de fitonemat\u00f3ides no Rio Grande do Sul<\/p>\n<p>&#8211; Fitonemat\u00f3ides em frut\u00edferas de clima temperado e em arroz irrigado<\/p>\n<h3>* Bact\u00e9rias Fitopatog\u00eanicas<\/h3>\n<p>&#8211; Identifica\u00e7\u00e3o e monitoramento de fitobacterioses<\/p>\n<p>&#8211; Intera\u00e7\u00f5es bact\u00e9rias x sementes e mudas<\/p>\n<p>&#8211; Melhoramento de plantas visando resist\u00eancia a bacterioses<\/p>\n<h3>* Controle Biol\u00f3gico<\/h3>\n<p>&#8211; Microbioliza\u00e7\u00e3o<\/p>\n<p>&#8211; Monitoramento populacional<\/p>\n<p>&#8211; Coloniza\u00e7\u00e3o de ra\u00edzes<\/p>\n<p>&#8211; Rizobact\u00e9rias promotoras do crescimento vegetal<\/p>\n<p>&#8211; Bact\u00e9rias Endof\u00edticas<\/p>\n<p>&#8211; Indu\u00e7\u00e3o de Resist\u00eancia<\/p>\n<h3>* Virologia Vegetal<\/h3>\n<p>&#8211; Identifica\u00e7\u00e3o e caracteriza\u00e7\u00e3o molecular de v\u00edrus fitopatog\u00eanicos<\/p>\n<p>&#8211; Identifica\u00e7\u00e3o de Micov\u00edrus<\/p>\n<p>&nbsp;<\/p>\n","protected":false},"excerpt":{"rendered":"<p>Docentes &#8211; Fitopatologia Profa. Dra. Andrea Bittencourt Moura Bacarin Profa. Dra. Candida Renata Jacobsen Farias Profa. Dra. Danielle Ribeiro de Barros Prof. Dr. Edemar Antonio Rossetto Prof. Dr. Leandro Jos\u00e9 Dallagnol &nbsp; &nbsp; Linhas de Pesquisa * Patologia de Sementes &#8211; M\u00e9todos de detec\u00e7\u00e3o de pat\u00f3genos em sementes &#8211; N\u00edveis de toler\u00e2ncia &#8211; Fatores que [&hellip;]<\/p>\n","protected":false},"author":20,"featured_media":0,"parent":0,"menu_order":0,"comment_status":"closed","ping_status":"closed","template":"","meta":{"footnotes":""},"class_list":["post-32","page","type-page","status-publish","hentry","post"],"_links":{"self":[{"href":"https:\/\/wp.ufpel.edu.br\/dfs\/wp-json\/wp\/v2\/pages\/32","targetHints":{"allow":["GET"]}}],"collection":[{"href":"https:\/\/wp.ufpel.edu.br\/dfs\/wp-json\/wp\/v2\/pages"}],"about":[{"href":"https:\/\/wp.ufpel.edu.br\/dfs\/wp-json\/wp\/v2\/types\/page"}],"author":[{"embeddable":true,"href":"https:\/\/wp.ufpel.edu.br\/dfs\/wp-json\/wp\/v2\/users\/20"}],"replies":[{"embeddable":true,"href":"https:\/\/wp.ufpel.edu.br\/dfs\/wp-json\/wp\/v2\/comments?post=32"}],"version-history":[{"count":5,"href":"https:\/\/wp.ufpel.edu.br\/dfs\/wp-json\/wp\/v2\/pages\/32\/revisions"}],"predecessor-version":[{"id":352,"href":"https:\/\/wp.ufpel.edu.br\/dfs\/wp-json\/wp\/v2\/pages\/32\/revisions\/352"}],"wp:attachment":[{"href":"https:\/\/wp.ufpel.edu.br\/dfs\/wp-json\/wp\/v2\/media?parent=32"}],"curies":[{"name":"wp","href":"https:\/\/api.w.org\/{rel}","templated":true}]}}