{"id":289,"date":"2019-04-18T12:25:52","date_gmt":"2019-04-18T15:25:52","guid":{"rendered":"https:\/\/wp.ufpel.edu.br\/dfs\/?page_id=289"},"modified":"2019-04-18T14:59:28","modified_gmt":"2019-04-18T17:59:28","slug":"clinica-fitossanitaria","status":"publish","type":"page","link":"https:\/\/wp.ufpel.edu.br\/dfs\/clinica-fitossanitaria\/","title":{"rendered":"Cl\u00ednica Fitossanit\u00e1ria"},"content":{"rendered":"<p>Criada Pelo empenho e dedica\u00e7\u00e3o de professores da Faculdade de Agronomia Eliseu Maciel (FAEM), a cl\u00ednica fitossanit\u00e1ria encontra-se fisicamente localizada no campus universit\u00e1rio Cap\u00e3o do Le\u00e3o, da Universidade Federal de Pelotas (UFPel), no pr\u00e9dio LabAgro\/labMip (Laborat\u00f3rio de Manejo Integrado de Pragas (MIP)), funcionando como uma atividade\/projeto de extens\u00e3o, com intuito de atender a comunidade em geral, docentes e discentes, obedecendo o hor\u00e1rio padr\u00e3o diurno de funcionamento da UFPel, vinculada ao Departamento de Fitossanidade.<\/p>\n<p>A cl\u00ednica fitossanit\u00e1ria apresenta como objetivo principal o atendimento a demanda de solicita\u00e7\u00f5es de t\u00e9cnicos de institui\u00e7\u00f5es p\u00fablicas e particulares e\/ou produtores, assim como professores da pr\u00f3pria institui\u00e7\u00e3o no aux\u00edlio de identifica\u00e7\u00e3o de problemas fitossanit\u00e1rios ocorrentes\/incidentes nas lavouras, pomares, viveiros, casas de vegeta\u00e7\u00e3o, etc e ainda complementando atividades de ensino e pesquisa, sempre em analise de amostras vegetais, e a identifica\u00e7\u00e3o de pragas\/agentes causais, atrav\u00e9s da diagnose do problema.<\/p>\n<p>Dentre os servi\u00e7os oferecidos pela cl\u00ednica fitossanit\u00e1ria, encontra-se a diagnose de doen\u00e7as de plantas, an\u00e1lise de fungos associados a gr\u00e3os e sementes, e a identifica\u00e7\u00e3o de insetos pragas, plantas invasoras e fitotoxicidade.<\/p>\n<p>Possui um setor gestor de recebimento e registro\/cadastramento (cadastro geral de recep\u00e7\u00e3o) imediato das amostras acompanhadas do formul\u00e1rio de encaminhamento, obtido diretamente na clinica, devidamente preenchido acompanhado sempre que poss\u00edvel de uma entrevista, capaz de elucidar e colaborar com informa\u00e7\u00f5es complementares a problem\u00e1tica atual.<\/p>\n<p>Uma vez recebido, o material \u00e9 devidamente catalogado e submetido a procedimento de triagem para avalia\u00e7\u00e3o da qualidade da amostra recebida para submiss\u00e3o \u00e0 an\u00e1lise ou poss\u00edvel descarte, quando imprest\u00e1vel ao exame, n\u00e3o representativa ou com aus\u00eancia de sintomas prim\u00e1rios. Uma vez aprovada, a amostra \u00e9 submetida a uma triagem classificat\u00f3ria, realizando-se um estudo preliminar para os casos de diagnose simples, r\u00e1pida e evidente (analise sintomatol\u00f3gica). Para os casos complexos, proceder\u00e1 ao encaminhamento para os respectivos laborat\u00f3rios espec\u00edficos. O procedimento de diagnose correta e em tempo h\u00e1bil encontra-se alicer\u00e7ado na pr\u00e1tica correspondente a uma medida essencial para recomenda\u00e7\u00e3o de procedimentos eficazes de controle, podendo significar a diferen\u00e7a entre lucro e preju\u00edzo ao produtor e consequentemente a cadeia produtiva.<\/p>\n<p>O embasamento t\u00e9cnico de condu\u00e7\u00e3o dos procedimentos e das an\u00e1lises esta fundamentado em um conjunto de informa\u00e7\u00f5es referentes aos sintomas manifestados pelas plantas e\/ou agentes causais, associados a um somat\u00f3rio preciso de observa\u00e7\u00f5es\/informa\u00e7\u00f5es fornecidas\/coletadas pelos t\u00e9cnicos e\/ou produtores, procedentes de diversas origens, os quais se constituem em ferramentas necess\u00e1rias e complementares para uma an\u00e1lise minuciosa, acompanhada de relatos advindos desde a \u00e1rea de cultivo, como por exemplo, o est\u00e1dio fenol\u00f3gico da cultura e o grau de infesta\u00e7\u00e3o da doen\u00e7a ou presen\u00e7a do agente causal, indicando medidas\/procedimentos\/tratamentos adequados, evitando consequentemente a diagnose precipitada.<\/p>\n<p>&nbsp;<\/p>\n<p><strong>CONTATO E RECEBIMENTO DE AMOSTRAS<\/strong><\/p>\n<p><strong>Engenheira Agr\u00f4noma Mariane Rosenthal<br \/>\nUFPel, Faculdade de Agronomia Eliseu Maciel, Departamento de Fitossanidade, LabAgro\/LabMip CEP 96010-970 Pelotas, RS &#8211; Campus Universit\u00e1rio Cap\u00e3o do Le\u00e3o<br \/>\nCaixa Postal 354<br \/>\nFone: (53) 3275-7651 &#8211; (53) 8455-0700\u00a0 FAX: (53) 3275-9031<\/strong><\/p>\n","protected":false},"excerpt":{"rendered":"<p>Criada Pelo empenho e dedica\u00e7\u00e3o de professores da Faculdade de Agronomia Eliseu Maciel (FAEM), a cl\u00ednica fitossanit\u00e1ria encontra-se fisicamente localizada no campus universit\u00e1rio Cap\u00e3o do Le\u00e3o, da Universidade Federal de Pelotas (UFPel), no pr\u00e9dio LabAgro\/labMip (Laborat\u00f3rio de Manejo Integrado de Pragas (MIP)), funcionando como uma atividade\/projeto de extens\u00e3o, com intuito de atender a comunidade em [&hellip;]<\/p>\n","protected":false},"author":819,"featured_media":0,"parent":0,"menu_order":0,"comment_status":"closed","ping_status":"closed","template":"","meta":{"footnotes":""},"class_list":["post-289","page","type-page","status-publish","hentry","post"],"_links":{"self":[{"href":"https:\/\/wp.ufpel.edu.br\/dfs\/wp-json\/wp\/v2\/pages\/289","targetHints":{"allow":["GET"]}}],"collection":[{"href":"https:\/\/wp.ufpel.edu.br\/dfs\/wp-json\/wp\/v2\/pages"}],"about":[{"href":"https:\/\/wp.ufpel.edu.br\/dfs\/wp-json\/wp\/v2\/types\/page"}],"author":[{"embeddable":true,"href":"https:\/\/wp.ufpel.edu.br\/dfs\/wp-json\/wp\/v2\/users\/819"}],"replies":[{"embeddable":true,"href":"https:\/\/wp.ufpel.edu.br\/dfs\/wp-json\/wp\/v2\/comments?post=289"}],"version-history":[{"count":2,"href":"https:\/\/wp.ufpel.edu.br\/dfs\/wp-json\/wp\/v2\/pages\/289\/revisions"}],"predecessor-version":[{"id":295,"href":"https:\/\/wp.ufpel.edu.br\/dfs\/wp-json\/wp\/v2\/pages\/289\/revisions\/295"}],"wp:attachment":[{"href":"https:\/\/wp.ufpel.edu.br\/dfs\/wp-json\/wp\/v2\/media?parent=289"}],"curies":[{"name":"wp","href":"https:\/\/api.w.org\/{rel}","templated":true}]}}