{"id":185,"date":"2018-08-23T12:01:08","date_gmt":"2018-08-23T15:01:08","guid":{"rendered":"https:\/\/wp.ufpel.edu.br\/dfs\/?page_id=185"},"modified":"2019-03-21T09:03:58","modified_gmt":"2019-03-21T12:03:58","slug":"laboratorio-de-fungos-fitopatogenicos-e-patologia-de-sementes","status":"publish","type":"page","link":"https:\/\/wp.ufpel.edu.br\/dfs\/laboratorios\/laboratorio-de-fungos-fitopatogenicos-e-patologia-de-sementes\/","title":{"rendered":"Laborat\u00f3rio de Fungos Fitopatog\u00eanicos e Patologia de Sementes"},"content":{"rendered":"<h3>Respons\u00e1vel: Profa. Dra. Candida Renata Jacobsen Farias<\/h3>\n<p>\u00c1rea de 54 m2, 12 microsc\u00f3pios binoculares, 12 microsc\u00f3pios estereosc\u00f3picos binoculares, 1 microsc\u00f3pio de pesquisa Leitz com objetivas 10,20,40,60 e 100X, com corre\u00e7\u00f5es de cores e curvaturas, 1 microsc\u00f3pio estereosc\u00f3pico Zeiss, com zoom, ilumina\u00e7\u00e3o em fibra \u00f3tica duplas, ambos com fotomicrografia e c\u00e2mera de v\u00eddeo acoplada a microcomputador conectado ao servidor por fibra \u00f3tica, dotado de softwares e hardwares especializados na digitaliza\u00e7\u00e3o, an\u00e1lise, manipula\u00e7\u00e3o de imagens e medi\u00e7\u00f5es autom\u00e1ticas; 2 c\u00e2maras de fluxo laminar, geladeira, freezer, 2 c\u00e2mara de incuba\u00e7\u00e3o com 6 m2 cada e controle de temperatura e ilumina\u00e7\u00e3o, destilador de \u00e1gua, balan\u00e7a de precis\u00e3o, balc\u00f5es e cadeiras para 12 alunos, projetor de slides, retroprojetor, video cassete, monitor 29&#8243;. O laborat\u00f3rio \u00e9 credenciado pelo Minist\u00e9rio da Agricultura, atrav\u00e9s da portaria 180 de 09\/11\/1993 para a expedi\u00e7\u00e3o de boletins de an\u00e1lise sanit\u00e1ria de sementes.<\/p>\n","protected":false},"excerpt":{"rendered":"<p>Respons\u00e1vel: Profa. Dra. Candida Renata Jacobsen Farias \u00c1rea de 54 m2, 12 microsc\u00f3pios binoculares, 12 microsc\u00f3pios estereosc\u00f3picos binoculares, 1 microsc\u00f3pio de pesquisa Leitz com objetivas 10,20,40,60 e 100X, com corre\u00e7\u00f5es de cores e curvaturas, 1 microsc\u00f3pio estereosc\u00f3pico Zeiss, com zoom, ilumina\u00e7\u00e3o em fibra \u00f3tica duplas, ambos com fotomicrografia e c\u00e2mera de v\u00eddeo acoplada a microcomputador [&hellip;]<\/p>\n","protected":false},"author":819,"featured_media":0,"parent":262,"menu_order":0,"comment_status":"closed","ping_status":"closed","template":"","meta":{"footnotes":""},"class_list":["post-185","page","type-page","status-publish","hentry","post"],"_links":{"self":[{"href":"https:\/\/wp.ufpel.edu.br\/dfs\/wp-json\/wp\/v2\/pages\/185","targetHints":{"allow":["GET"]}}],"collection":[{"href":"https:\/\/wp.ufpel.edu.br\/dfs\/wp-json\/wp\/v2\/pages"}],"about":[{"href":"https:\/\/wp.ufpel.edu.br\/dfs\/wp-json\/wp\/v2\/types\/page"}],"author":[{"embeddable":true,"href":"https:\/\/wp.ufpel.edu.br\/dfs\/wp-json\/wp\/v2\/users\/819"}],"replies":[{"embeddable":true,"href":"https:\/\/wp.ufpel.edu.br\/dfs\/wp-json\/wp\/v2\/comments?post=185"}],"version-history":[{"count":3,"href":"https:\/\/wp.ufpel.edu.br\/dfs\/wp-json\/wp\/v2\/pages\/185\/revisions"}],"predecessor-version":[{"id":221,"href":"https:\/\/wp.ufpel.edu.br\/dfs\/wp-json\/wp\/v2\/pages\/185\/revisions\/221"}],"up":[{"embeddable":true,"href":"https:\/\/wp.ufpel.edu.br\/dfs\/wp-json\/wp\/v2\/pages\/262"}],"wp:attachment":[{"href":"https:\/\/wp.ufpel.edu.br\/dfs\/wp-json\/wp\/v2\/media?parent=185"}],"curies":[{"name":"wp","href":"https:\/\/api.w.org\/{rel}","templated":true}]}}