{"id":183,"date":"2018-08-23T12:00:56","date_gmt":"2018-08-23T15:00:56","guid":{"rendered":"https:\/\/wp.ufpel.edu.br\/dfs\/?page_id=183"},"modified":"2019-03-21T09:04:58","modified_gmt":"2019-03-21T12:04:58","slug":"laboratorio-de-bacteriologia-vegetal","status":"publish","type":"page","link":"https:\/\/wp.ufpel.edu.br\/dfs\/laboratorios\/laboratorio-de-bacteriologia-vegetal\/","title":{"rendered":"Laborat\u00f3rio de Bacteriologia Vegetal"},"content":{"rendered":"<h3>Respons\u00e1vel: Profa. Dra. Andrea Bittencourt Moura Bacarin<\/h3>\n<p>\u00c1rea de 30m2, 5 microsc\u00f3pios binoculares, 5 microsc\u00f3pios estereosc\u00f3picos binoculares, c\u00e2mara de fluxo laminar, micr\u00f3tono, 2 geladeiras, 1 freezer, 2 BDO, 4 estufas bacteriol\u00f3gicas, balan\u00e7a de precis\u00e3o, deonizador de \u00e1gua, bomba de v\u00e1cuo e compressor, forno de esteriliza\u00e7\u00e3o, forno de microondas, potenci\u00f4metro, agitadores magn\u00e9ticos, balc\u00f5es e cadeiras para alunos, projetor de slides e retroprojetor.<\/p>\n","protected":false},"excerpt":{"rendered":"<p>Respons\u00e1vel: Profa. Dra. Andrea Bittencourt Moura Bacarin \u00c1rea de 30m2, 5 microsc\u00f3pios binoculares, 5 microsc\u00f3pios estereosc\u00f3picos binoculares, c\u00e2mara de fluxo laminar, micr\u00f3tono, 2 geladeiras, 1 freezer, 2 BDO, 4 estufas bacteriol\u00f3gicas, balan\u00e7a de precis\u00e3o, deonizador de \u00e1gua, bomba de v\u00e1cuo e compressor, forno de esteriliza\u00e7\u00e3o, forno de microondas, potenci\u00f4metro, agitadores magn\u00e9ticos, balc\u00f5es e cadeiras para [&hellip;]<\/p>\n","protected":false},"author":819,"featured_media":0,"parent":262,"menu_order":0,"comment_status":"closed","ping_status":"closed","template":"","meta":{"footnotes":""},"class_list":["post-183","page","type-page","status-publish","hentry","post"],"_links":{"self":[{"href":"https:\/\/wp.ufpel.edu.br\/dfs\/wp-json\/wp\/v2\/pages\/183","targetHints":{"allow":["GET"]}}],"collection":[{"href":"https:\/\/wp.ufpel.edu.br\/dfs\/wp-json\/wp\/v2\/pages"}],"about":[{"href":"https:\/\/wp.ufpel.edu.br\/dfs\/wp-json\/wp\/v2\/types\/page"}],"author":[{"embeddable":true,"href":"https:\/\/wp.ufpel.edu.br\/dfs\/wp-json\/wp\/v2\/users\/819"}],"replies":[{"embeddable":true,"href":"https:\/\/wp.ufpel.edu.br\/dfs\/wp-json\/wp\/v2\/comments?post=183"}],"version-history":[{"count":2,"href":"https:\/\/wp.ufpel.edu.br\/dfs\/wp-json\/wp\/v2\/pages\/183\/revisions"}],"predecessor-version":[{"id":218,"href":"https:\/\/wp.ufpel.edu.br\/dfs\/wp-json\/wp\/v2\/pages\/183\/revisions\/218"}],"up":[{"embeddable":true,"href":"https:\/\/wp.ufpel.edu.br\/dfs\/wp-json\/wp\/v2\/pages\/262"}],"wp:attachment":[{"href":"https:\/\/wp.ufpel.edu.br\/dfs\/wp-json\/wp\/v2\/media?parent=183"}],"curies":[{"name":"wp","href":"https:\/\/api.w.org\/{rel}","templated":true}]}}