{"id":140,"date":"2022-02-01T22:07:36","date_gmt":"2022-02-02T01:07:36","guid":{"rendered":"https:\/\/wp.ufpel.edu.br\/desmistificando\/?page_id=140"},"modified":"2022-04-08T18:07:55","modified_gmt":"2022-04-08T21:07:55","slug":"biologia","status":"publish","type":"page","link":"https:\/\/wp.ufpel.edu.br\/desmistificando\/biologia\/","title":{"rendered":"Biologia"},"content":{"rendered":"<p>Biologia \u00e9 uma ci\u00eancia que se preocupa com o estudo da vida nas suas mais variadas formas e n\u00edveis.<\/p>\n<p>A\u00a0<strong>Biologia\u00a0<\/strong>\u00e9 uma ci\u00eancia que\u00a0<strong>estuda a vida em seus mais variados aspectos<\/strong>, importando-se em compreender, por exemplo, o funcionamento dos organismos vivos, a rela\u00e7\u00e3o desses seres com o meio e seu processo de evolu\u00e7\u00e3o. Devido a sua complexidade, a Biologia pode ser dividida em diferentes sub\u00e1reas, como\u00a0<strong>Biologia Celular<\/strong>,\u00a0<strong>Ecologia<\/strong>,\u00a0<strong>Paleontologia<\/strong>,\u00a0<strong>Anatomia<\/strong>,\u00a0<strong>Fisiologia\u00a0<\/strong>e\u00a0<strong>Evolu\u00e7\u00e3o<\/strong>.<\/p>\n<p><strong>SIGNIFICADO<\/strong><\/p>\n<p>O termo biologia vem dos termos gregos\u00a0<em>bios<\/em>, que significa vida, e\u00a0<em>logos<\/em>, que significa estudo. Desse modo, podemos dizer que o termo biologia significa o\u00a0<strong>estudo da vida<\/strong>.<\/p>\n<p><strong>O QUE ESTUDA?<\/strong><\/p>\n<p>Como o pr\u00f3prio nome indica, a Biologia estuda a vida.<strong>\u00a0<\/strong>Seu estudo engloba desde organismos microsc\u00f3picos at\u00e9 os maiores seres vivos do planeta, analisando-os nos diferentes n\u00edveis. Na Biologia, o estudo dos seres vivos realiza-se desde o\u00a0<strong>n\u00edvel molecular\u00a0<\/strong>at\u00e9 as\u00a0<strong>intera\u00e7\u00f5es\u00a0<\/strong>que ocorrem entre as\u00a0<strong>diferentes esp\u00e9cies do planeta<\/strong>.<\/p>\n<p>Ao aprofundarmo-nos nessa ci\u00eancia, compreendemos melhor\u00a0<strong>como \u00e9 e como funciona\u00a0<\/strong>o\u00a0<strong>corpo dos seres vivos<\/strong>, incluindo o nosso, e tamb\u00e9m percebemos melhor\u00a0<strong>como os seres vivos interagem uns com os outros\u00a0<\/strong>e com o\u00a0<strong>meio em que vivem<\/strong>. Somos capazes, ainda, de perceber como as mudan\u00e7as surgiram ao longo do tempo, como elas favoreceram a sobreviv\u00eancia das esp\u00e9cies e como os mecanismos evolutivos ainda atuam nos dias atuais.<\/p>\n<p>O estudo da Biologia \u00e9 extremamente importante, pois, ao compreendermos o funcionamento dos seres vivos, podemos entender, por exemplo, como<strong>\u00a0evitar e prevenir doen\u00e7as<\/strong>. Podemos tamb\u00e9m fazer previs\u00f5es sobre o\u00a0<strong>impacto do ser humano<\/strong>\u00a0sobre as outras esp\u00e9cies do planeta<strong>\u00a0<\/strong>e mesmo como sua a\u00e7\u00e3o impacta sua pr\u00f3pria vida.<\/p>\n","protected":false},"excerpt":{"rendered":"<p>Biologia \u00e9 uma ci\u00eancia que se preocupa com o estudo da vida nas suas mais variadas formas e n\u00edveis. A\u00a0Biologia\u00a0\u00e9 uma ci\u00eancia que\u00a0estuda a vida em seus mais variados aspectos, importando-se em compreender, por exemplo, o funcionamento dos organismos vivos,&#8230; <a class=\"more-link\" href=\"https:\/\/wp.ufpel.edu.br\/desmistificando\/biologia\/\">Continue lendo &rarr;<\/a><\/p>\n","protected":false},"author":1218,"featured_media":0,"parent":0,"menu_order":0,"comment_status":"closed","ping_status":"closed","template":"","meta":{"footnotes":""},"class_list":["post-140","page","type-page","status-publish","hentry"],"_links":{"self":[{"href":"https:\/\/wp.ufpel.edu.br\/desmistificando\/wp-json\/wp\/v2\/pages\/140","targetHints":{"allow":["GET"]}}],"collection":[{"href":"https:\/\/wp.ufpel.edu.br\/desmistificando\/wp-json\/wp\/v2\/pages"}],"about":[{"href":"https:\/\/wp.ufpel.edu.br\/desmistificando\/wp-json\/wp\/v2\/types\/page"}],"author":[{"embeddable":true,"href":"https:\/\/wp.ufpel.edu.br\/desmistificando\/wp-json\/wp\/v2\/users\/1218"}],"replies":[{"embeddable":true,"href":"https:\/\/wp.ufpel.edu.br\/desmistificando\/wp-json\/wp\/v2\/comments?post=140"}],"version-history":[{"count":3,"href":"https:\/\/wp.ufpel.edu.br\/desmistificando\/wp-json\/wp\/v2\/pages\/140\/revisions"}],"predecessor-version":[{"id":215,"href":"https:\/\/wp.ufpel.edu.br\/desmistificando\/wp-json\/wp\/v2\/pages\/140\/revisions\/215"}],"wp:attachment":[{"href":"https:\/\/wp.ufpel.edu.br\/desmistificando\/wp-json\/wp\/v2\/media?parent=140"}],"curies":[{"name":"wp","href":"https:\/\/api.w.org\/{rel}","templated":true}]}}