{"id":131,"date":"2022-02-01T22:07:36","date_gmt":"2022-02-02T01:07:36","guid":{"rendered":"https:\/\/wp.ufpel.edu.br\/desmistificando\/?page_id=131"},"modified":"2022-02-01T22:07:36","modified_gmt":"2022-02-02T01:07:36","slug":"cic-congresso-de-iniciacao-cientifica","status":"publish","type":"page","link":"https:\/\/wp.ufpel.edu.br\/desmistificando\/cic-congresso-de-iniciacao-cientifica\/","title":{"rendered":"CIC &#8211; Congresso de Inicia\u00e7\u00e3o Cient\u00edfica"},"content":{"rendered":"","protected":false},"excerpt":{"rendered":"","protected":false},"author":1218,"featured_media":0,"parent":0,"menu_order":0,"comment_status":"closed","ping_status":"closed","template":"","meta":{"footnotes":""},"class_list":["post-131","page","type-page","status-publish","hentry"],"_links":{"self":[{"href":"https:\/\/wp.ufpel.edu.br\/desmistificando\/wp-json\/wp\/v2\/pages\/131","targetHints":{"allow":["GET"]}}],"collection":[{"href":"https:\/\/wp.ufpel.edu.br\/desmistificando\/wp-json\/wp\/v2\/pages"}],"about":[{"href":"https:\/\/wp.ufpel.edu.br\/desmistificando\/wp-json\/wp\/v2\/types\/page"}],"author":[{"embeddable":true,"href":"https:\/\/wp.ufpel.edu.br\/desmistificando\/wp-json\/wp\/v2\/users\/1218"}],"replies":[{"embeddable":true,"href":"https:\/\/wp.ufpel.edu.br\/desmistificando\/wp-json\/wp\/v2\/comments?post=131"}],"version-history":[{"count":1,"href":"https:\/\/wp.ufpel.edu.br\/desmistificando\/wp-json\/wp\/v2\/pages\/131\/revisions"}],"predecessor-version":[{"id":158,"href":"https:\/\/wp.ufpel.edu.br\/desmistificando\/wp-json\/wp\/v2\/pages\/131\/revisions\/158"}],"wp:attachment":[{"href":"https:\/\/wp.ufpel.edu.br\/desmistificando\/wp-json\/wp\/v2\/media?parent=131"}],"curies":[{"name":"wp","href":"https:\/\/api.w.org\/{rel}","templated":true}]}}