{"id":779,"date":"2022-04-28T21:12:22","date_gmt":"2022-04-29T00:12:22","guid":{"rendered":"https:\/\/wp.ufpel.edu.br\/deslocc\/?page_id=779"},"modified":"2022-04-28T21:12:22","modified_gmt":"2022-04-29T00:12:22","slug":"publicacoes-e-apresentacoes","status":"publish","type":"page","link":"https:\/\/wp.ufpel.edu.br\/deslocc\/publicacoes-e-apresentacoes\/","title":{"rendered":"Publica\u00e7\u00f5es e apresenta\u00e7\u00f5es"},"content":{"rendered":"","protected":false},"excerpt":{"rendered":"","protected":false},"author":1012,"featured_media":0,"parent":0,"menu_order":0,"comment_status":"closed","ping_status":"closed","template":"","meta":{"footnotes":""},"class_list":["post-779","page","type-page","status-publish","hentry","post"],"jetpack_sharing_enabled":true,"_links":{"self":[{"href":"https:\/\/wp.ufpel.edu.br\/deslocc\/wp-json\/wp\/v2\/pages\/779","targetHints":{"allow":["GET"]}}],"collection":[{"href":"https:\/\/wp.ufpel.edu.br\/deslocc\/wp-json\/wp\/v2\/pages"}],"about":[{"href":"https:\/\/wp.ufpel.edu.br\/deslocc\/wp-json\/wp\/v2\/types\/page"}],"author":[{"embeddable":true,"href":"https:\/\/wp.ufpel.edu.br\/deslocc\/wp-json\/wp\/v2\/users\/1012"}],"replies":[{"embeddable":true,"href":"https:\/\/wp.ufpel.edu.br\/deslocc\/wp-json\/wp\/v2\/comments?post=779"}],"version-history":[{"count":1,"href":"https:\/\/wp.ufpel.edu.br\/deslocc\/wp-json\/wp\/v2\/pages\/779\/revisions"}],"predecessor-version":[{"id":780,"href":"https:\/\/wp.ufpel.edu.br\/deslocc\/wp-json\/wp\/v2\/pages\/779\/revisions\/780"}],"wp:attachment":[{"href":"https:\/\/wp.ufpel.edu.br\/deslocc\/wp-json\/wp\/v2\/media?parent=779"}],"curies":[{"name":"wp","href":"https:\/\/api.w.org\/{rel}","templated":true}]}}